{"id":466,"date":"2024-06-11T16:27:43","date_gmt":"2024-06-11T14:27:43","guid":{"rendered":"https:\/\/calvi-aeroport.cci.corsica\/?page_id=466"},"modified":"2024-07-18T11:21:10","modified_gmt":"2024-07-18T09:21:10","slug":"developpement-durable","status":"publish","type":"page","link":"https:\/\/calvi-aeroport.cci.corsica\/en\/developpement-durable\/","title":{"rendered":"D\u00e9veloppement durable"},"content":{"rendered":"<div data-elementor-type=\"wp-page\" data-elementor-id=\"466\" class=\"elementor elementor-466\" data-elementor-post-type=\"page\">\n\t\t\t\t<div class=\"elementor-element elementor-element-5b16212e e-flex e-con-boxed e-con e-parent\" data-id=\"5b16212e\" data-element_type=\"container\">\n\t\t\t\t\t<div class=\"e-con-inner\">\n\t\t<div class=\"elementor-element elementor-element-70138cc0 e-con-full e-flex e-con e-child\" data-id=\"70138cc0\" data-element_type=\"container\">\n\t\t\t\t<div class=\"elementor-element elementor-element-95521d0 elementor-widget elementor-widget-heading\" data-id=\"95521d0\" data-element_type=\"widget\" data-widget_type=\"heading.default\">\n\t\t\t\t<div class=\"elementor-widget-container\">\n\t\t\t\t\t<h2 class=\"elementor-heading-title elementor-size-default\">AEROBIODIVERSITE <\/h2>\t\t\t\t<\/div>\n\t\t\t\t<\/div>\n\t\t\t\t<div class=\"elementor-element elementor-element-36f3cf3d elementor-widget__width-initial elementor-widget elementor-widget-text-editor\" data-id=\"36f3cf3d\" data-element_type=\"widget\" data-widget_type=\"text-editor.default\">\n\t\t\t\t<div class=\"elementor-widget-container\">\n\t\t\t\t\t\t\t\t\t<p>Avec une grande prairie propice \u00e0 l\u2019accueil de la biodiversit\u00e9, notre structure s\u2019engage \u00e0 favoriser la protection de la faune et de la flore tout en respectant les contraintes a\u00e9ronautiques et r\u00e9glementaires.<\/p><p>Depuis fin 2022, notre plateforme a adh\u00e9r\u00e9 \u00e0 l&rsquo;association A\u00e9roBiodiversit\u00e9 et nous avons int\u00e9gr\u00e9 une d\u00e9marche responsable qui consiste \u00e0 mieux comprendre la faune, la flore et leurs habitants sur l&rsquo;a\u00e9rodrome. Cette adh\u00e9sion d\u00e9montre l&rsquo;engagement de la part de la CCI de Corse ainsi que des \u00e9quipes a\u00e9roportuaires en mati\u00e8re de pr\u00e9servation de l&rsquo;environnement.\u00a0<\/p><p>En 2023, <strong>80<\/strong> esp\u00e8ces floristiques31, <strong><em>52<\/em><\/strong> esp\u00e8ces d\u2019oiseaux dont <b>24<\/b> esp\u00e8ces sont prot\u00e9g\u00e9es en France, \u00a0<strong>9<\/strong> esp\u00e8ces de chauve-souris et un li\u00e8vre d&rsquo;Europe.\u00a0<\/p><p>Au cours de l\u2019ann\u00e9e \u00e9coul\u00e9e (2023), l\u2019Association A\u00e9roBiodiversit\u00e9 a effectu\u00e9 3 visites de protocoles.\u00a0<\/p>\t\t\t\t\t\t\t\t<\/div>\n\t\t\t\t<\/div>\n\t\t\t\t<div class=\"elementor-element elementor-element-7cbbea0b elementor-widget elementor-widget-text-editor\" data-id=\"7cbbea0b\" data-element_type=\"widget\" data-widget_type=\"text-editor.default\">\n\t\t\t\t<div class=\"elementor-widget-container\">\n\t\t\t\t\t\t\t\t\t<p><strong>Fait marquant : Aucun produit phytosanitaire utilis\u00e9<\/strong><\/p>\t\t\t\t\t\t\t\t<\/div>\n\t\t\t\t<\/div>\n\t\t\t\t<\/div>\n\t\t<div class=\"elementor-element elementor-element-2c1cbdb2 e-con-full e-flex e-con e-child\" data-id=\"2c1cbdb2\" data-element_type=\"container\" data-settings=\"{&quot;background_background&quot;:&quot;classic&quot;}\">\n\t\t\t\t<\/div>\n\t\t\t\t\t<\/div>\n\t\t\t\t<\/div>\n\t\t<div class=\"elementor-element elementor-element-79c4d9c3 e-flex e-con-boxed e-con e-parent\" data-id=\"79c4d9c3\" data-element_type=\"container\">\n\t\t\t\t\t<div class=\"e-con-inner\">\n\t\t\t\t<div class=\"elementor-element elementor-element-3255f6d3 elementor-alert-info elementor-widget elementor-widget-alert\" data-id=\"3255f6d3\" data-element_type=\"widget\" data-widget_type=\"alert.default\">\n\t\t\t\t<div class=\"elementor-widget-container\">\n\t\t\t\t\t\t\t<div class=\"elementor-alert\" role=\"alert\">\n\n\t\t\t\n\t\t\t\t\t\t<span class=\"elementor-alert-description\">L\u2019Association A\u00e9ro Biodiversit\u00e9 a pour vocation d\u2019\u00e9valuer et valoriser la biodiversit\u00e9 des a\u00e9roports, d\u2019identifier les bonnes pratiques et de faire le lien entre les acteurs de l\u2019a\u00e9rien pour promouvoir une gestion des espaces plus naturelle et respectueuse de la biodiversit\u00e9, tout en prenant compte des contraintes d\u2019exploitation, en particulier celles li\u00e9es \u00e0 la s\u00e9curit\u00e9 a\u00e9rienne.<\/span>\n\t\t\t\n\t\t\t\t\t\t<button type=\"button\" class=\"elementor-alert-dismiss\" aria-label=\"Dismiss this alert.\">\n\t\t\t\t\t\t\t\t\t<span aria-hidden=\"true\">&times;<\/span>\n\t\t\t\t\t\t\t<\/button>\n\t\t\t\n\t\t<\/div>\n\t\t\t\t\t\t<\/div>\n\t\t\t\t<\/div>\n\t\t\t\t\t<\/div>\n\t\t\t\t<\/div>\n\t\t<div class=\"elementor-element elementor-element-5e2dec0 e-flex e-con-boxed e-con e-parent\" data-id=\"5e2dec0\" data-element_type=\"container\">\n\t\t\t\t\t<div class=\"e-con-inner\">\n\t\t<div class=\"elementor-element elementor-element-3e52c744 e-con-full e-flex e-con e-child\" data-id=\"3e52c744\" data-element_type=\"container\" data-settings=\"{&quot;background_background&quot;:&quot;classic&quot;}\">\n\t\t\t\t<\/div>\n\t\t<div class=\"elementor-element elementor-element-7e9b52d6 e-con-full e-flex e-con e-child\" data-id=\"7e9b52d6\" data-element_type=\"container\">\n\t\t\t\t<div class=\"elementor-element elementor-element-bb7f1e5 elementor-widget elementor-widget-heading\" data-id=\"bb7f1e5\" data-element_type=\"widget\" data-widget_type=\"heading.default\">\n\t\t\t\t<div class=\"elementor-widget-container\">\n\t\t\t\t\t<h2 class=\"elementor-heading-title elementor-size-default\">AIRPORT CARBON ACCREDITATION<\/h2>\t\t\t\t<\/div>\n\t\t\t\t<\/div>\n\t\t\t\t<div class=\"elementor-element elementor-element-27372e4 elementor-widget elementor-widget-text-editor\" data-id=\"27372e4\" data-element_type=\"widget\" data-widget_type=\"text-editor.default\">\n\t\t\t\t<div class=\"elementor-widget-container\">\n\t\t\t\t\t\t\t\t\t<p>L\u2019a\u00e9roport a entrepris une d\u00e9marche de r\u00e9duction de ses \u00e9missions de gaz \u00e0 effet de serre en int\u00e9grant le programme Airport Carbon Accreditation<\/p><p>Le programme Airport Carbon Accreditation (ACA) port\u00e9 par l\u2019ACI (Airport Council International) \u00e9value de mani\u00e8re ind\u00e9pendante, et reconnait les efforts entrepris par les a\u00e9roports pour g\u00e9rer et r\u00e9duire les \u00e9missions de carbone \u00e0 travers 7 niveaux de certification.\u00a0<\/p>\t\t\t\t\t\t\t\t<\/div>\n\t\t\t\t<\/div>\n\t\t\t\t<\/div>\n\t\t\t\t\t<\/div>\n\t\t\t\t<\/div>\n\t\t<div class=\"elementor-element elementor-element-4682a8b e-flex e-con-boxed e-con e-parent\" data-id=\"4682a8b\" data-element_type=\"container\">\n\t\t\t\t\t<div class=\"e-con-inner\">\n\t\t\t\t<div class=\"elementor-element elementor-element-56ba846 elementor-drop-cap-yes elementor-drop-cap-view-default elementor-widget elementor-widget-text-editor\" data-id=\"56ba846\" data-element_type=\"widget\" data-settings=\"{&quot;drop_cap&quot;:&quot;yes&quot;}\" data-widget_type=\"text-editor.default\">\n\t\t\t\t<div class=\"elementor-widget-container\">\n\t\t\t\t\t\t\t\t\t<p><strong><u>Qu&rsquo;est-ce que le programme Airport Carbon Accreditation ?<\/u><\/strong><\/p>\n<ul>\n<li>Programme global de certification institutionnellement reconnu, pour la gestion des \u00e9missions carbone des a\u00e9roports<\/li>\n<li>\u00c9value de mani\u00e8re ind\u00e9pendante, et reconna\u00eet les efforts entrepris par les a\u00e9roports pour g\u00e9rer et r\u00e9duire leurs \u00e9missions de carbone \u00e0 travers 4 niveaux de certification : Mapping, Reduction, Optimisation et Neutrality<\/li>\n<li>Permet aux a\u00e9roports d\u2019acc\u00e9der \u00e0 diff\u00e9rents niveaux de gestion des \u00e9missions carbone et de neutralit\u00e9 carbone adapt\u00e9 aux a\u00e9roports de toutes tailles<\/li>\n<\/ul>\t\t\t\t\t\t\t\t<\/div>\n\t\t\t\t<\/div>\n\t\t\t\t<div class=\"elementor-element elementor-element-7f81ce5a elementor-widget elementor-widget-text-editor\" data-id=\"7f81ce5a\" data-element_type=\"widget\" data-widget_type=\"text-editor.default\">\n\t\t\t\t<div class=\"elementor-widget-container\">\n\t\t\t\t\t\t\t\t\t<p><strong><u>Pourquoi s&rsquo;engager ?<\/u><\/strong><\/p>\n<p>Les a\u00e9roports insulaires g\u00e9r\u00e9s par la CCI, s\u2019engagent dans une d\u00e9marche de d\u00e9veloppement durable et de transition \u00e9cologique afin de pr\u00e9server le patrimoine environnemental de la r\u00e9gion. Il est donc important d\u2019adopter une d\u00e9marche \u00e0 long terme avec des objectifs principalement tourn\u00e9s vers l\u2019\u00e9valuation et la r\u00e9duction des \u00e9missions de gaz \u00e0 effet de serre.<\/p>\t\t\t\t\t\t\t\t<\/div>\n\t\t\t\t<\/div>\n\t\t\t\t<div class=\"elementor-element elementor-element-991f557 elementor-widget elementor-widget-text-editor\" data-id=\"991f557\" data-element_type=\"widget\" data-widget_type=\"text-editor.default\">\n\t\t\t\t<div class=\"elementor-widget-container\">\n\t\t\t\t\t\t\t\t\t<p><strong><u>La certification obtenue par l&rsquo;a\u00e9roport<\/u><\/strong><\/p>\n<p><strong>Niveau REDUCTION<\/strong>, en reconnaissance des actions men\u00e9es pour la r\u00e9duction des \u00e9missions de CO2<\/p>\t\t\t\t\t\t\t\t<\/div>\n\t\t\t\t<\/div>\n\t\t\t\t<div class=\"elementor-element elementor-element-37cfde06 elementor-align-center elementor-widget elementor-widget-button\" data-id=\"37cfde06\" data-element_type=\"widget\" data-widget_type=\"button.default\">\n\t\t\t\t<div class=\"elementor-widget-container\">\n\t\t\t\t\t\t\t\t\t<div class=\"elementor-button-wrapper\">\n\t\t\t\t\t<a class=\"elementor-button elementor-button-link elementor-size-sm\" href=\"http:\/\/calvi-aeroport.cci.corsica\/wp-content\/uploads\/sites\/4\/2024\/06\/lettre-d-engagement-aca-2-vdef-1.pdf\">\n\t\t\t\t\t\t<span class=\"elementor-button-content-wrapper\">\n\t\t\t\t\t\t\t\t\t<span class=\"elementor-button-text\">LA LETTRE D'ENGAGEMENT<\/span>\n\t\t\t\t\t<\/span>\n\t\t\t\t\t<\/a>\n\t\t\t\t<\/div>\n\t\t\t\t\t\t\t\t<\/div>\n\t\t\t\t<\/div>\n\t\t\t\t<div class=\"elementor-element elementor-element-44c4bd4 elementor-widget elementor-widget-image\" data-id=\"44c4bd4\" data-element_type=\"widget\" data-widget_type=\"image.default\">\n\t\t\t\t<div class=\"elementor-widget-container\">\n\t\t\t\t\t\t\t\t\t\t\t\t\t\t\t<img fetchpriority=\"high\" decoding=\"async\" width=\"800\" height=\"564\" src=\"https:\/\/calvi-aeroport.cci.corsica\/wp-content\/uploads\/sites\/4\/2024\/06\/accreditation-carbon-calvi-1024x722.png\" class=\"attachment-large size-large wp-image-703\" alt=\"Copie du certificat airport carbon accreditation\" srcset=\"https:\/\/calvi-aeroport.cci.corsica\/wp-content\/uploads\/sites\/4\/2024\/06\/accreditation-carbon-calvi-1024x722.png 1024w, https:\/\/calvi-aeroport.cci.corsica\/wp-content\/uploads\/sites\/4\/2024\/06\/accreditation-carbon-calvi-300x212.png 300w, https:\/\/calvi-aeroport.cci.corsica\/wp-content\/uploads\/sites\/4\/2024\/06\/accreditation-carbon-calvi-768x542.png 768w, https:\/\/calvi-aeroport.cci.corsica\/wp-content\/uploads\/sites\/4\/2024\/06\/accreditation-carbon-calvi-18x12.png 18w, https:\/\/calvi-aeroport.cci.corsica\/wp-content\/uploads\/sites\/4\/2024\/06\/accreditation-carbon-calvi.png 1106w\" sizes=\"(max-width: 800px) 100vw, 800px\" \/>\t\t\t\t\t\t\t\t\t\t\t\t\t\t\t<\/div>\n\t\t\t\t<\/div>\n\t\t\t\t\t<\/div>\n\t\t\t\t<\/div>\n\t\t\t\t<\/div>","protected":false},"excerpt":{"rendered":"<p>AEROBIODIVERSITE Avec une grande prairie propice \u00e0 l\u2019accueil de la biodiversit\u00e9, notre structure s\u2019engage \u00e0 favoriser la protection de la faune et de la flore tout en respectant les contraintes a\u00e9ronautiques et r\u00e9glementaires. Depuis fin 2022, notre plateforme a adh\u00e9r\u00e9 \u00e0 l&rsquo;association A\u00e9roBiodiversit\u00e9 et nous avons int\u00e9gr\u00e9 une d\u00e9marche responsable qui consiste \u00e0 mieux comprendre [&hellip;]<\/p>\n","protected":false},"author":4,"featured_media":0,"parent":0,"menu_order":0,"comment_status":"closed","ping_status":"closed","template":"","meta":{"_acf_changed":false,"_seopress_robots_primary_cat":"","_seopress_titles_title":"","_seopress_titles_desc":"","_seopress_robots_index":"","footnotes":""},"type-de-page":[6],"class_list":["post-466","page","type-page","status-publish","hentry","type-de-page-page-sans-image"],"acf":[],"_links":{"self":[{"href":"https:\/\/calvi-aeroport.cci.corsica\/en\/wp-json\/wp\/v2\/pages\/466","targetHints":{"allow":["GET"]}}],"collection":[{"href":"https:\/\/calvi-aeroport.cci.corsica\/en\/wp-json\/wp\/v2\/pages"}],"about":[{"href":"https:\/\/calvi-aeroport.cci.corsica\/en\/wp-json\/wp\/v2\/types\/page"}],"author":[{"embeddable":true,"href":"https:\/\/calvi-aeroport.cci.corsica\/en\/wp-json\/wp\/v2\/users\/4"}],"replies":[{"embeddable":true,"href":"https:\/\/calvi-aeroport.cci.corsica\/en\/wp-json\/wp\/v2\/comments?post=466"}],"version-history":[{"count":28,"href":"https:\/\/calvi-aeroport.cci.corsica\/en\/wp-json\/wp\/v2\/pages\/466\/revisions"}],"predecessor-version":[{"id":1917,"href":"https:\/\/calvi-aeroport.cci.corsica\/en\/wp-json\/wp\/v2\/pages\/466\/revisions\/1917"}],"wp:attachment":[{"href":"https:\/\/calvi-aeroport.cci.corsica\/en\/wp-json\/wp\/v2\/media?parent=466"}],"wp:term":[{"taxonomy":"type-de-page","embeddable":true,"href":"https:\/\/calvi-aeroport.cci.corsica\/en\/wp-json\/wp\/v2\/type-de-page?post=466"}],"curies":[{"name":"wp","href":"https:\/\/api.w.org\/{rel}","templated":true}]}}