{"id":453,"date":"2024-06-11T11:54:54","date_gmt":"2024-06-11T09:54:54","guid":{"rendered":"https:\/\/calvi-aeroport.cci.corsica\/?page_id=453"},"modified":"2024-07-18T10:47:05","modified_gmt":"2024-07-18T08:47:05","slug":"activites","status":"publish","type":"page","link":"https:\/\/calvi-aeroport.cci.corsica\/en\/activites\/","title":{"rendered":"Activit\u00e9s"},"content":{"rendered":"<div data-elementor-type=\"wp-post\" data-elementor-id=\"453\" class=\"elementor elementor-453\" data-elementor-post-type=\"page\">\n\t\t\t\t<div class=\"elementor-element elementor-element-4d4e43d e-flex e-con-boxed e-con e-parent\" data-id=\"4d4e43d\" data-element_type=\"container\">\n\t\t\t\t\t<div class=\"e-con-inner\">\n\t\t\t\t<div class=\"elementor-element elementor-element-57610bd elementor-widget elementor-widget-image\" data-id=\"57610bd\" data-element_type=\"widget\" data-widget_type=\"image.default\">\n\t\t\t\t<div class=\"elementor-widget-container\">\n\t\t\t\t\t\t\t\t\t\t\t\t\t\t\t<img fetchpriority=\"high\" decoding=\"async\" width=\"800\" height=\"450\" src=\"https:\/\/calvi-aeroport.cci.corsica\/wp-content\/uploads\/sites\/4\/2024\/06\/Design-sans-titre-1024x576.png\" class=\"attachment-large size-large wp-image-569\" alt=\"Vue a\u00e9rienne de l&#039;a\u00e9roport en temps estival\" srcset=\"https:\/\/calvi-aeroport.cci.corsica\/wp-content\/uploads\/sites\/4\/2024\/06\/Design-sans-titre-1024x576.png 1024w, https:\/\/calvi-aeroport.cci.corsica\/wp-content\/uploads\/sites\/4\/2024\/06\/Design-sans-titre-300x169.png 300w, https:\/\/calvi-aeroport.cci.corsica\/wp-content\/uploads\/sites\/4\/2024\/06\/Design-sans-titre-768x432.png 768w, https:\/\/calvi-aeroport.cci.corsica\/wp-content\/uploads\/sites\/4\/2024\/06\/Design-sans-titre-1536x864.png 1536w, https:\/\/calvi-aeroport.cci.corsica\/wp-content\/uploads\/sites\/4\/2024\/06\/Design-sans-titre-18x10.png 18w, https:\/\/calvi-aeroport.cci.corsica\/wp-content\/uploads\/sites\/4\/2024\/06\/Design-sans-titre.png 1920w\" sizes=\"(max-width: 800px) 100vw, 800px\" \/>\t\t\t\t\t\t\t\t\t\t\t\t\t\t\t<\/div>\n\t\t\t\t<\/div>\n\t\t\t\t<div class=\"elementor-element elementor-element-fc31ba8 elementor-widget elementor-widget-text-editor\" data-id=\"fc31ba8\" data-element_type=\"widget\" data-widget_type=\"text-editor.default\">\n\t\t\t\t<div class=\"elementor-widget-container\">\n\t\t\t\t\t\t\t\t\t<h3><strong>GESTION <\/strong><strong>INFRASTRUCTURES<\/strong><\/h3><p>Nous assurons l\u2019ensemble de la maintenance et le d\u00e9veloppement des infrastructures, pour garantir un service de qualit\u00e9 et efficient \u00e0 nos passagers et nos partenaires :<\/p><ul><li>Compagnies a\u00e9riennes;<\/li><li>Assistants au sol;<\/li><li>Entreprises implant\u00e9es sur la concession.<\/li><\/ul>\t\t\t\t\t\t\t\t<\/div>\n\t\t\t\t<\/div>\n\t\t\t\t\t<\/div>\n\t\t\t\t<\/div>\n\t\t<div class=\"elementor-element elementor-element-f54a697 e-flex e-con-boxed e-con e-parent\" data-id=\"f54a697\" data-element_type=\"container\">\n\t\t\t\t\t<div class=\"e-con-inner\">\n\t\t\t\t<div class=\"elementor-element elementor-element-7811105 elementor-widget__width-initial elementor-widget elementor-widget-text-editor\" data-id=\"7811105\" data-element_type=\"widget\" data-widget_type=\"text-editor.default\">\n\t\t\t\t<div class=\"elementor-widget-container\">\n\t\t\t\t\t\t\t\t\t<h3><strong>D\u00c9VELOPPEMENT LIGNES <br \/><\/strong><\/h3><p>Nos \u00e9quipes travaillent au d\u00e9veloppement du r\u00e9seau avec les compagnies et \u00e0 la connectivit\u00e9 de notre territoire. L\u2019objectif \u00e9tant d\u2019offrir \u00e0 nos passagers des connexions fiables entre la Corse, les principales m\u00e9tropoles r\u00e9gionales et les capitales europ\u00e9ennes.<\/p>\t\t\t\t\t\t\t\t<\/div>\n\t\t\t\t<\/div>\n\t\t\t\t<div class=\"elementor-element elementor-element-238c370 elementor-widget elementor-widget-image\" data-id=\"238c370\" data-element_type=\"widget\" data-widget_type=\"image.default\">\n\t\t\t\t<div class=\"elementor-widget-container\">\n\t\t\t\t\t\t\t\t\t\t\t\t\t\t\t<img decoding=\"async\" width=\"800\" height=\"450\" src=\"https:\/\/calvi-aeroport.cci.corsica\/wp-content\/uploads\/sites\/4\/2024\/06\/Design-sans-titre-1-1024x576.png\" class=\"attachment-large size-large wp-image-571\" alt=\"Avion sur le point de d\u00e9coller\" srcset=\"https:\/\/calvi-aeroport.cci.corsica\/wp-content\/uploads\/sites\/4\/2024\/06\/Design-sans-titre-1-1024x576.png 1024w, https:\/\/calvi-aeroport.cci.corsica\/wp-content\/uploads\/sites\/4\/2024\/06\/Design-sans-titre-1-300x169.png 300w, https:\/\/calvi-aeroport.cci.corsica\/wp-content\/uploads\/sites\/4\/2024\/06\/Design-sans-titre-1-768x432.png 768w, https:\/\/calvi-aeroport.cci.corsica\/wp-content\/uploads\/sites\/4\/2024\/06\/Design-sans-titre-1-1536x864.png 1536w, https:\/\/calvi-aeroport.cci.corsica\/wp-content\/uploads\/sites\/4\/2024\/06\/Design-sans-titre-1-18x10.png 18w, https:\/\/calvi-aeroport.cci.corsica\/wp-content\/uploads\/sites\/4\/2024\/06\/Design-sans-titre-1.png 1920w\" sizes=\"(max-width: 800px) 100vw, 800px\" \/>\t\t\t\t\t\t\t\t\t\t\t\t\t\t\t<\/div>\n\t\t\t\t<\/div>\n\t\t\t\t\t<\/div>\n\t\t\t\t<\/div>\n\t\t<div class=\"elementor-element elementor-element-d3ffeb6 e-flex e-con-boxed e-con e-parent\" data-id=\"d3ffeb6\" data-element_type=\"container\">\n\t\t\t\t\t<div class=\"e-con-inner\">\n\t\t\t\t<div class=\"elementor-element elementor-element-aea7978 elementor-widget elementor-widget-image\" data-id=\"aea7978\" data-element_type=\"widget\" data-widget_type=\"image.default\">\n\t\t\t\t<div class=\"elementor-widget-container\">\n\t\t\t\t\t\t\t\t\t\t\t\t\t\t\t<img decoding=\"async\" width=\"800\" height=\"450\" src=\"https:\/\/calvi-aeroport.cci.corsica\/wp-content\/uploads\/sites\/4\/2024\/06\/Design-sans-titre-2-1024x576.png\" class=\"attachment-large size-large wp-image-572\" alt=\"Les voyageurs attendant leurs bagages devant le tapis\" srcset=\"https:\/\/calvi-aeroport.cci.corsica\/wp-content\/uploads\/sites\/4\/2024\/06\/Design-sans-titre-2-1024x576.png 1024w, https:\/\/calvi-aeroport.cci.corsica\/wp-content\/uploads\/sites\/4\/2024\/06\/Design-sans-titre-2-300x169.png 300w, https:\/\/calvi-aeroport.cci.corsica\/wp-content\/uploads\/sites\/4\/2024\/06\/Design-sans-titre-2-768x432.png 768w, https:\/\/calvi-aeroport.cci.corsica\/wp-content\/uploads\/sites\/4\/2024\/06\/Design-sans-titre-2-1536x864.png 1536w, https:\/\/calvi-aeroport.cci.corsica\/wp-content\/uploads\/sites\/4\/2024\/06\/Design-sans-titre-2-18x10.png 18w, https:\/\/calvi-aeroport.cci.corsica\/wp-content\/uploads\/sites\/4\/2024\/06\/Design-sans-titre-2.png 1920w\" sizes=\"(max-width: 800px) 100vw, 800px\" \/>\t\t\t\t\t\t\t\t\t\t\t\t\t\t\t<\/div>\n\t\t\t\t<\/div>\n\t\t\t\t<div class=\"elementor-element elementor-element-22e6f5a elementor-widget elementor-widget-text-editor\" data-id=\"22e6f5a\" data-element_type=\"widget\" data-widget_type=\"text-editor.default\">\n\t\t\t\t<div class=\"elementor-widget-container\">\n\t\t\t\t\t\t\t\t\t<h3>\u00a0D\u00c9VELOPPEMENT INFRASTRUCTURES<\/h3><p>La modernisation de notre plateforme est au c\u0153ur de nos pr\u00e9occupations, c\u2019est pourquoi nous r\u00e9alisons des travaux importants qui redessineront une nouvelle image \u00e0 notre structure tout en conjuguant performances environnementales, et, en contribuant \u00e0 une industrie a\u00e9ronautique plus propre et plus durable<\/p><p>\u00a0<\/p>\t\t\t\t\t\t\t\t<\/div>\n\t\t\t\t<\/div>\n\t\t\t\t\t<\/div>\n\t\t\t\t<\/div>\n\t\t<div class=\"elementor-element elementor-element-1404367 e-flex e-con-boxed e-con e-parent\" data-id=\"1404367\" data-element_type=\"container\">\n\t\t\t\t\t<div class=\"e-con-inner\">\n\t\t\t\t<div class=\"elementor-element elementor-element-a02ce24 elementor-widget__width-initial elementor-widget elementor-widget-text-editor\" data-id=\"a02ce24\" data-element_type=\"widget\" data-widget_type=\"text-editor.default\">\n\t\t\t\t<div class=\"elementor-widget-container\">\n\t\t\t\t\t\t\t\t\t<h3><strong>QUALIT\u00c9 DE SERVICE ET EXP\u00c9RIENCE PASSAGERS\u00a0<\/strong><\/h3><p>Nos \u00e9quipes travaillent au quotidien pour proposer une qualit\u00e9 de service au plus proche des attentes des passagers.<\/p>\t\t\t\t\t\t\t\t<\/div>\n\t\t\t\t<\/div>\n\t\t\t\t<div class=\"elementor-element elementor-element-eeee113 elementor-widget elementor-widget-image\" data-id=\"eeee113\" data-element_type=\"widget\" data-widget_type=\"image.default\">\n\t\t\t\t<div class=\"elementor-widget-container\">\n\t\t\t\t\t\t\t\t\t\t\t\t\t\t\t<img loading=\"lazy\" decoding=\"async\" width=\"800\" height=\"450\" src=\"https:\/\/calvi-aeroport.cci.corsica\/wp-content\/uploads\/sites\/4\/2024\/06\/Design-sans-titre-3-1024x576.png\" class=\"attachment-large size-large wp-image-573\" alt=\"Photo montrant le panneau sortie dans l&#039;a\u00e9rogare bond\u00e9e de monde\" srcset=\"https:\/\/calvi-aeroport.cci.corsica\/wp-content\/uploads\/sites\/4\/2024\/06\/Design-sans-titre-3-1024x576.png 1024w, https:\/\/calvi-aeroport.cci.corsica\/wp-content\/uploads\/sites\/4\/2024\/06\/Design-sans-titre-3-300x169.png 300w, https:\/\/calvi-aeroport.cci.corsica\/wp-content\/uploads\/sites\/4\/2024\/06\/Design-sans-titre-3-768x432.png 768w, https:\/\/calvi-aeroport.cci.corsica\/wp-content\/uploads\/sites\/4\/2024\/06\/Design-sans-titre-3-1536x864.png 1536w, https:\/\/calvi-aeroport.cci.corsica\/wp-content\/uploads\/sites\/4\/2024\/06\/Design-sans-titre-3-18x10.png 18w, https:\/\/calvi-aeroport.cci.corsica\/wp-content\/uploads\/sites\/4\/2024\/06\/Design-sans-titre-3.png 1920w\" sizes=\"(max-width: 800px) 100vw, 800px\" \/>\t\t\t\t\t\t\t\t\t\t\t\t\t\t\t<\/div>\n\t\t\t\t<\/div>\n\t\t\t\t\t<\/div>\n\t\t\t\t<\/div>\n\t\t\t\t<\/div>","protected":false},"excerpt":{"rendered":"<p>GESTION INFRASTRUCTURES Nous assurons l\u2019ensemble de la maintenance et le d\u00e9veloppement des infrastructures, pour garantir un service de qualit\u00e9 et efficient \u00e0 nos passagers et nos partenaires : Compagnies a\u00e9riennes; Assistants au sol; Entreprises implant\u00e9es sur la concession. D\u00c9VELOPPEMENT LIGNES Nos \u00e9quipes travaillent au d\u00e9veloppement du r\u00e9seau avec les compagnies et \u00e0 la connectivit\u00e9 de [&hellip;]<\/p>\n","protected":false},"author":4,"featured_media":0,"parent":0,"menu_order":0,"comment_status":"closed","ping_status":"closed","template":"","meta":{"_acf_changed":false,"_seopress_robots_primary_cat":"","_seopress_titles_title":"","_seopress_titles_desc":"","_seopress_robots_index":"","footnotes":""},"type-de-page":[6],"class_list":["post-453","page","type-page","status-publish","hentry","type-de-page-page-sans-image"],"acf":[],"_links":{"self":[{"href":"https:\/\/calvi-aeroport.cci.corsica\/en\/wp-json\/wp\/v2\/pages\/453","targetHints":{"allow":["GET"]}}],"collection":[{"href":"https:\/\/calvi-aeroport.cci.corsica\/en\/wp-json\/wp\/v2\/pages"}],"about":[{"href":"https:\/\/calvi-aeroport.cci.corsica\/en\/wp-json\/wp\/v2\/types\/page"}],"author":[{"embeddable":true,"href":"https:\/\/calvi-aeroport.cci.corsica\/en\/wp-json\/wp\/v2\/users\/4"}],"replies":[{"embeddable":true,"href":"https:\/\/calvi-aeroport.cci.corsica\/en\/wp-json\/wp\/v2\/comments?post=453"}],"version-history":[{"count":22,"href":"https:\/\/calvi-aeroport.cci.corsica\/en\/wp-json\/wp\/v2\/pages\/453\/revisions"}],"predecessor-version":[{"id":1809,"href":"https:\/\/calvi-aeroport.cci.corsica\/en\/wp-json\/wp\/v2\/pages\/453\/revisions\/1809"}],"wp:attachment":[{"href":"https:\/\/calvi-aeroport.cci.corsica\/en\/wp-json\/wp\/v2\/media?parent=453"}],"wp:term":[{"taxonomy":"type-de-page","embeddable":true,"href":"https:\/\/calvi-aeroport.cci.corsica\/en\/wp-json\/wp\/v2\/type-de-page?post=453"}],"curies":[{"name":"wp","href":"https:\/\/api.w.org\/{rel}","templated":true}]}}