{"id":419,"date":"2024-06-10T23:53:29","date_gmt":"2024-06-10T21:53:29","guid":{"rendered":"https:\/\/calvi-aeroport.cci.corsica\/?page_id=419"},"modified":"2026-04-10T14:54:49","modified_gmt":"2026-04-10T12:54:49","slug":"bagages-et-objets-perdus","status":"publish","type":"page","link":"https:\/\/calvi-aeroport.cci.corsica\/en\/bagages-et-objets-perdus\/","title":{"rendered":"Bagages et objets perdus"},"content":{"rendered":"<div data-elementor-type=\"wp-page\" data-elementor-id=\"419\" class=\"elementor elementor-419\" data-elementor-post-type=\"page\">\n\t\t\t\t<div class=\"elementor-element elementor-element-d7044a7 e-flex e-con-boxed e-con e-parent\" data-id=\"d7044a7\" data-element_type=\"container\">\n\t\t\t\t\t<div class=\"e-con-inner\">\n\t\t<div class=\"elementor-element elementor-element-240d76c e-con-full e-flex e-con e-child\" data-id=\"240d76c\" data-element_type=\"container\">\n\t\t\t\t<div class=\"elementor-element elementor-element-f97036b elementor-view-default elementor-widget elementor-widget-icon\" data-id=\"f97036b\" data-element_type=\"widget\" data-widget_type=\"icon.default\">\n\t\t\t\t<div class=\"elementor-widget-container\">\n\t\t\t\t\t\t\t<div class=\"elementor-icon-wrapper\">\n\t\t\t<div class=\"elementor-icon\">\n\t\t\t<svg aria-hidden=\"true\" class=\"e-font-icon-svg e-fas-luggage-cart\" viewbox=\"0 0 640 512\" xmlns=\"http:\/\/www.w3.org\/2000\/svg\"><path d=\"M224 320h32V96h-32c-17.67 0-32 14.33-32 32v160c0 17.67 14.33 32 32 32zm352-32V128c0-17.67-14.33-32-32-32h-32v224h32c17.67 0 32-14.33 32-32zm48 96H128V16c0-8.84-7.16-16-16-16H16C7.16 0 0 7.16 0 16v32c0 8.84 7.16 16 16 16h48v368c0 8.84 7.16 16 16 16h82.94c-1.79 5.03-2.94 10.36-2.94 16 0 26.51 21.49 48 48 48s48-21.49 48-48c0-5.64-1.15-10.97-2.94-16h197.88c-1.79 5.03-2.94 10.36-2.94 16 0 26.51 21.49 48 48 48s48-21.49 48-48c0-5.64-1.15-10.97-2.94-16H624c8.84 0 16-7.16 16-16v-32c0-8.84-7.16-16-16-16zM480 96V48c0-26.51-21.49-48-48-48h-96c-26.51 0-48 21.49-48 48v272h192V96zm-48 0h-96V48h96v48z\"><\/path><\/svg>\t\t\t<\/div>\n\t\t<\/div>\n\t\t\t\t\t\t<\/div>\n\t\t\t\t<\/div>\n\t\t\t\t<div class=\"elementor-element elementor-element-5341c44 elementor-widget elementor-widget-heading\" data-id=\"5341c44\" data-element_type=\"widget\" data-widget_type=\"heading.default\">\n\t\t\t\t<div class=\"elementor-widget-container\">\n\t\t\t\t\t<h2 class=\"elementor-heading-title elementor-size-default\">Bagages perdus<\/h2>\t\t\t\t<\/div>\n\t\t\t\t<\/div>\n\t\t\t\t<\/div>\n\t\t\t\t<div class=\"elementor-element elementor-element-7f8b941 elementor-widget elementor-widget-text-editor\" data-id=\"7f8b941\" data-element_type=\"widget\" data-widget_type=\"text-editor.default\">\n\t\t\t\t<div class=\"elementor-widget-container\">\n\t\t\t\t\t\t\t\t\t<p>En cas de perte de bagages, vous devez vous adresser :<\/p><ul><li>Soit la compagnie a\u00e9rienne assurant votre voyage;<\/li><li>Soit la soci\u00e9t\u00e9 charg\u00e9e de l\u2019assistance au sol de la compagnie a\u00e9rienne.<\/li><\/ul><p>\u00a0<\/p><p>Pour toutes les compagnies op\u00e9rant \u00e0 l\u2019a\u00e9roport de Calvi et les compagnies a\u00e9riennes affr\u00e9t\u00e9es par le Tour Op\u00e9rateur Organisateur de votre voyage :\u00a0<\/p>\t\t\t\t\t\t\t\t<\/div>\n\t\t\t\t<\/div>\n\t\t\t\t<div class=\"elementor-element elementor-element-2777104 elementor-icon-list--layout-traditional elementor-list-item-link-full_width elementor-widget elementor-widget-icon-list\" data-id=\"2777104\" data-element_type=\"widget\" data-widget_type=\"icon-list.default\">\n\t\t\t\t<div class=\"elementor-widget-container\">\n\t\t\t\t\t\t\t<ul class=\"elementor-icon-list-items\">\n\t\t\t\t\t\t\t<li class=\"elementor-icon-list-item\">\n\t\t\t\t\t\t\t\t\t\t\t<span class=\"elementor-icon-list-icon\">\n\t\t\t\t\t\t\t<svg aria-hidden=\"true\" class=\"e-font-icon-svg e-fas-phone-square-alt\" viewbox=\"0 0 448 512\" xmlns=\"http:\/\/www.w3.org\/2000\/svg\"><path d=\"M400 32H48A48 48 0 0 0 0 80v352a48 48 0 0 0 48 48h352a48 48 0 0 0 48-48V80a48 48 0 0 0-48-48zm-16.39 307.37l-15 65A15 15 0 0 1 354 416C194 416 64 286.29 64 126a15.7 15.7 0 0 1 11.63-14.61l65-15A18.23 18.23 0 0 1 144 96a16.27 16.27 0 0 1 13.79 9.09l30 70A17.9 17.9 0 0 1 189 181a17 17 0 0 1-5.5 11.61l-37.89 31a231.91 231.91 0 0 0 110.78 110.78l31-37.89A17 17 0 0 1 299 291a17.85 17.85 0 0 1 5.91 1.21l70 30A16.25 16.25 0 0 1 384 336a17.41 17.41 0 0 1-.39 3.37z\"><\/path><\/svg>\t\t\t\t\t\t<\/span>\n\t\t\t\t\t\t\t\t\t\t<span class=\"elementor-icon-list-text\">+33 (0)4 95 65 88 00<\/span>\n\t\t\t\t\t\t\t\t\t<\/li>\n\t\t\t\t\t\t<\/ul>\n\t\t\t\t\t\t<\/div>\n\t\t\t\t<\/div>\n\t\t\t\t<div class=\"elementor-element elementor-element-ea042c8 elementor-alert-info elementor-widget elementor-widget-alert\" data-id=\"ea042c8\" data-element_type=\"widget\" data-widget_type=\"alert.default\">\n\t\t\t\t<div class=\"elementor-widget-container\">\n\t\t\t\t\t\t\t<div class=\"elementor-alert\" role=\"alert\">\n\n\t\t\t\t\t\t<span class=\"elementor-alert-title\">IMPORTANT : <\/span>\n\t\t\t\n\t\t\t\t\t\t<span class=\"elementor-alert-description\">Il est indispensable pour tout r\u00e8glement de pr\u00e9senter le talon du billet et le re\u00e7u de l\u2019\u00e9tiquette bagage remis lors de l\u2019enregistrement.<\/span>\n\t\t\t\n\t\t\t\t\t\t<button type=\"button\" class=\"elementor-alert-dismiss\" aria-label=\"Dismiss this alert.\">\n\t\t\t\t\t\t\t\t\t<span aria-hidden=\"true\">&times;<\/span>\n\t\t\t\t\t\t\t<\/button>\n\t\t\t\n\t\t<\/div>\n\t\t\t\t\t\t<\/div>\n\t\t\t\t<\/div>\n\t\t\t\t<div class=\"elementor-element elementor-element-94a4665 elementor-widget-divider--view-line elementor-widget elementor-widget-divider\" data-id=\"94a4665\" data-element_type=\"widget\" data-widget_type=\"divider.default\">\n\t\t\t\t<div class=\"elementor-widget-container\">\n\t\t\t\t\t\t\t<div class=\"elementor-divider\">\n\t\t\t<span class=\"elementor-divider-separator\">\n\t\t\t\t\t\t<\/span>\n\t\t<\/div>\n\t\t\t\t\t\t<\/div>\n\t\t\t\t<\/div>\n\t\t\t\t\t<\/div>\n\t\t\t\t<\/div>\n\t\t<div class=\"elementor-element elementor-element-8991eb7 e-con-full e-flex e-con e-parent\" data-id=\"8991eb7\" data-element_type=\"container\">\n\t\t<div class=\"elementor-element elementor-element-a7f79bd e-con-full e-flex e-con e-child\" data-id=\"a7f79bd\" data-element_type=\"container\">\n\t\t\t\t<div class=\"elementor-element elementor-element-57bc82d elementor-view-default elementor-widget elementor-widget-icon\" data-id=\"57bc82d\" data-element_type=\"widget\" data-widget_type=\"icon.default\">\n\t\t\t\t<div class=\"elementor-widget-container\">\n\t\t\t\t\t\t\t<div class=\"elementor-icon-wrapper\">\n\t\t\t<div class=\"elementor-icon\">\n\t\t\t<svg aria-hidden=\"true\" class=\"e-font-icon-svg e-fas-vest\" viewbox=\"0 0 448 512\" xmlns=\"http:\/\/www.w3.org\/2000\/svg\"><path d=\"M437.252,239.877,384,160V32A32,32,0,0,0,352,0H320a24.021,24.021,0,0,0-13.312,4.031l-25,16.672a103.794,103.794,0,0,1-115.376,0l-25-16.672A24.021,24.021,0,0,0,128,0H96A32,32,0,0,0,64,32V160L10.748,239.877A64,64,0,0,0,0,275.377V480a32,32,0,0,0,32,32H192V288a31.987,31.987,0,0,1,1.643-10.119L207.135,237.4,150.188,66.564A151.518,151.518,0,0,0,224,86.234a151.55,151.55,0,0,0,73.812-19.672L224,288V512H416a32,32,0,0,0,32-32V275.377A64,64,0,0,0,437.252,239.877ZM131.312,371.312l-48,48a16,16,0,0,1-22.624-22.624l48-48a16,16,0,0,1,22.624,22.624Zm256,48a15.992,15.992,0,0,1-22.624,0l-48-48a16,16,0,0,1,22.624-22.624l48,48A15.993,15.993,0,0,1,387.312,419.312Z\"><\/path><\/svg>\t\t\t<\/div>\n\t\t<\/div>\n\t\t\t\t\t\t<\/div>\n\t\t\t\t<\/div>\n\t\t\t\t<div class=\"elementor-element elementor-element-f96b966 elementor-widget elementor-widget-heading\" data-id=\"f96b966\" data-element_type=\"widget\" data-widget_type=\"heading.default\">\n\t\t\t\t<div class=\"elementor-widget-container\">\n\t\t\t\t\t<h2 class=\"elementor-heading-title elementor-size-default\">Objets perdus<\/h2>\t\t\t\t<\/div>\n\t\t\t\t<\/div>\n\t\t\t\t<\/div>\n\t\t\t\t<div class=\"elementor-element elementor-element-f8fafab elementor-widget elementor-widget-text-editor\" data-id=\"f8fafab\" data-element_type=\"widget\" data-widget_type=\"text-editor.default\">\n\t\t\t\t<div class=\"elementor-widget-container\">\n\t\t\t\t\t\t\t\t\t<div class=\"elementor-element elementor-element-15f31b0 elementor-widget elementor-widget-text-editor\" data-id=\"15f31b0\" data-element_type=\"widget\" data-widget_type=\"text-editor.default\"><div class=\"elementor-widget-container\"><p data-start=\"159\" data-end=\"326\">Parce qu\u2019un oubli peut arriver \u00e0 tout moment, nous mettons \u00e0 votre disposition un service en ligne simple, rapide et enti\u00e8rement s\u00e9curis\u00e9 pour faciliter vos d\u00e9marches.<\/p><p data-start=\"328\" data-end=\"420\">Gr\u00e2ce \u00e0 notre plateforme d\u00e9di\u00e9e, vous pouvez effectuer votre d\u00e9claration en quelques clics :<\/p><ul data-start=\"422\" data-end=\"673\"><li data-start=\"422\" data-end=\"477\"><p data-start=\"424\" data-end=\"477\"><strong data-start=\"424\" data-end=\"475\">D\u00e9posez gratuitement votre d\u00e9claration en ligne : <a href=\"https:\/\/calviaeroport.franceobjetstrouves.fr\">https:\/\/calviaeroport.franceobjetstrouves.fr\u00a0<\/a><\/strong><\/p><\/li><li data-start=\"478\" data-end=\"546\"><p data-start=\"480\" data-end=\"546\"><strong data-start=\"480\" data-end=\"544\">Des correspondances automatiques sont effectu\u00e9es chaque jour<\/strong><\/p><\/li><li data-start=\"547\" data-end=\"607\"><p data-start=\"549\" data-end=\"607\"><strong data-start=\"549\" data-end=\"605\">Recevez une alerte d\u00e8s que votre objet est identifi\u00e9<\/strong><\/p><\/li><li data-start=\"608\" data-end=\"673\"><p data-start=\"610\" data-end=\"673\"><strong data-start=\"610\" data-end=\"673\">Suivez les instructions pour le r\u00e9cup\u00e9rer en toute s\u00e9r\u00e9nit\u00e9<\/strong><\/p><\/li><\/ul><p data-start=\"819\" data-end=\"928\">Ce dispositif permet un suivi optimis\u00e9, des recherches plus efficaces et un traitement acc\u00e9l\u00e9r\u00e9 des demandes.<\/p><\/div><\/div>\t\t\t\t\t\t\t\t<\/div>\n\t\t\t\t<\/div>\n\t\t\t\t<div class=\"elementor-element elementor-element-8b5aa1a elementor-alert-info elementor-widget elementor-widget-alert\" data-id=\"8b5aa1a\" data-element_type=\"widget\" data-widget_type=\"alert.default\">\n\t\t\t\t<div class=\"elementor-widget-container\">\n\t\t\t\t\t\t\t<div class=\"elementor-alert\" role=\"alert\">\n\n\t\t\t\t\t\t<span class=\"elementor-alert-title\">IMPORTANT : <\/span>\n\t\t\t\n\t\t\t\t\t\t<span class=\"elementor-alert-description\">Toutes les d\u00e9clarations d\u2019objets perdus s\u2019effectuent d\u00e9sormais exclusivement via le formulaire en ligne.<\/span>\n\t\t\t\n\t\t\t\t\t\t<button type=\"button\" class=\"elementor-alert-dismiss\" aria-label=\"Dismiss this alert.\">\n\t\t\t\t\t\t\t\t\t<span aria-hidden=\"true\">&times;<\/span>\n\t\t\t\t\t\t\t<\/button>\n\t\t\t\n\t\t<\/div>\n\t\t\t\t\t\t<\/div>\n\t\t\t\t<\/div>\n\t\t\t\t<\/div>\n\t\t\t\t<\/div>","protected":false},"excerpt":{"rendered":"<p>Bagages perdus En cas de perte de bagages, vous devez vous adresser : Soit la compagnie a\u00e9rienne assurant votre voyage; Soit la soci\u00e9t\u00e9 charg\u00e9e de l\u2019assistance au sol de la compagnie a\u00e9rienne. \u00a0 Pour toutes les compagnies op\u00e9rant \u00e0 l\u2019a\u00e9roport de Calvi et les compagnies a\u00e9riennes affr\u00e9t\u00e9es par le Tour Op\u00e9rateur Organisateur de votre voyage [&hellip;]<\/p>\n","protected":false},"author":4,"featured_media":422,"parent":0,"menu_order":0,"comment_status":"closed","ping_status":"closed","template":"","meta":{"_acf_changed":false,"_seopress_robots_primary_cat":"","_seopress_titles_title":"","_seopress_titles_desc":"","_seopress_robots_index":"","footnotes":""},"type-de-page":[5],"class_list":["post-419","page","type-page","status-publish","has-post-thumbnail","hentry","type-de-page-page-avec-image"],"acf":[],"_links":{"self":[{"href":"https:\/\/calvi-aeroport.cci.corsica\/en\/wp-json\/wp\/v2\/pages\/419","targetHints":{"allow":["GET"]}}],"collection":[{"href":"https:\/\/calvi-aeroport.cci.corsica\/en\/wp-json\/wp\/v2\/pages"}],"about":[{"href":"https:\/\/calvi-aeroport.cci.corsica\/en\/wp-json\/wp\/v2\/types\/page"}],"author":[{"embeddable":true,"href":"https:\/\/calvi-aeroport.cci.corsica\/en\/wp-json\/wp\/v2\/users\/4"}],"replies":[{"embeddable":true,"href":"https:\/\/calvi-aeroport.cci.corsica\/en\/wp-json\/wp\/v2\/comments?post=419"}],"version-history":[{"count":25,"href":"https:\/\/calvi-aeroport.cci.corsica\/en\/wp-json\/wp\/v2\/pages\/419\/revisions"}],"predecessor-version":[{"id":2554,"href":"https:\/\/calvi-aeroport.cci.corsica\/en\/wp-json\/wp\/v2\/pages\/419\/revisions\/2554"}],"wp:featuredmedia":[{"embeddable":true,"href":"https:\/\/calvi-aeroport.cci.corsica\/en\/wp-json\/wp\/v2\/media\/422"}],"wp:attachment":[{"href":"https:\/\/calvi-aeroport.cci.corsica\/en\/wp-json\/wp\/v2\/media?parent=419"}],"wp:term":[{"taxonomy":"type-de-page","embeddable":true,"href":"https:\/\/calvi-aeroport.cci.corsica\/en\/wp-json\/wp\/v2\/type-de-page?post=419"}],"curies":[{"name":"wp","href":"https:\/\/api.w.org\/{rel}","templated":true}]}}