{"id":405,"date":"2024-06-10T23:34:37","date_gmt":"2024-06-10T21:34:37","guid":{"rendered":"https:\/\/calvi-aeroport.cci.corsica\/?page_id=405"},"modified":"2024-07-18T11:12:02","modified_gmt":"2024-07-18T09:12:02","slug":"enregistrement","status":"publish","type":"page","link":"https:\/\/calvi-aeroport.cci.corsica\/en\/enregistrement\/","title":{"rendered":"Enregistrement"},"content":{"rendered":"<div data-elementor-type=\"wp-page\" data-elementor-id=\"405\" class=\"elementor elementor-405\" data-elementor-post-type=\"page\">\n\t\t\t\t<div class=\"elementor-element elementor-element-82f42c1 e-flex e-con-boxed e-con e-parent\" data-id=\"82f42c1\" data-element_type=\"container\">\n\t\t\t\t\t<div class=\"e-con-inner\">\n\t\t\t\t<div class=\"elementor-element elementor-element-c1fc067 elementor-widget elementor-widget-text-editor\" data-id=\"c1fc067\" data-element_type=\"widget\" data-widget_type=\"text-editor.default\">\n\t\t\t\t<div class=\"elementor-widget-container\">\n\t\t\t\t\t\t\t\t\t<div class=\"AdpBlock\"><p>Parmi les \u00e9tapes indispensables avant de vous envoler au d\u00e9part de notre a\u00e9roport :<b> l\u2019enregistrement de votre vol et de vos bagages<\/b>, sans quoi vous ne pourrez acc\u00e9der \u00e0 la zone d&#8217;embarquement et monter dans l&rsquo;avion. <b><br \/><\/b><\/p><\/div><p>Si vous ne vous \u00eates pas enregistr\u00e9 en ligne ou si vous avez des bagages de soute \u00e0 d\u00e9poser, pr\u00e9sentez-vous aux comptoirs d\u2019enregistrement de votre vol.\u00a0<\/p><p>Les heures limite d\u2019enregistrement vous sont pr\u00e9cis\u00e9es par votre compagnie a\u00e9rienne ; nous vous conseillons toutefois de vous pr\u00e9senter en a\u00e9rogare entre 1h30 et 2h avant le d\u00e9part de votre vol.<\/p>\t\t\t\t\t\t\t\t<\/div>\n\t\t\t\t<\/div>\n\t\t\t\t<div class=\"elementor-element elementor-element-90bb9c8 e-n-tabs-mobile elementor-widget elementor-widget-n-tabs\" data-id=\"90bb9c8\" data-element_type=\"widget\" data-settings=\"{&quot;horizontal_scroll&quot;:&quot;disable&quot;}\" data-widget_type=\"nested-tabs.default\">\n\t\t\t\t<div class=\"elementor-widget-container\">\n\t\t\t\t\t\t\t<div class=\"e-n-tabs\" data-widget-number=\"151763400\" aria-label=\"Tabs. Open items with Enter or Space, close with Escape and navigate using the Arrow keys.\">\n\t\t\t<div class=\"e-n-tabs-heading\" role=\"tablist\">\n\t\t\t\t\t<button id=\"e-n-tab-title-1517634001\" class=\"e-n-tab-title\" aria-selected=\"true\" data-tab-index=\"1\" role=\"tab\" tabindex=\"0\" aria-controls=\"e-n-tab-content-1517634001\" style=\"--n-tabs-title-order: 1;\">\n\t\t\t\t\t\t<span class=\"e-n-tab-title-text\">\n\t\t\t\tAux bornes libre-service\t\t\t<\/span>\n\t\t<\/button>\n\t\t\t\t<button id=\"e-n-tab-title-1517634002\" class=\"e-n-tab-title\" aria-selected=\"false\" data-tab-index=\"2\" role=\"tab\" tabindex=\"-1\" aria-controls=\"e-n-tab-content-1517634002\" style=\"--n-tabs-title-order: 2;\">\n\t\t\t\t\t\t<span class=\"e-n-tab-title-text\">\n\t\t\t\tAu comptoir d'enregistrement\t\t\t<\/span>\n\t\t<\/button>\n\t\t\t\t\t<\/div>\n\t\t\t<div class=\"e-n-tabs-content\">\n\t\t\t\t<div id=\"e-n-tab-content-1517634001\" role=\"tabpanel\" aria-labelledby=\"e-n-tab-title-1517634001\" data-tab-index=\"1\" style=\"--n-tabs-title-order: 1;\" class=\"e-active elementor-element elementor-element-df42ecc e-con-full e-flex e-con e-child\" data-id=\"df42ecc\" data-element_type=\"container\">\n\t\t\t\t<div class=\"elementor-element elementor-element-616407b elementor-widget elementor-widget-text-editor\" data-id=\"616407b\" data-element_type=\"widget\" data-widget_type=\"text-editor.default\">\n\t\t\t\t<div class=\"elementor-widget-container\">\n\t\t\t\t\t\t\t\t\t<div class=\"AdpBlock\"><div class=\"contentSub col-8\">Gagnez du temps en vous enregistrant \u00e0 une borne libre-service. Cela a plusieurs avantages : simplicit\u00e9 et rapidit\u00e9, vous pouvez vous enregistrer \u00e0 partir de 5h avant le d\u00e9collage : vous imprimez votre carte d\u2019embarquement d\u00e9mat\u00e9rialis\u00e9e et, si besoin, votre \u00e9tiquette de bagage. Il vous suffit ensuite de d\u00e9poser vos bagages en soute \u00e0 un comptoir d\u00e9di\u00e9.<\/div><div>\u00a0<\/div><p><strong>QUELQUES INFORMATIONS SUPPLEMENTAIRES :<\/strong><\/p><div><ul><li>La borne automatique proc\u00e8de \u00e0 l&rsquo;impression de votre carte d&#8217;embarquement.<\/li><li>Si vous n&rsquo;avez pas de bagages de soute, rendez-vous directement \u00e0 la porte d&#8217;embarquement.<\/li><li>Si vous avez des bagages de soute, imprimez votre \u00e9tiquette bagage et pr\u00e9sentez-vous au comptoir d&rsquo;enregistrement de votre vol.<\/li><\/ul><p>\u00a0<\/p><p><strong>A noter que ce service est r\u00e9serv\u00e9 aux passagers\u00a0 :<\/strong><\/p><ul><li>Qui sont en possession d&rsquo;un billet \u00e9lectronique<\/li><li>Qui ne sont pas accompagn\u00e9s de b\u00e9b\u00e9<\/li><li>Qui n&rsquo;ont pas de particularit\u00e9 de voyage (enfant voyageant seul, animaux, assistance \u00e0 mobilit\u00e9 r\u00e9duite&#8230;)<\/li><\/ul><\/div><\/div>\t\t\t\t\t\t\t\t<\/div>\n\t\t\t\t<\/div>\n\t\t\t\t<div class=\"elementor-element elementor-element-9a7e4d4 elementor-alert-info elementor-widget elementor-widget-alert\" data-id=\"9a7e4d4\" data-element_type=\"widget\" data-widget_type=\"alert.default\">\n\t\t\t\t<div class=\"elementor-widget-container\">\n\t\t\t\t\t\t\t<div class=\"elementor-alert\" role=\"alert\">\n\n\t\t\t\t\t\t<span class=\"elementor-alert-title\">A savoir : <\/span>\n\t\t\t\n\t\t\t\t\t\t<span class=\"elementor-alert-description\">Seule la compagnie Air France mets \u00e0 disposition des bornes en libre-service au sein de notre a\u00e9rogare.<\/span>\n\t\t\t\n\t\t\t\t\t\t<button type=\"button\" class=\"elementor-alert-dismiss\" aria-label=\"Dismiss this alert.\">\n\t\t\t\t\t\t\t\t\t<span aria-hidden=\"true\">&times;<\/span>\n\t\t\t\t\t\t\t<\/button>\n\t\t\t\n\t\t<\/div>\n\t\t\t\t\t\t<\/div>\n\t\t\t\t<\/div>\n\t\t\t\t<\/div>\n\t\t<div id=\"e-n-tab-content-1517634002\" role=\"tabpanel\" aria-labelledby=\"e-n-tab-title-1517634002\" data-tab-index=\"2\" style=\"--n-tabs-title-order: 2;\" class=\"elementor-element elementor-element-d56c8d4 e-con-full e-flex e-con e-child\" data-id=\"d56c8d4\" data-element_type=\"container\">\n\t\t<div class=\"elementor-element elementor-element-5ecf49f e-flex e-con-boxed e-con e-child\" data-id=\"5ecf49f\" data-element_type=\"container\">\n\t\t\t\t\t<div class=\"e-con-inner\">\n\t\t\t\t<div class=\"elementor-element elementor-element-e06fa7d elementor-widget elementor-widget-text-editor\" data-id=\"e06fa7d\" data-element_type=\"widget\" data-widget_type=\"text-editor.default\">\n\t\t\t\t<div class=\"elementor-widget-container\">\n\t\t\t\t\t\t\t\t\t<div><p>Vous enregistrer \u00e0 l\u2019a\u00e9roport le jour de votre vol, c\u2019est possible jusqu\u2019\u00e0 l\u2019heure de l&rsquo;heure limite d\u2019enregistrement.<\/p><p><strong>Cette derni\u00e8re peut varier d&rsquo;une compagnie \u00e0 une autre. Nous vous conseillons de v\u00e9rifier les informations figurant sur votre billet d&rsquo;avion.\u00a0<\/strong><\/p><ul><li>En vous rendant directement au comptoir, vous d\u00e9posez vos bagages en m\u00eame temps que vous vous enregistrez.<\/li><li>Si vous vous \u00eates enregistr\u00e9 en ligne au pr\u00e9alable et avez des bagages de soute \u00e0 d\u00e9poser, vous devrez obligatoirement passer par le comptoir d&rsquo;enregistrement de votre vol.<\/li><\/ul><\/div><div><p>\u00a0<\/p><p>Il est conseill\u00e9 de se pr\u00e9senter \u00e0 l&rsquo;enregistrement\u00a0<strong>entre 1h00 <\/strong><strong>et 2h <\/strong><strong>avant le d\u00e9part de votre vol.<\/strong><\/p><\/div><div class=\"contentSub col-8\">\u00a0<\/div>\t\t\t\t\t\t\t\t<\/div>\n\t\t\t\t<\/div>\n\t\t\t\t\t<\/div>\n\t\t\t\t<\/div>\n\t\t\t\t<\/div>\n\t\t\t\t\t<\/div>\n\t\t<\/div>\n\t\t\t\t\t\t<\/div>\n\t\t\t\t<\/div>\n\t\t\t\t\t<\/div>\n\t\t\t\t<\/div>\n\t\t\t\t<\/div>","protected":false},"excerpt":{"rendered":"<p>Parmi les \u00e9tapes indispensables avant de vous envoler au d\u00e9part de notre a\u00e9roport : l\u2019enregistrement de votre vol et de vos bagages, sans quoi vous ne pourrez acc\u00e9der \u00e0 la zone d&#8217;embarquement et monter dans l&rsquo;avion. Si vous ne vous \u00eates pas enregistr\u00e9 en ligne ou si vous avez des bagages de soute \u00e0 d\u00e9poser, [&hellip;]<\/p>\n","protected":false},"author":4,"featured_media":0,"parent":0,"menu_order":0,"comment_status":"closed","ping_status":"closed","template":"","meta":{"_acf_changed":false,"_seopress_robots_primary_cat":"","_seopress_titles_title":"","_seopress_titles_desc":"","_seopress_robots_index":"","footnotes":""},"type-de-page":[6],"class_list":["post-405","page","type-page","status-publish","hentry","type-de-page-page-sans-image"],"acf":[],"_links":{"self":[{"href":"https:\/\/calvi-aeroport.cci.corsica\/en\/wp-json\/wp\/v2\/pages\/405","targetHints":{"allow":["GET"]}}],"collection":[{"href":"https:\/\/calvi-aeroport.cci.corsica\/en\/wp-json\/wp\/v2\/pages"}],"about":[{"href":"https:\/\/calvi-aeroport.cci.corsica\/en\/wp-json\/wp\/v2\/types\/page"}],"author":[{"embeddable":true,"href":"https:\/\/calvi-aeroport.cci.corsica\/en\/wp-json\/wp\/v2\/users\/4"}],"replies":[{"embeddable":true,"href":"https:\/\/calvi-aeroport.cci.corsica\/en\/wp-json\/wp\/v2\/comments?post=405"}],"version-history":[{"count":13,"href":"https:\/\/calvi-aeroport.cci.corsica\/en\/wp-json\/wp\/v2\/pages\/405\/revisions"}],"predecessor-version":[{"id":1880,"href":"https:\/\/calvi-aeroport.cci.corsica\/en\/wp-json\/wp\/v2\/pages\/405\/revisions\/1880"}],"wp:attachment":[{"href":"https:\/\/calvi-aeroport.cci.corsica\/en\/wp-json\/wp\/v2\/media?parent=405"}],"wp:term":[{"taxonomy":"type-de-page","embeddable":true,"href":"https:\/\/calvi-aeroport.cci.corsica\/en\/wp-json\/wp\/v2\/type-de-page?post=405"}],"curies":[{"name":"wp","href":"https:\/\/api.w.org\/{rel}","templated":true}]}}