{"id":377,"date":"2024-06-10T23:05:55","date_gmt":"2024-06-10T21:05:55","guid":{"rendered":"https:\/\/calvi-aeroport.cci.corsica\/?page_id=377"},"modified":"2024-07-18T11:15:26","modified_gmt":"2024-07-18T09:15:26","slug":"enfants-voyageant-seuls","status":"publish","type":"page","link":"https:\/\/calvi-aeroport.cci.corsica\/en\/enfants-voyageant-seuls\/","title":{"rendered":"Enfants voyageant seuls"},"content":{"rendered":"<div data-elementor-type=\"wp-page\" data-elementor-id=\"377\" class=\"elementor elementor-377\" data-elementor-post-type=\"page\">\n\t\t\t\t<div class=\"elementor-element elementor-element-9e68a9f e-flex e-con-boxed e-con e-parent\" data-id=\"9e68a9f\" data-element_type=\"container\">\n\t\t\t\t\t<div class=\"e-con-inner\">\n\t\t\t\t<div class=\"elementor-element elementor-element-b659bdd elementor-widget elementor-widget-text-editor\" data-id=\"b659bdd\" data-element_type=\"widget\" data-widget_type=\"text-editor.default\">\n\t\t\t\t<div class=\"elementor-widget-container\">\n\t\t\t\t\t\t\t\t\t<p>Pour les enfants voyageant seuls, le personnel de votre compagnie a\u00e9rienne prend en charge leur passage dans notre a\u00e9rogare : il accompagne votre enfant et veille \u00e0 sa s\u00e9curit\u00e9 tout au long de son voyage.<\/p><p>\u00a0<\/p><p><strong>Sur de nombreuses compagnies<\/strong>, \u00e0 partir de 4 ans et jusqu\u2019\u00e0 la veille de leurs douze ans, les enfants peuvent voyager seuls, en qualit\u00e9 de passagers UM (Unaccompanied minor).<\/p>\t\t\t\t\t\t\t\t<\/div>\n\t\t\t\t<\/div>\n\t\t\t\t<div class=\"elementor-element elementor-element-ab7fc29 elementor-alert-info elementor-widget elementor-widget-alert\" data-id=\"ab7fc29\" data-element_type=\"widget\" data-widget_type=\"alert.default\">\n\t\t\t\t<div class=\"elementor-widget-container\">\n\t\t\t\t\t\t\t<div class=\"elementor-alert\" role=\"alert\">\n\n\t\t\t\t\t\t<span class=\"elementor-alert-title\">Attention : <\/span>\n\t\t\t\n\t\t\t\t\t\t<span class=\"elementor-alert-description\">Toutes les compagnies a\u00e9riennes au d\u00e9part de Calvi ne proposent pas le service UM, nous vous invitons \u00e0 vous rapprocher de la compagnie op\u00e9rant le vol afin de connaitre les modalit\u00e9s.<\/span>\n\t\t\t\n\t\t\t\t\t\t<button type=\"button\" class=\"elementor-alert-dismiss\" aria-label=\"Dismiss this alert.\">\n\t\t\t\t\t\t\t\t\t<span aria-hidden=\"true\">&times;<\/span>\n\t\t\t\t\t\t\t<\/button>\n\t\t\t\n\t\t<\/div>\n\t\t\t\t\t\t<\/div>\n\t\t\t\t<\/div>\n\t\t\t\t<div class=\"elementor-element elementor-element-a831230 elementor-widget elementor-widget-text-editor\" data-id=\"a831230\" data-element_type=\"widget\" data-widget_type=\"text-editor.default\">\n\t\t\t\t<div class=\"elementor-widget-container\">\n\t\t\t\t\t\t\t\t\t<p><strong>A partir de 4 ans<\/strong><\/p><p>Les enfants de 4 \u00e0 11 ans inclus seront automatiquement pris en charge par ce service, \u00e0 condition que la compagnie propose cette option.<\/p><p><strong>Au del\u00e0 de 12 ans :<\/strong><\/p><p>Pour les enfants de plus de 12 ans voyageant seuls, les\u00a0 compagnies n\u2019assurent plus ce service.<\/p>\t\t\t\t\t\t\t\t<\/div>\n\t\t\t\t<\/div>\n\t\t\t\t<div class=\"elementor-element elementor-element-957e976 elementor-widget-divider--view-line elementor-widget elementor-widget-divider\" data-id=\"957e976\" data-element_type=\"widget\" data-widget_type=\"divider.default\">\n\t\t\t\t<div class=\"elementor-widget-container\">\n\t\t\t\t\t\t\t<div class=\"elementor-divider\">\n\t\t\t<span class=\"elementor-divider-separator\">\n\t\t\t\t\t\t<\/span>\n\t\t<\/div>\n\t\t\t\t\t\t<\/div>\n\t\t\t\t<\/div>\n\t\t\t\t<div class=\"elementor-element elementor-element-0e9ee5a elementor-widget elementor-widget-text-editor\" data-id=\"0e9ee5a\" data-element_type=\"widget\" data-widget_type=\"text-editor.default\">\n\t\t\t\t<div class=\"elementor-widget-container\">\n\t\t\t\t\t\t\t\t\t<h3><strong>Le parcours de votre enfant lors de son voyage :<\/strong><\/h3>\t\t\t\t\t\t\t\t<\/div>\n\t\t\t\t<\/div>\n\t\t\t\t<div class=\"elementor-element elementor-element-6a4ee3e elementor-widget elementor-widget-n-accordion\" data-id=\"6a4ee3e\" data-element_type=\"widget\" data-settings=\"{&quot;default_state&quot;:&quot;expanded&quot;,&quot;max_items_expended&quot;:&quot;one&quot;,&quot;n_accordion_animation_duration&quot;:{&quot;unit&quot;:&quot;ms&quot;,&quot;size&quot;:400,&quot;sizes&quot;:[]}}\" data-widget_type=\"nested-accordion.default\">\n\t\t\t\t<div class=\"elementor-widget-container\">\n\t\t\t\t\t\t\t<div class=\"e-n-accordion\" aria-label=\"Accordion. Open links with Enter or Space, close with Escape, and navigate with Arrow Keys\">\n\t\t\t\t\t\t<details id=\"e-n-accordion-item-1110\" class=\"e-n-accordion-item\" open>\n\t\t\t\t<summary class=\"e-n-accordion-item-title\" data-accordion-index=\"1\" tabindex=\"0\" aria-expanded=\"true\" aria-controls=\"e-n-accordion-item-1110\" >\n\t\t\t\t\t<span class='e-n-accordion-item-title-header'><div class=\"e-n-accordion-item-title-text\"> La r\u00e9servation <\/div><\/span>\n\t\t\t\t\t\t\t<span class='e-n-accordion-item-title-icon'>\n\t\t\t<span class='e-opened' ><svg aria-hidden=\"true\" class=\"e-font-icon-svg e-fas-minus\" viewbox=\"0 0 448 512\" xmlns=\"http:\/\/www.w3.org\/2000\/svg\"><path d=\"M416 208H32c-17.67 0-32 14.33-32 32v32c0 17.67 14.33 32 32 32h384c17.67 0 32-14.33 32-32v-32c0-17.67-14.33-32-32-32z\"><\/path><\/svg><\/span>\n\t\t\t<span class='e-closed'><svg aria-hidden=\"true\" class=\"e-font-icon-svg e-fas-plus\" viewbox=\"0 0 448 512\" xmlns=\"http:\/\/www.w3.org\/2000\/svg\"><path d=\"M416 208H272V64c0-17.67-14.33-32-32-32h-32c-17.67 0-32 14.33-32 32v144H32c-17.67 0-32 14.33-32 32v32c0 17.67 14.33 32 32 32h144v144c0 17.67 14.33 32 32 32h32c17.67 0 32-14.33 32-32V304h144c17.67 0 32-14.33 32-32v-32c0-17.67-14.33-32-32-32z\"><\/path><\/svg><\/span>\n\t\t<\/span>\n\n\t\t\t\t\t\t<\/summary>\n\t\t\t\t<div role=\"region\" aria-labelledby=\"e-n-accordion-item-1110\" class=\"elementor-element elementor-element-49c4a25 e-con-full e-flex e-con e-child\" data-id=\"49c4a25\" data-element_type=\"container\">\n\t\t\t\t<div class=\"elementor-element elementor-element-ae2f951 elementor-widget elementor-widget-text-editor\" data-id=\"ae2f951\" data-element_type=\"widget\" data-widget_type=\"text-editor.default\">\n\t\t\t\t<div class=\"elementor-widget-container\">\n\t\t\t\t\t\t\t\t\t<p>Lors de la r\u00e9servation du billet,\u00a0<strong>vous devrez signaler que votre enfant voyage non-accompagn\u00e9<\/strong>. La compagnie devra, par la suite, vous confirmer la prise en charge de votre demande. <\/p><p>Conseil : Pensez \u00e0 r\u00e9server le plus t\u00f4t possible le service UM car le nombre de places sur ce service peut \u00eatre limit\u00e9. <\/p>\t\t\t\t\t\t\t\t<\/div>\n\t\t\t\t<\/div>\n\t\t\t\t<\/div>\n\t\t\t\t\t<\/details>\n\t\t\t\t\t\t<details id=\"e-n-accordion-item-1111\" class=\"e-n-accordion-item\" >\n\t\t\t\t<summary class=\"e-n-accordion-item-title\" data-accordion-index=\"2\" tabindex=\"-1\" aria-expanded=\"false\" aria-controls=\"e-n-accordion-item-1111\" >\n\t\t\t\t\t<span class='e-n-accordion-item-title-header'><div class=\"e-n-accordion-item-title-text\"> Les documents de voyage <\/div><\/span>\n\t\t\t\t\t\t\t<span class='e-n-accordion-item-title-icon'>\n\t\t\t<span class='e-opened' ><svg aria-hidden=\"true\" class=\"e-font-icon-svg e-fas-minus\" viewbox=\"0 0 448 512\" xmlns=\"http:\/\/www.w3.org\/2000\/svg\"><path d=\"M416 208H32c-17.67 0-32 14.33-32 32v32c0 17.67 14.33 32 32 32h384c17.67 0 32-14.33 32-32v-32c0-17.67-14.33-32-32-32z\"><\/path><\/svg><\/span>\n\t\t\t<span class='e-closed'><svg aria-hidden=\"true\" class=\"e-font-icon-svg e-fas-plus\" viewbox=\"0 0 448 512\" xmlns=\"http:\/\/www.w3.org\/2000\/svg\"><path d=\"M416 208H272V64c0-17.67-14.33-32-32-32h-32c-17.67 0-32 14.33-32 32v144H32c-17.67 0-32 14.33-32 32v32c0 17.67 14.33 32 32 32h144v144c0 17.67 14.33 32 32 32h32c17.67 0 32-14.33 32-32V304h144c17.67 0 32-14.33 32-32v-32c0-17.67-14.33-32-32-32z\"><\/path><\/svg><\/span>\n\t\t<\/span>\n\n\t\t\t\t\t\t<\/summary>\n\t\t\t\t<div role=\"region\" aria-labelledby=\"e-n-accordion-item-1111\" class=\"elementor-element elementor-element-9999c2f e-con-full e-flex e-con e-child\" data-id=\"9999c2f\" data-element_type=\"container\">\n\t\t\t\t<div class=\"elementor-element elementor-element-c3b431e elementor-widget elementor-widget-text-editor\" data-id=\"c3b431e\" data-element_type=\"widget\" data-widget_type=\"text-editor.default\">\n\t\t\t\t<div class=\"elementor-widget-container\">\n\t\t\t\t\t\t\t\t\t<p>V\u00e9rifiez avant le d\u00e9part de votre enfant les formalit\u00e9s d&rsquo;entr\u00e9e et de s\u00e9jour requises pour son voyage.<\/p><p>Tout enfant qui voyage sans \u00eatre accompagn\u00e9 de l&rsquo;un de ses parents <strong>doit pr\u00e9senter obligatoirement les 3 documents suivants<\/strong> :<\/p><ul><li><strong>Pi\u00e8ce d\u2019identit\u00e9<\/strong> du mineur en cours de validit\u00e9 : carte d&rsquo;identit\u00e9 ou passeport ; <\/li><li><strong>\u00a0L&rsquo;autorisation parentale<\/strong> sign\u00e9 par l&rsquo;un des parents titulaires de l&rsquo;autorit\u00e9 parentale ; <\/li><li><strong>Une fiche d\u2019identification <\/strong>avec les informations concernant la personne en charge de r\u00e9ceptionner l&rsquo;enfant \u00e0 son arriv\u00e9e. La personne devra avoir une pi\u00e8ce d&rsquo;identit\u00e9 sur elle. <strong><br \/><\/strong><\/li><\/ul>\t\t\t\t\t\t\t\t<\/div>\n\t\t\t\t<\/div>\n\t\t\t\t<\/div>\n\t\t\t\t\t<\/details>\n\t\t\t\t\t\t<details id=\"e-n-accordion-item-1112\" class=\"e-n-accordion-item\" >\n\t\t\t\t<summary class=\"e-n-accordion-item-title\" data-accordion-index=\"3\" tabindex=\"-1\" aria-expanded=\"false\" aria-controls=\"e-n-accordion-item-1112\" >\n\t\t\t\t\t<span class='e-n-accordion-item-title-header'><div class=\"e-n-accordion-item-title-text\"> A l'a\u00e9roport de d\u00e9part  <\/div><\/span>\n\t\t\t\t\t\t\t<span class='e-n-accordion-item-title-icon'>\n\t\t\t<span class='e-opened' ><svg aria-hidden=\"true\" class=\"e-font-icon-svg e-fas-minus\" viewbox=\"0 0 448 512\" xmlns=\"http:\/\/www.w3.org\/2000\/svg\"><path d=\"M416 208H32c-17.67 0-32 14.33-32 32v32c0 17.67 14.33 32 32 32h384c17.67 0 32-14.33 32-32v-32c0-17.67-14.33-32-32-32z\"><\/path><\/svg><\/span>\n\t\t\t<span class='e-closed'><svg aria-hidden=\"true\" class=\"e-font-icon-svg e-fas-plus\" viewbox=\"0 0 448 512\" xmlns=\"http:\/\/www.w3.org\/2000\/svg\"><path d=\"M416 208H272V64c0-17.67-14.33-32-32-32h-32c-17.67 0-32 14.33-32 32v144H32c-17.67 0-32 14.33-32 32v32c0 17.67 14.33 32 32 32h144v144c0 17.67 14.33 32 32 32h32c17.67 0 32-14.33 32-32V304h144c17.67 0 32-14.33 32-32v-32c0-17.67-14.33-32-32-32z\"><\/path><\/svg><\/span>\n\t\t<\/span>\n\n\t\t\t\t\t\t<\/summary>\n\t\t\t\t<div role=\"region\" aria-labelledby=\"e-n-accordion-item-1112\" class=\"elementor-element elementor-element-c9022f2 e-con-full e-flex e-con e-child\" data-id=\"c9022f2\" data-element_type=\"container\">\n\t\t\t\t<div class=\"elementor-element elementor-element-babbfb6 elementor-widget elementor-widget-text-editor\" data-id=\"babbfb6\" data-element_type=\"widget\" data-widget_type=\"text-editor.default\">\n\t\t\t\t<div class=\"elementor-widget-container\">\n\t\t\t\t\t\t\t\t\t<p>Les UM doivent \u00eatre <strong>pr\u00e9sents \u00e0 l&rsquo;a\u00e9roport au moins 2h<\/strong> <strong>avant le d\u00e9part du vol <\/strong>(se rapprocher de votre compagnie a\u00e9rienne afin de connaitre les modalit\u00e9s mises en place.)<strong><br \/><\/strong><\/p><p>\u00c0 l\u2019a\u00e9roport, lors de l&rsquo;enregistrement de l\u2019enfant, il lui sera remis une<strong>\u00a0pochette sp\u00e9ciale UM<\/strong>\u00a0qu\u2019il devra conserver durant le voyage.\u00a0Elle contiendra :<\/p><ul><li>Son <strong>billet d\u2019avion<\/strong> ;<\/li><li>Ses <strong>papiers d\u2019identit\u00e9<\/strong>\u00a0 ;<\/li><li>L&rsquo;<strong>autorisation parentale<\/strong> ;<\/li><li>La <strong>fiche d\u2019identification<\/strong> o\u00f9 seront mentionn\u00e9es les coordonn\u00e9es de la personne charg\u00e9e de l\u2019accueillir \u00e0 l\u2019a\u00e9roport d\u2019arriv\u00e9e. Il est imp\u00e9ratif pour cette personne d\u2019\u00eatre en possession <strong>d\u2019une pi\u00e8ce d\u2019identit\u00e9<\/strong> pour accueillir l\u2019enfant \u00e0 son arriv\u00e9e.<\/li><\/ul><p>\u00a0<\/p><p>Au comptoir d&rsquo;enregistrement, il vous sera pr\u00e9cis\u00e9 l&rsquo;heure et le lieu de prise en charge de votre enfant. \u00c0 l&rsquo;heure pr\u00e9vue, un membre du personnel l&rsquo;accompagnera jusqu&rsquo;\u00e0 l&rsquo;avion.<\/p><p>Conseil : Enregistrer en soute tout bagage que votre enfant ne serait pas en mesure de transporter lui-m\u00eame.<\/p>\t\t\t\t\t\t\t\t<\/div>\n\t\t\t\t<\/div>\n\t\t\t\t<\/div>\n\t\t\t\t\t<\/details>\n\t\t\t\t\t\t<details id=\"e-n-accordion-item-1113\" class=\"e-n-accordion-item\" >\n\t\t\t\t<summary class=\"e-n-accordion-item-title\" data-accordion-index=\"4\" tabindex=\"-1\" aria-expanded=\"false\" aria-controls=\"e-n-accordion-item-1113\" >\n\t\t\t\t\t<span class='e-n-accordion-item-title-header'><div class=\"e-n-accordion-item-title-text\"> A l'a\u00e9roport d'arriv\u00e9e <\/div><\/span>\n\t\t\t\t\t\t\t<span class='e-n-accordion-item-title-icon'>\n\t\t\t<span class='e-opened' ><svg aria-hidden=\"true\" class=\"e-font-icon-svg e-fas-minus\" viewbox=\"0 0 448 512\" xmlns=\"http:\/\/www.w3.org\/2000\/svg\"><path d=\"M416 208H32c-17.67 0-32 14.33-32 32v32c0 17.67 14.33 32 32 32h384c17.67 0 32-14.33 32-32v-32c0-17.67-14.33-32-32-32z\"><\/path><\/svg><\/span>\n\t\t\t<span class='e-closed'><svg aria-hidden=\"true\" class=\"e-font-icon-svg e-fas-plus\" viewbox=\"0 0 448 512\" xmlns=\"http:\/\/www.w3.org\/2000\/svg\"><path d=\"M416 208H272V64c0-17.67-14.33-32-32-32h-32c-17.67 0-32 14.33-32 32v144H32c-17.67 0-32 14.33-32 32v32c0 17.67 14.33 32 32 32h144v144c0 17.67 14.33 32 32 32h32c17.67 0 32-14.33 32-32V304h144c17.67 0 32-14.33 32-32v-32c0-17.67-14.33-32-32-32z\"><\/path><\/svg><\/span>\n\t\t<\/span>\n\n\t\t\t\t\t\t<\/summary>\n\t\t\t\t<div role=\"region\" aria-labelledby=\"e-n-accordion-item-1113\" class=\"elementor-element elementor-element-75ee6e0 e-con-full e-flex e-con e-child\" data-id=\"75ee6e0\" data-element_type=\"container\">\n\t\t\t\t<div class=\"elementor-element elementor-element-9b1d6aa elementor-widget elementor-widget-text-editor\" data-id=\"9b1d6aa\" data-element_type=\"widget\" data-widget_type=\"text-editor.default\">\n\t\t\t\t<div class=\"elementor-widget-container\">\n\t\t\t\t\t\t\t\t\t<div id=\"faq_6889\" hidden=\"until-found\" data-cy=\"detail\"><div class=\"Faq-detail RichText\"><div id=\"faq_6889\" hidden=\"until-found\" data-cy=\"detail\"><div class=\"Faq-detail RichText\"><p>\u00c0 l&rsquo;arriv\u00e9e, <strong>votre enfant d\u00e9barque en dernier.<\/strong><\/p><p>Un membre du personnel naviguant l&rsquo;accompagne dans la zone d&rsquo;arriv\u00e9e, jusqu&rsquo;\u00e0 la personne d\u00e9sign\u00e9e pour l&rsquo;accueillir. Cette derni\u00e8re doit imp\u00e9rativement <strong>pr\u00e9senter une pi\u00e8ce d&rsquo;identit\u00e9<\/strong> avec sa photographie.<\/p><p><em><strong>Note : <\/strong>Selon l&rsquo;infrastructure de l&rsquo;a\u00e9roport d&rsquo;arriv\u00e9e, l&rsquo;enfant aura d\u00e9j\u00e0 r\u00e9cup\u00e9r\u00e9 son bagage ou le r\u00e9cup\u00e9rera avec son attendant.<\/em><\/p><\/div><\/div><p>\u00c0 l&rsquo;arriv\u00e9e, <strong>votre enfant d\u00e9barque en dernier.<\/strong><\/p><p>Un membre du personnel naviguant l&rsquo;accompagne dans la zone d&rsquo;arriv\u00e9e, jusqu&rsquo;\u00e0 la personne d\u00e9sign\u00e9e pour l&rsquo;accueillir. Cette derni\u00e8re doit imp\u00e9rativement <strong>pr\u00e9senter une pi\u00e8ce d&rsquo;identit\u00e9<\/strong> avec sa photographie.<\/p><p><em><strong>Note : <\/strong>Selon l&rsquo;infrastructure de l&rsquo;a\u00e9roport d&rsquo;arriv\u00e9e, l&rsquo;enfant aura d\u00e9j\u00e0 r\u00e9cup\u00e9r\u00e9 son bagage ou le r\u00e9cup\u00e9rera avec son attendant.<\/em><\/p><\/div><\/div>\t\t\t\t\t\t\t\t<\/div>\n\t\t\t\t<\/div>\n\t\t\t\t<div class=\"elementor-element elementor-element-34423bb elementor-widget elementor-widget-text-editor\" data-id=\"34423bb\" data-element_type=\"widget\" data-widget_type=\"text-editor.default\">\n\t\t\t\t<div class=\"elementor-widget-container\">\n\t\t\t\t\t\t\t\t\t<p>\u00c0 son arriv\u00e9e \u00e0 destination, <strong>votre enfant d\u00e9barque en dernier.<\/strong><\/p><p>Un membre du personnel naviguant l&rsquo;accompagne dans la zone d&rsquo;arriv\u00e9e, jusqu&rsquo;\u00e0 la personne d\u00e9sign\u00e9e pour l&rsquo;accueillir. <\/p><p><strong>A savoir: <\/strong>Selon l&rsquo;infrastructure de l&rsquo;a\u00e9roport d&rsquo;arriv\u00e9e, l&rsquo;enfant aura d\u00e9j\u00e0 r\u00e9cup\u00e9r\u00e9 son bagage ou le r\u00e9cup\u00e9rera avec son attendant.<\/p><div id=\"faq_6889\" hidden=\"until-found\" data-cy=\"detail\"><div class=\"Faq-detail RichText\"><p>\u00c0 l&rsquo;arriv\u00e9e, <strong>votre enfant d\u00e9barque en dernier.<\/strong><\/p><p>Un membre du personnel naviguant l&rsquo;accompagne dans la zone d&rsquo;arriv\u00e9e, jusqu&rsquo;\u00e0 la personne d\u00e9sign\u00e9e pour l&rsquo;accueillir. Cette derni\u00e8re doit imp\u00e9rativement <strong>pr\u00e9senter une pi\u00e8ce d&rsquo;identit\u00e9<\/strong> avec sa photographie.<\/p><p><em><strong>Note : <\/strong>Selon l&rsquo;infrastructure de l&rsquo;a\u00e9roport d&rsquo;arriv\u00e9e, l&rsquo;enfant aura d\u00e9j\u00e0 r\u00e9cup\u00e9r\u00e9 son bagage ou le r\u00e9cup\u00e9rera avec son attendant.<\/em><\/p><\/div><\/div>\t\t\t\t\t\t\t\t<\/div>\n\t\t\t\t<\/div>\n\t\t\t\t<\/div>\n\t\t\t\t\t<\/details>\n\t\t\t\t\t<\/div>\n\t\t\t\t\t\t<\/div>\n\t\t\t\t<\/div>\n\t\t\t\t<div class=\"elementor-element elementor-element-b975be2 elementor-widget-divider--view-line elementor-widget elementor-widget-divider\" data-id=\"b975be2\" data-element_type=\"widget\" data-widget_type=\"divider.default\">\n\t\t\t\t<div class=\"elementor-widget-container\">\n\t\t\t\t\t\t\t<div class=\"elementor-divider\">\n\t\t\t<span class=\"elementor-divider-separator\">\n\t\t\t\t\t\t<\/span>\n\t\t<\/div>\n\t\t\t\t\t\t<\/div>\n\t\t\t\t<\/div>\n\t\t\t\t<div class=\"elementor-element elementor-element-065f8f1 elementor-icon-list--layout-traditional elementor-list-item-link-full_width elementor-widget elementor-widget-icon-list\" data-id=\"065f8f1\" data-element_type=\"widget\" data-widget_type=\"icon-list.default\">\n\t\t\t\t<div class=\"elementor-widget-container\">\n\t\t\t\t\t\t\t<ul class=\"elementor-icon-list-items\">\n\t\t\t\t\t\t\t<li class=\"elementor-icon-list-item\">\n\t\t\t\t\t\t\t\t\t\t\t<span class=\"elementor-icon-list-icon\">\n\t\t\t\t\t\t\t<svg aria-hidden=\"true\" class=\"e-font-icon-svg e-fas-chevron-right\" viewbox=\"0 0 320 512\" xmlns=\"http:\/\/www.w3.org\/2000\/svg\"><path d=\"M285.476 272.971L91.132 467.314c-9.373 9.373-24.569 9.373-33.941 0l-22.667-22.667c-9.357-9.357-9.375-24.522-.04-33.901L188.505 256 34.484 101.255c-9.335-9.379-9.317-24.544.04-33.901l22.667-22.667c9.373-9.373 24.569-9.373 33.941 0L285.475 239.03c9.373 9.372 9.373 24.568.001 33.941z\"><\/path><\/svg>\t\t\t\t\t\t<\/span>\n\t\t\t\t\t\t\t\t\t\t<span class=\"elementor-icon-list-text\">Toutes les compagnies a\u00e9riennes e ne proposent pas le service UM. Contactez votre compagnie a\u00e9rienne.<\/span>\n\t\t\t\t\t\t\t\t\t<\/li>\n\t\t\t\t\t\t\t\t<li class=\"elementor-icon-list-item\">\n\t\t\t\t\t\t\t\t\t\t\t<span class=\"elementor-icon-list-icon\">\n\t\t\t\t\t\t\t<svg aria-hidden=\"true\" class=\"e-font-icon-svg e-fas-chevron-right\" viewbox=\"0 0 320 512\" xmlns=\"http:\/\/www.w3.org\/2000\/svg\"><path d=\"M285.476 272.971L91.132 467.314c-9.373 9.373-24.569 9.373-33.941 0l-22.667-22.667c-9.357-9.357-9.375-24.522-.04-33.901L188.505 256 34.484 101.255c-9.335-9.379-9.317-24.544.04-33.901l22.667-22.667c9.373-9.373 24.569-9.373 33.941 0L285.475 239.03c9.373 9.372 9.373 24.568.001 33.941z\"><\/path><\/svg>\t\t\t\t\t\t<\/span>\n\t\t\t\t\t\t\t\t\t\t<span class=\"elementor-icon-list-text\">Le service d'accompagnement UM est totalement gratuit. <\/span>\n\t\t\t\t\t\t\t\t\t<\/li>\n\t\t\t\t\t\t\t\t<li class=\"elementor-icon-list-item\">\n\t\t\t\t\t\t\t\t\t\t\t<span class=\"elementor-icon-list-icon\">\n\t\t\t\t\t\t\t<svg aria-hidden=\"true\" class=\"e-font-icon-svg e-fas-chevron-right\" viewbox=\"0 0 320 512\" xmlns=\"http:\/\/www.w3.org\/2000\/svg\"><path d=\"M285.476 272.971L91.132 467.314c-9.373 9.373-24.569 9.373-33.941 0l-22.667-22.667c-9.357-9.357-9.375-24.522-.04-33.901L188.505 256 34.484 101.255c-9.335-9.379-9.317-24.544.04-33.901l22.667-22.667c9.373-9.373 24.569-9.373 33.941 0L285.475 239.03c9.373 9.372 9.373 24.568.001 33.941z\"><\/path><\/svg>\t\t\t\t\t\t<\/span>\n\t\t\t\t\t\t\t\t\t\t<span class=\"elementor-icon-list-text\">En cas de vol retard\u00e9 ou annul\u00e9, le personnel s\u2019occupe en priorit\u00e9 des enfants voyageant seuls. Votre enfant reste sous surveillance constante, m\u00eame si un h\u00e9bergement est n\u00e9cessaire. <\/span>\n\t\t\t\t\t\t\t\t\t<\/li>\n\t\t\t\t\t\t\t\t<li class=\"elementor-icon-list-item\">\n\t\t\t\t\t\t\t\t\t\t\t<span class=\"elementor-icon-list-icon\">\n\t\t\t\t\t\t\t<svg aria-hidden=\"true\" class=\"e-font-icon-svg e-fas-chevron-right\" viewbox=\"0 0 320 512\" xmlns=\"http:\/\/www.w3.org\/2000\/svg\"><path d=\"M285.476 272.971L91.132 467.314c-9.373 9.373-24.569 9.373-33.941 0l-22.667-22.667c-9.357-9.357-9.375-24.522-.04-33.901L188.505 256 34.484 101.255c-9.335-9.379-9.317-24.544.04-33.901l22.667-22.667c9.373-9.373 24.569-9.373 33.941 0L285.475 239.03c9.373 9.372 9.373 24.568.001 33.941z\"><\/path><\/svg>\t\t\t\t\t\t<\/span>\n\t\t\t\t\t\t\t\t\t\t<span class=\"elementor-icon-list-text\">Il n'est plus possible d'inscrire les enfants sur les passeports des parents. D\u00e8s sa naissance, un mineur doit avoir son propre document personnel pour voyager.<\/span>\n\t\t\t\t\t\t\t\t\t<\/li>\n\t\t\t\t\t\t<\/ul>\n\t\t\t\t\t\t<\/div>\n\t\t\t\t<\/div>\n\t\t\t\t\t<\/div>\n\t\t\t\t<\/div>\n\t\t\t\t<\/div>","protected":false},"excerpt":{"rendered":"<p>Pour les enfants voyageant seuls, le personnel de votre compagnie a\u00e9rienne prend en charge leur passage dans notre a\u00e9rogare : il accompagne votre enfant et veille \u00e0 sa s\u00e9curit\u00e9 tout au long de son voyage. \u00a0 Sur de nombreuses compagnies, \u00e0 partir de 4 ans et jusqu\u2019\u00e0 la veille de leurs douze ans, les enfants [&hellip;]<\/p>\n","protected":false},"author":4,"featured_media":380,"parent":0,"menu_order":0,"comment_status":"closed","ping_status":"closed","template":"","meta":{"_acf_changed":false,"_seopress_robots_primary_cat":"","_seopress_titles_title":"","_seopress_titles_desc":"","_seopress_robots_index":"","footnotes":""},"type-de-page":[5],"class_list":["post-377","page","type-page","status-publish","has-post-thumbnail","hentry","type-de-page-page-avec-image"],"acf":[],"_links":{"self":[{"href":"https:\/\/calvi-aeroport.cci.corsica\/en\/wp-json\/wp\/v2\/pages\/377","targetHints":{"allow":["GET"]}}],"collection":[{"href":"https:\/\/calvi-aeroport.cci.corsica\/en\/wp-json\/wp\/v2\/pages"}],"about":[{"href":"https:\/\/calvi-aeroport.cci.corsica\/en\/wp-json\/wp\/v2\/types\/page"}],"author":[{"embeddable":true,"href":"https:\/\/calvi-aeroport.cci.corsica\/en\/wp-json\/wp\/v2\/users\/4"}],"replies":[{"embeddable":true,"href":"https:\/\/calvi-aeroport.cci.corsica\/en\/wp-json\/wp\/v2\/comments?post=377"}],"version-history":[{"count":22,"href":"https:\/\/calvi-aeroport.cci.corsica\/en\/wp-json\/wp\/v2\/pages\/377\/revisions"}],"predecessor-version":[{"id":1893,"href":"https:\/\/calvi-aeroport.cci.corsica\/en\/wp-json\/wp\/v2\/pages\/377\/revisions\/1893"}],"wp:featuredmedia":[{"embeddable":true,"href":"https:\/\/calvi-aeroport.cci.corsica\/en\/wp-json\/wp\/v2\/media\/380"}],"wp:attachment":[{"href":"https:\/\/calvi-aeroport.cci.corsica\/en\/wp-json\/wp\/v2\/media?parent=377"}],"wp:term":[{"taxonomy":"type-de-page","embeddable":true,"href":"https:\/\/calvi-aeroport.cci.corsica\/en\/wp-json\/wp\/v2\/type-de-page?post=377"}],"curies":[{"name":"wp","href":"https:\/\/api.w.org\/{rel}","templated":true}]}}