{"id":370,"date":"2024-06-10T23:01:09","date_gmt":"2024-06-10T21:01:09","guid":{"rendered":"https:\/\/calvi-aeroport.cci.corsica\/?page_id=370"},"modified":"2024-07-18T11:04:06","modified_gmt":"2024-07-18T09:04:06","slug":"voyager-animal","status":"publish","type":"page","link":"https:\/\/calvi-aeroport.cci.corsica\/en\/voyager-animal\/","title":{"rendered":"Voyager avec un animal"},"content":{"rendered":"<div data-elementor-type=\"wp-page\" data-elementor-id=\"370\" class=\"elementor elementor-370\" data-elementor-post-type=\"page\">\n\t\t\t\t<div class=\"elementor-element elementor-element-8491fd6 e-flex e-con-boxed e-con e-parent\" data-id=\"8491fd6\" data-element_type=\"container\">\n\t\t\t\t\t<div class=\"e-con-inner\">\n\t\t\t\t<div class=\"elementor-element elementor-element-c6d68bb elementor-widget elementor-widget-text-editor\" data-id=\"c6d68bb\" data-element_type=\"widget\" data-widget_type=\"text-editor.default\">\n\t\t\t\t<div class=\"elementor-widget-container\">\n\t\t\t\t\t\t\t\t\t<p><b>Vous voyagez avec votre animal et vous vous questionnez sur les conditions de voyage ?<\/b><\/p><p>Voici quelques conseils et une check-list qui vous permettront de pr\u00e9parer soigneusement son voyage :<\/p>\t\t\t\t\t\t\t\t<\/div>\n\t\t\t\t<\/div>\n\t\t\t\t<div class=\"elementor-element elementor-element-6b91cba elementor-widget elementor-widget-text-editor\" data-id=\"6b91cba\" data-element_type=\"widget\" data-widget_type=\"text-editor.default\">\n\t\t\t\t<div class=\"elementor-widget-container\">\n\t\t\t\t\t\t\t\t\t<h4>Formalit\u00e9s g\u00e9n\u00e9rales :<\/h4>\t\t\t\t\t\t\t\t<\/div>\n\t\t\t\t<\/div>\n\t\t\t\t<div class=\"elementor-element elementor-element-8722fd2 elementor-widget elementor-widget-n-accordion\" data-id=\"8722fd2\" data-element_type=\"widget\" data-settings=\"{&quot;default_state&quot;:&quot;expanded&quot;,&quot;max_items_expended&quot;:&quot;one&quot;,&quot;n_accordion_animation_duration&quot;:{&quot;unit&quot;:&quot;ms&quot;,&quot;size&quot;:400,&quot;sizes&quot;:[]}}\" data-widget_type=\"nested-accordion.default\">\n\t\t\t\t<div class=\"elementor-widget-container\">\n\t\t\t\t\t\t\t<div class=\"e-n-accordion\" aria-label=\"Accordion. Open links with Enter or Space, close with Escape, and navigate with Arrow Keys\">\n\t\t\t\t\t\t<details id=\"e-n-accordion-item-1410\" class=\"e-n-accordion-item\" open>\n\t\t\t\t<summary class=\"e-n-accordion-item-title\" data-accordion-index=\"1\" tabindex=\"0\" aria-expanded=\"true\" aria-controls=\"e-n-accordion-item-1410\" >\n\t\t\t\t\t<span class='e-n-accordion-item-title-header'><div class=\"e-n-accordion-item-title-text\"> Formalit\u00e9s de voyage <\/div><\/span>\n\t\t\t\t\t\t\t<span class='e-n-accordion-item-title-icon'>\n\t\t\t<span class='e-opened' ><svg aria-hidden=\"true\" class=\"e-font-icon-svg e-fas-minus\" viewbox=\"0 0 448 512\" xmlns=\"http:\/\/www.w3.org\/2000\/svg\"><path d=\"M416 208H32c-17.67 0-32 14.33-32 32v32c0 17.67 14.33 32 32 32h384c17.67 0 32-14.33 32-32v-32c0-17.67-14.33-32-32-32z\"><\/path><\/svg><\/span>\n\t\t\t<span class='e-closed'><svg aria-hidden=\"true\" class=\"e-font-icon-svg e-fas-plus\" viewbox=\"0 0 448 512\" xmlns=\"http:\/\/www.w3.org\/2000\/svg\"><path d=\"M416 208H272V64c0-17.67-14.33-32-32-32h-32c-17.67 0-32 14.33-32 32v144H32c-17.67 0-32 14.33-32 32v32c0 17.67 14.33 32 32 32h144v144c0 17.67 14.33 32 32 32h32c17.67 0 32-14.33 32-32V304h144c17.67 0 32-14.33 32-32v-32c0-17.67-14.33-32-32-32z\"><\/path><\/svg><\/span>\n\t\t<\/span>\n\n\t\t\t\t\t\t<\/summary>\n\t\t\t\t<div role=\"region\" aria-labelledby=\"e-n-accordion-item-1410\" class=\"elementor-element elementor-element-59239a7 e-con-full e-flex e-con e-child\" data-id=\"59239a7\" data-element_type=\"container\">\n\t\t\t\t<div class=\"elementor-element elementor-element-71d2d9b elementor-widget elementor-widget-text-editor\" data-id=\"71d2d9b\" data-element_type=\"widget\" data-widget_type=\"text-editor.default\">\n\t\t\t\t<div class=\"elementor-widget-container\">\n\t\t\t\t\t\t\t\t\t<p><span class=\"adp_bottom__item legend\">Chaque pays a sa propre r\u00e9glementation, afin de conna\u00eetre les formalit\u00e9s sp\u00e9cifiques du pays de destination :\u00a0 passeport, tatouage, puce \u00e9lectronique, vaccins, etc,\u00a0 nous vous conseillons de vous renseigner en amont aupr\u00e8s de votre compagnie a\u00e9rienne.<\/span><\/p>\t\t\t\t\t\t\t\t<\/div>\n\t\t\t\t<\/div>\n\t\t\t\t<\/div>\n\t\t\t\t\t<\/details>\n\t\t\t\t\t\t<details id=\"e-n-accordion-item-1411\" class=\"e-n-accordion-item\" >\n\t\t\t\t<summary class=\"e-n-accordion-item-title\" data-accordion-index=\"2\" tabindex=\"-1\" aria-expanded=\"false\" aria-controls=\"e-n-accordion-item-1411\" >\n\t\t\t\t\t<span class='e-n-accordion-item-title-header'><div class=\"e-n-accordion-item-title-text\"> Documents de sant\u00e9  <\/div><\/span>\n\t\t\t\t\t\t\t<span class='e-n-accordion-item-title-icon'>\n\t\t\t<span class='e-opened' ><svg aria-hidden=\"true\" class=\"e-font-icon-svg e-fas-minus\" viewbox=\"0 0 448 512\" xmlns=\"http:\/\/www.w3.org\/2000\/svg\"><path d=\"M416 208H32c-17.67 0-32 14.33-32 32v32c0 17.67 14.33 32 32 32h384c17.67 0 32-14.33 32-32v-32c0-17.67-14.33-32-32-32z\"><\/path><\/svg><\/span>\n\t\t\t<span class='e-closed'><svg aria-hidden=\"true\" class=\"e-font-icon-svg e-fas-plus\" viewbox=\"0 0 448 512\" xmlns=\"http:\/\/www.w3.org\/2000\/svg\"><path d=\"M416 208H272V64c0-17.67-14.33-32-32-32h-32c-17.67 0-32 14.33-32 32v144H32c-17.67 0-32 14.33-32 32v32c0 17.67 14.33 32 32 32h144v144c0 17.67 14.33 32 32 32h32c17.67 0 32-14.33 32-32V304h144c17.67 0 32-14.33 32-32v-32c0-17.67-14.33-32-32-32z\"><\/path><\/svg><\/span>\n\t\t<\/span>\n\n\t\t\t\t\t\t<\/summary>\n\t\t\t\t<div role=\"region\" aria-labelledby=\"e-n-accordion-item-1411\" class=\"elementor-element elementor-element-68b3bd1 e-con-full e-flex e-con e-child\" data-id=\"68b3bd1\" data-element_type=\"container\">\n\t\t\t\t<div class=\"elementor-element elementor-element-e06dea3 elementor-widget elementor-widget-text-editor\" data-id=\"e06dea3\" data-element_type=\"widget\" data-widget_type=\"text-editor.default\">\n\t\t\t\t<div class=\"elementor-widget-container\">\n\t\t\t\t\t\t\t\t\t<p><span class=\"adp_bottom__item legend\">Quelle que soit la destination, vous devez \u00eatre en possession du carnet de sant\u00e9 de votre animal, d\u00e9livr\u00e9 par un v\u00e9t\u00e9rinaire agr\u00e9e.<\/span><\/p><p>\u00a0<\/p><p><span class=\"adp_bottom__item legend\">Le nombre d&rsquo;animaux admis dans l&rsquo;avion \u00e9tant limit\u00e9, nous vous recommandons de r\u00e9server le plus t\u00f4t possible votre billet d&rsquo;avion ainsi que de rappeler votre\u00a0compagnie a\u00e9rienne\u00a072h avant le vol pour\u00a0confirmer la pr\u00e9sence de votre animal.<\/span><\/p>\t\t\t\t\t\t\t\t<\/div>\n\t\t\t\t<\/div>\n\t\t\t\t<\/div>\n\t\t\t\t\t<\/details>\n\t\t\t\t\t\t<details id=\"e-n-accordion-item-1412\" class=\"e-n-accordion-item\" >\n\t\t\t\t<summary class=\"e-n-accordion-item-title\" data-accordion-index=\"3\" tabindex=\"-1\" aria-expanded=\"false\" aria-controls=\"e-n-accordion-item-1412\" >\n\t\t\t\t\t<span class='e-n-accordion-item-title-header'><div class=\"e-n-accordion-item-title-text\"> Dans l'avion <\/div><\/span>\n\t\t\t\t\t\t\t<span class='e-n-accordion-item-title-icon'>\n\t\t\t<span class='e-opened' ><svg aria-hidden=\"true\" class=\"e-font-icon-svg e-fas-minus\" viewbox=\"0 0 448 512\" xmlns=\"http:\/\/www.w3.org\/2000\/svg\"><path d=\"M416 208H32c-17.67 0-32 14.33-32 32v32c0 17.67 14.33 32 32 32h384c17.67 0 32-14.33 32-32v-32c0-17.67-14.33-32-32-32z\"><\/path><\/svg><\/span>\n\t\t\t<span class='e-closed'><svg aria-hidden=\"true\" class=\"e-font-icon-svg e-fas-plus\" viewbox=\"0 0 448 512\" xmlns=\"http:\/\/www.w3.org\/2000\/svg\"><path d=\"M416 208H272V64c0-17.67-14.33-32-32-32h-32c-17.67 0-32 14.33-32 32v144H32c-17.67 0-32 14.33-32 32v32c0 17.67 14.33 32 32 32h144v144c0 17.67 14.33 32 32 32h32c17.67 0 32-14.33 32-32V304h144c17.67 0 32-14.33 32-32v-32c0-17.67-14.33-32-32-32z\"><\/path><\/svg><\/span>\n\t\t<\/span>\n\n\t\t\t\t\t\t<\/summary>\n\t\t\t\t<div role=\"region\" aria-labelledby=\"e-n-accordion-item-1412\" class=\"elementor-element elementor-element-4ea27c9 e-con-full e-flex e-con e-child\" data-id=\"4ea27c9\" data-element_type=\"container\">\n\t\t\t\t<div class=\"elementor-element elementor-element-58cbffc elementor-widget elementor-widget-text-editor\" data-id=\"58cbffc\" data-element_type=\"widget\" data-widget_type=\"text-editor.default\">\n\t\t\t\t<div class=\"elementor-widget-container\">\n\t\t\t\t\t\t\t\t\t<p><span class=\"adp_bottom__item legend\">Le nombre d&rsquo;animaux admis dans l&rsquo;avion \u00e9tant limit\u00e9, nous vous recommandons de r\u00e9server le plus t\u00f4t possible votre billet d&rsquo;avion ainsi que de rappeler la compagnie\u00a0 72h avant le vol pour\u00a0confirmer la pr\u00e9sence de votre animal.<\/span><\/p>\t\t\t\t\t\t\t\t<\/div>\n\t\t\t\t<\/div>\n\t\t\t\t<\/div>\n\t\t\t\t\t<\/details>\n\t\t\t\t\t\t<details id=\"e-n-accordion-item-1413\" class=\"e-n-accordion-item\" >\n\t\t\t\t<summary class=\"e-n-accordion-item-title\" data-accordion-index=\"4\" tabindex=\"-1\" aria-expanded=\"false\" aria-controls=\"e-n-accordion-item-1413\" >\n\t\t\t\t\t<span class='e-n-accordion-item-title-header'><div class=\"e-n-accordion-item-title-text\"> Voyager avec un chien  <\/div><\/span>\n\t\t\t\t\t\t\t<span class='e-n-accordion-item-title-icon'>\n\t\t\t<span class='e-opened' ><svg aria-hidden=\"true\" class=\"e-font-icon-svg e-fas-minus\" viewbox=\"0 0 448 512\" xmlns=\"http:\/\/www.w3.org\/2000\/svg\"><path d=\"M416 208H32c-17.67 0-32 14.33-32 32v32c0 17.67 14.33 32 32 32h384c17.67 0 32-14.33 32-32v-32c0-17.67-14.33-32-32-32z\"><\/path><\/svg><\/span>\n\t\t\t<span class='e-closed'><svg aria-hidden=\"true\" class=\"e-font-icon-svg e-fas-plus\" viewbox=\"0 0 448 512\" xmlns=\"http:\/\/www.w3.org\/2000\/svg\"><path d=\"M416 208H272V64c0-17.67-14.33-32-32-32h-32c-17.67 0-32 14.33-32 32v144H32c-17.67 0-32 14.33-32 32v32c0 17.67 14.33 32 32 32h144v144c0 17.67 14.33 32 32 32h32c17.67 0 32-14.33 32-32V304h144c17.67 0 32-14.33 32-32v-32c0-17.67-14.33-32-32-32z\"><\/path><\/svg><\/span>\n\t\t<\/span>\n\n\t\t\t\t\t\t<\/summary>\n\t\t\t\t<div role=\"region\" aria-labelledby=\"e-n-accordion-item-1413\" class=\"elementor-element elementor-element-f6402e5 e-con-full e-flex e-con e-child\" data-id=\"f6402e5\" data-element_type=\"container\">\n\t\t\t\t<div class=\"elementor-element elementor-element-d8e40b7 elementor-widget elementor-widget-text-editor\" data-id=\"d8e40b7\" data-element_type=\"widget\" data-widget_type=\"text-editor.default\">\n\t\t\t\t<div class=\"elementor-widget-container\">\n\t\t\t\t\t\t\t\t\t<p><span class=\"adp_bottom__item legend\">Si vous voyagez avec un chien, ce dernier ne doit jamais \u00eatre laiss\u00e9 en libert\u00e9 et doit, <em>a minima<\/em>, \u00eatre tenu en laisse jusqu\u2019au contr\u00f4le.<\/span><\/p>\t\t\t\t\t\t\t\t<\/div>\n\t\t\t\t<\/div>\n\t\t\t\t<\/div>\n\t\t\t\t\t<\/details>\n\t\t\t\t\t<\/div>\n\t\t\t\t\t\t<\/div>\n\t\t\t\t<\/div>\n\t\t\t\t<div class=\"elementor-element elementor-element-978a2d7 elementor-widget elementor-widget-text-editor\" data-id=\"978a2d7\" data-element_type=\"widget\" data-widget_type=\"text-editor.default\">\n\t\t\t\t<div class=\"elementor-widget-container\">\n\t\t\t\t\t\t\t\t\t<h4>CHECK-LIST :<\/h4><ul><li><strong>Signalez votre animal<\/strong> aupr\u00e8s de votre compagnie lors de la r\u00e9servation, n&rsquo;h\u00e9sitez pas le confirmer de nouveau sa pr\u00e9sence 72h avant le d\u00e9part du vol ;<\/li><li><strong>Assurez-vous des r\u00e8gles sanitaires <\/strong>et\u00a0<strong>formalit\u00e9s<\/strong> applicables dans le lieu d&rsquo;arriv\u00e9e ;<\/li><li>Pour \u00eatre admis \u00e0 bord, votre animal doit avoir <strong>tous ses vaccins obligatoires \u00e0 jour ; <br \/><\/strong><\/li><li>Tout chien ou chat voyageant au sein de l&rsquo;Union europ\u00e9enne <strong>doit \u00eatre identifi\u00e9 au moyen d\u2019une puce \u00e9lectronique<\/strong>. Il doit \u00e9galement \u00eatre <strong>muni d&rsquo;un passeport europ\u00e9en ; <br \/><\/strong><\/li><li><strong>Assurez-lui un vol confortable<\/strong>, dans une cage adapt\u00e9e \u00e0 ses besoins ;<\/li><li>Selon les destinations, il se peut que votre animal soit plac\u00e9 en <strong>quarantaine \u00e0 l\u2019arriv\u00e9e<\/strong>.\u00a0Renseignez-vous aupr\u00e8s de votre transporteur ou du consulat du pays dans lequel vous devez vous rendre pour connaitre les conditions d\u2019accueil de votre animal.<\/li><\/ul>\t\t\t\t\t\t\t\t<\/div>\n\t\t\t\t<\/div>\n\t\t\t\t<div class=\"elementor-element elementor-element-f4bb6cd elementor-widget-divider--view-line elementor-widget elementor-widget-divider\" data-id=\"f4bb6cd\" data-element_type=\"widget\" data-widget_type=\"divider.default\">\n\t\t\t\t<div class=\"elementor-widget-container\">\n\t\t\t\t\t\t\t<div class=\"elementor-divider\">\n\t\t\t<span class=\"elementor-divider-separator\">\n\t\t\t\t\t\t<\/span>\n\t\t<\/div>\n\t\t\t\t\t\t<\/div>\n\t\t\t\t<\/div>\n\t\t\t\t<div class=\"elementor-element elementor-element-310e1e9 e-n-tabs-mobile elementor-widget elementor-widget-n-tabs\" data-id=\"310e1e9\" data-element_type=\"widget\" data-settings=\"{&quot;horizontal_scroll&quot;:&quot;disable&quot;}\" data-widget_type=\"nested-tabs.default\">\n\t\t\t\t<div class=\"elementor-widget-container\">\n\t\t\t\t\t\t\t<div class=\"e-n-tabs\" data-widget-number=\"51438057\" aria-label=\"Tabs. Open items with Enter or Space, close with Escape and navigate using the Arrow keys.\">\n\t\t\t<div class=\"e-n-tabs-heading\" role=\"tablist\">\n\t\t\t\t\t<button id=\"e-n-tab-title-514380571\" class=\"e-n-tab-title\" aria-selected=\"true\" data-tab-index=\"1\" role=\"tab\" tabindex=\"0\" aria-controls=\"e-n-tab-content-514380571\" style=\"--n-tabs-title-order: 1;\">\n\t\t\t\t\t\t<span class=\"e-n-tab-title-text\">\n\t\t\t\tVoyage en cabine\t\t\t<\/span>\n\t\t<\/button>\n\t\t\t\t<button id=\"e-n-tab-title-514380572\" class=\"e-n-tab-title\" aria-selected=\"false\" data-tab-index=\"2\" role=\"tab\" tabindex=\"-1\" aria-controls=\"e-n-tab-content-514380572\" style=\"--n-tabs-title-order: 2;\">\n\t\t\t\t\t\t<span class=\"e-n-tab-title-text\">\n\t\t\t\tVoyage en soute\t\t\t<\/span>\n\t\t<\/button>\n\t\t\t\t\t<\/div>\n\t\t\t<div class=\"e-n-tabs-content\">\n\t\t\t\t<div id=\"e-n-tab-content-514380571\" role=\"tabpanel\" aria-labelledby=\"e-n-tab-title-514380571\" data-tab-index=\"1\" style=\"--n-tabs-title-order: 1;\" class=\"e-active elementor-element elementor-element-ee22127 e-con-full e-flex e-con e-child\" data-id=\"ee22127\" data-element_type=\"container\">\n\t\t\t\t<div class=\"elementor-element elementor-element-57c6afa elementor-widget elementor-widget-text-editor\" data-id=\"57c6afa\" data-element_type=\"widget\" data-widget_type=\"text-editor.default\">\n\t\t\t\t<div class=\"elementor-widget-container\">\n\t\t\t\t\t\t\t\t\t<p>Pour voyager en cabine avec vous, des conditions s&rsquo;appliquent :<\/p><ul><li>V\u00e9rifiez aupr\u00e8s de votre compagnie a\u00e9rienne quel animal vous pouvez transporter en cabine avec vous. La plupart du temps, seuls les petits animaux (chats et chiens) sont autoris\u00e9s \u00e0 voyager avec vous ;<\/li><li>Le poids ne devant pas exc\u00e9der 5 kg (cela peut varier d&rsquo;une compagnie \u00e0 une autre) ;<\/li><li>Votre animal doit voyager dans une cage pr\u00e9vue dont les dimensions ne d\u00e9passent g\u00e9n\u00e9ralement pas 115cm ;<\/li><li>Les chiens-guides voyagent gratuitement en cabine aupr\u00e8s de leur ma\u00eetre (les chiens doivent \u00eatre musel\u00e9s).<\/li><\/ul><p>\u00a0<\/p><p><strong>Les conditions peuvent varier varier les compagnies a\u00e9riennes. Nous vous conseillons donc de vous rapprocher de celle-ci afin de connaitre les modalit\u00e9s applicables \u00e0 votre vol. <\/strong><\/p><p>\u00a0<\/p><p>Lors de votre passage au contr\u00f4le s\u00fbret\u00e9, les animaux et les accessoires seront contr\u00f4l\u00e9s (panier, cage, laisse, etc&#8230;). Les instructions vous seront communiqu\u00e9es par les agents lors du passage au contr\u00f4le.<\/p><p>\u00a0<\/p>\t\t\t\t\t\t\t\t<\/div>\n\t\t\t\t<\/div>\n\t\t\t\t<\/div>\n\t\t<div id=\"e-n-tab-content-514380572\" role=\"tabpanel\" aria-labelledby=\"e-n-tab-title-514380572\" data-tab-index=\"2\" style=\"--n-tabs-title-order: 2;\" class=\"elementor-element elementor-element-fc09536 e-con-full e-flex e-con e-child\" data-id=\"fc09536\" data-element_type=\"container\">\n\t\t\t\t<div class=\"elementor-element elementor-element-7da3848 elementor-widget elementor-widget-text-editor\" data-id=\"7da3848\" data-element_type=\"widget\" data-widget_type=\"text-editor.default\">\n\t\t\t\t<div class=\"elementor-widget-container\">\n\t\t\t\t\t\t\t\t\t<p>Votre animal sera en soute si il est trop grand et trop lourd pour voyager en cabine.<\/p><p>Rassurez-vous, la soute est un endroit ventil\u00e9, pressuris\u00e9 et chauff\u00e9. Votre animal pourra y voyager en toute s\u00e9curit\u00e9, et sa cage bien maintenue afin de passer un agr\u00e9able voyage.<\/p><p><strong>Contactez votre compagnie a\u00e9rienne pour conna\u00eetre les modalit\u00e9s de voyage en fonction de votre animal.<\/strong><\/p><ul><li>Votre animal doit voyager dans une cage pr\u00e9vue \u00e0 cet effet, o\u00f9 il faudra indiquer le nom de l&rsquo;animal, son num\u00e9ro de tatouage ou de puce \u00e9lectronique, vos coordonn\u00e9es, et votre destination. (se renseigner aupr\u00e8s de votre compagnie pour connaitre les dimensions) ;<\/li><li>Le tarif correspond en g\u00e9n\u00e9ral au prix du suppl\u00e9ment bagage. La gratuit\u00e9 s\u2019applique en principe au transport en cabine et en soute des chiens-guides de passagers souffrant d\u2019un handicap (se renseigner aupr\u00e8s de votre compagnie pour connaitre les modalit\u00e9s) ;<\/li><li>Les animaux voyageant en soute empruntent un circuit diff\u00e9rent de celui des bagages classiques. Vous serez donc peut-\u00eatre amen\u00e9 \u00e0 vous rendre aux contr\u00f4les de s\u00fbret\u00e9 des bagages sp\u00e9ciaux lors de votre d\u00e9part, avant de rejoindre le circuit habituel.<\/li><\/ul>\t\t\t\t\t\t\t\t<\/div>\n\t\t\t\t<\/div>\n\t\t\t\t<\/div>\n\t\t\t\t\t<\/div>\n\t\t<\/div>\n\t\t\t\t\t\t<\/div>\n\t\t\t\t<\/div>\n\t\t\t\t\t<\/div>\n\t\t\t\t<\/div>\n\t\t\t\t<\/div>","protected":false},"excerpt":{"rendered":"<p>Vous voyagez avec votre animal et vous vous questionnez sur les conditions de voyage ? Voici quelques conseils et une check-list qui vous permettront de pr\u00e9parer soigneusement son voyage : Formalit\u00e9s g\u00e9n\u00e9rales : Formalit\u00e9s de voyage Chaque pays a sa propre r\u00e9glementation, afin de conna\u00eetre les formalit\u00e9s sp\u00e9cifiques du pays de destination :\u00a0 passeport, tatouage, [&hellip;]<\/p>\n","protected":false},"author":4,"featured_media":0,"parent":0,"menu_order":0,"comment_status":"closed","ping_status":"closed","template":"","meta":{"_acf_changed":false,"_seopress_robots_primary_cat":"","_seopress_titles_title":"","_seopress_titles_desc":"","_seopress_robots_index":"","footnotes":""},"type-de-page":[6],"class_list":["post-370","page","type-page","status-publish","hentry","type-de-page-page-sans-image"],"acf":[],"_links":{"self":[{"href":"https:\/\/calvi-aeroport.cci.corsica\/en\/wp-json\/wp\/v2\/pages\/370","targetHints":{"allow":["GET"]}}],"collection":[{"href":"https:\/\/calvi-aeroport.cci.corsica\/en\/wp-json\/wp\/v2\/pages"}],"about":[{"href":"https:\/\/calvi-aeroport.cci.corsica\/en\/wp-json\/wp\/v2\/types\/page"}],"author":[{"embeddable":true,"href":"https:\/\/calvi-aeroport.cci.corsica\/en\/wp-json\/wp\/v2\/users\/4"}],"replies":[{"embeddable":true,"href":"https:\/\/calvi-aeroport.cci.corsica\/en\/wp-json\/wp\/v2\/comments?post=370"}],"version-history":[{"count":13,"href":"https:\/\/calvi-aeroport.cci.corsica\/en\/wp-json\/wp\/v2\/pages\/370\/revisions"}],"predecessor-version":[{"id":1846,"href":"https:\/\/calvi-aeroport.cci.corsica\/en\/wp-json\/wp\/v2\/pages\/370\/revisions\/1846"}],"wp:attachment":[{"href":"https:\/\/calvi-aeroport.cci.corsica\/en\/wp-json\/wp\/v2\/media?parent=370"}],"wp:term":[{"taxonomy":"type-de-page","embeddable":true,"href":"https:\/\/calvi-aeroport.cci.corsica\/en\/wp-json\/wp\/v2\/type-de-page?post=370"}],"curies":[{"name":"wp","href":"https:\/\/api.w.org\/{rel}","templated":true}]}}