{"id":359,"date":"2024-06-10T22:56:38","date_gmt":"2024-06-10T20:56:38","guid":{"rendered":"https:\/\/calvi-aeroport.cci.corsica\/?page_id=359"},"modified":"2024-07-18T11:15:46","modified_gmt":"2024-07-18T09:15:46","slug":"seniors-et-pmr","status":"publish","type":"page","link":"https:\/\/calvi-aeroport.cci.corsica\/en\/seniors-et-pmr\/","title":{"rendered":"S\u00e9niors et PMR"},"content":{"rendered":"<div data-elementor-type=\"wp-page\" data-elementor-id=\"359\" class=\"elementor elementor-359\" data-elementor-post-type=\"page\">\n\t\t\t\t<div class=\"elementor-element elementor-element-2a0da8e e-flex e-con-boxed e-con e-parent\" data-id=\"2a0da8e\" data-element_type=\"container\">\n\t\t\t\t\t<div class=\"e-con-inner\">\n\t\t\t\t<div class=\"elementor-element elementor-element-d90fc5a elementor-widget elementor-widget-text-editor\" data-id=\"d90fc5a\" data-element_type=\"widget\" data-widget_type=\"text-editor.default\">\n\t\t\t\t<div class=\"elementor-widget-container\">\n\t\t\t\t\t\t\t\t\t<p>Nous proposons une assistance adapt\u00e9e aux passagers seniors et aux PMR pour garantir leur confort et leur s\u00e9curit\u00e9 tout au long de leur voyage. <strong>Ce service n\u00e9cessite une r\u00e9servation.<\/strong><\/p><p><strong>Un espace vous est d\u00e9di\u00e9 zone d\u00e9part, il est le lieu de votre prise en charge. <\/strong>Si vous n&rsquo;\u00eates pas accompagn\u00e9 et si vous n&rsquo;\u00eates pas en mesure de vous rendre \u00e0 ce point de rendez-vous, vous pouvez signaler votre pr\u00e9sence via les bornes d&rsquo;appel :<\/p><ul><li>Deux bornes d\u2019appel sont install\u00e9es sur le parking commercial devant l\u2019a\u00e9rogare pour faire appel au prestataire ;\u00a0<\/li><li>Une borne d\u2019appel est install\u00e9e au parking officiel pr\u00e8s des emplacements r\u00e9serv\u00e9s aux ambulances et VSL ;\u00a0<\/li><li>\u00a0\u2028A l\u2019int\u00e9rieur de l\u2019a\u00e9rogare, le bureau d\u2019informations am\u00e9nag\u00e9 d\u2019un comptoir abaiss\u00e9 pour accueillir les passagers \u00e0 mobilit\u00e9 r\u00e9duite est \u00e9galement un point d\u2019accueil. Vous pouvez y trouver une borne d\u2019appel du prestataire.<\/li><\/ul><p>\u00a0<\/p><p><strong>Diff\u00e9rents services sont mis en place \u00e9galement sur le parcours passager :<\/strong><\/p><ul><li>En zone d\u00e9part, les personnes \u00e0 mobilit\u00e9 r\u00e9duite disposent de toilettes \u00e0 c\u00f4t\u00e9 de la salle d&#8217;embarquement internationale et peuvent \u00e9galement utiliser les toilettes publiques en zone centrale ;<\/li><li>Diverses possibilit\u00e9s sont offertes pour un acheminement jusqu\u2019\u00e0 l\u2019avion. <\/li><\/ul><p>\u00a0<\/p><p><strong>Assistance depuis le lieu de prise en charge jusqu\u2019\u00e0 l\u2019embarquement :<\/strong><\/p><ul><li>Assistance au point d\u2019enregistrement, aux proc\u00e9dures de s\u00fbret\u00e9 et aux formalit\u00e9s d\u2019\u00e9migration et douani\u00e8res ;<\/li><li>Assistance lors du parcours vers la porte d\u2019embarquement ;<\/li><li>Assistance pour l\u2019embarquement et le d\u00e9barquement (jusqu\u2019\u00e0 et \u00e0 partir du si\u00e8ge de l\u2019avion si besoin) ;<\/li><li>Assistance pour retirer les bagages, pour les proc\u00e9dures d\u2019immigration et les formalit\u00e9s douani\u00e8res ;<\/li><li>Assistance jusqu\u2019au point de poursuite de voyage (parking, bus, taxi, etc.) ;<\/li><li>Assistance pour aller aux toilettes.<\/li><\/ul><p>\u00a0<\/p><p>Les PMR qui voyagent avec leur propre fauteuil roulant (fauteuil roulant \u00e9lectrique inclus) ou tout autre \u00e9quipement de d\u00e9placement peuvent s\u2019en servir jusqu\u2019\u00e0 l\u2019avion.<\/p><p>\u00a0<\/p><p><strong>Lors de la r\u00e9servation<\/strong>, il est important d\u2019indiquer la nature et le degr\u00e9 du handicap. Pr\u00e9ciser \u00e9galement le type de fauteuil (manuel ou \u00e9lectrique) si n\u00e9cessaire. Indiquer \u00e0 l\u2019agent de voyage le code international qui correspond au degr\u00e9 d\u2019assistance, selon la classification internationale :\u00a0\u00a0<\/p><ul><li>WCH R : Si vous pouvez vous mouvoir lentement, monter des escaliers mais que vous avez besoin d\u2019une chaise roulante pour de longs trajets.<\/li><li>WCH S : Si vous pouvez effectuer quelques pas de la porte de l\u2019avion \u00e0 votre si\u00e8ge uniquement.<\/li><li>WCH C : Si vous ne pouvez effectuer le moindre pas, vous serez alors aid\u00e9 tout au long du voyage.<\/li><\/ul>\t\t\t\t\t\t\t\t<\/div>\n\t\t\t\t<\/div>\n\t\t\t\t<div class=\"elementor-element elementor-element-7b469d3 elementor-widget-divider--view-line elementor-widget elementor-widget-divider\" data-id=\"7b469d3\" data-element_type=\"widget\" data-widget_type=\"divider.default\">\n\t\t\t\t<div class=\"elementor-widget-container\">\n\t\t\t\t\t\t\t<div class=\"elementor-divider\">\n\t\t\t<span class=\"elementor-divider-separator\">\n\t\t\t\t\t\t<\/span>\n\t\t<\/div>\n\t\t\t\t\t\t<\/div>\n\t\t\t\t<\/div>\n\t\t\t\t<div class=\"elementor-element elementor-element-a20df28 elementor-icon-list--layout-traditional elementor-list-item-link-full_width elementor-widget elementor-widget-icon-list\" data-id=\"a20df28\" data-element_type=\"widget\" data-widget_type=\"icon-list.default\">\n\t\t\t\t<div class=\"elementor-widget-container\">\n\t\t\t\t\t\t\t<ul class=\"elementor-icon-list-items\">\n\t\t\t\t\t\t\t<li class=\"elementor-icon-list-item\">\n\t\t\t\t\t\t\t\t\t\t\t<span class=\"elementor-icon-list-icon\">\n\t\t\t\t\t\t\t<svg aria-hidden=\"true\" class=\"e-font-icon-svg e-fas-chevron-circle-right\" viewbox=\"0 0 512 512\" xmlns=\"http:\/\/www.w3.org\/2000\/svg\"><path d=\"M256 8c137 0 248 111 248 248S393 504 256 504 8 393 8 256 119 8 256 8zm113.9 231L234.4 103.5c-9.4-9.4-24.6-9.4-33.9 0l-17 17c-9.4 9.4-9.4 24.6 0 33.9L285.1 256 183.5 357.6c-9.4 9.4-9.4 24.6 0 33.9l17 17c9.4 9.4 24.6 9.4 33.9 0L369.9 273c9.4-9.4 9.4-24.6 0-34z\"><\/path><\/svg>\t\t\t\t\t\t<\/span>\n\t\t\t\t\t\t\t\t\t\t<span class=\"elementor-icon-list-text\">Si vous avez besoin d'une assistance, signalez votre besoin aupr\u00e8s de votre compagnie a\u00e9rienne au moment de l'achat de votre billet ; <\/span>\n\t\t\t\t\t\t\t\t\t<\/li>\n\t\t\t\t\t\t\t\t<li class=\"elementor-icon-list-item\">\n\t\t\t\t\t\t\t\t\t\t\t<span class=\"elementor-icon-list-icon\">\n\t\t\t\t\t\t\t<svg aria-hidden=\"true\" class=\"e-font-icon-svg e-fas-chevron-circle-right\" viewbox=\"0 0 512 512\" xmlns=\"http:\/\/www.w3.org\/2000\/svg\"><path d=\"M256 8c137 0 248 111 248 248S393 504 256 504 8 393 8 256 119 8 256 8zm113.9 231L234.4 103.5c-9.4-9.4-24.6-9.4-33.9 0l-17 17c-9.4 9.4-9.4 24.6 0 33.9L285.1 256 183.5 357.6c-9.4 9.4-9.4 24.6 0 33.9l17 17c9.4 9.4 24.6 9.4 33.9 0L369.9 273c9.4-9.4 9.4-24.6 0-34z\"><\/path><\/svg>\t\t\t\t\t\t<\/span>\n\t\t\t\t\t\t\t\t\t\t<span class=\"elementor-icon-list-text\">V\u00e9rifiez aupr\u00e8s de votre compagnie l\u2019obligation de voyager ou non avec un accompagnateur, et l\u2019\u00e9ventuelle n\u00e9cessit\u00e9 d\u2019un accord m\u00e9dical pour votre voyage ; <\/span>\n\t\t\t\t\t\t\t\t\t<\/li>\n\t\t\t\t\t\t\t\t<li class=\"elementor-icon-list-item\">\n\t\t\t\t\t\t\t\t\t\t\t<span class=\"elementor-icon-list-icon\">\n\t\t\t\t\t\t\t<svg aria-hidden=\"true\" class=\"e-font-icon-svg e-fas-chevron-circle-right\" viewbox=\"0 0 512 512\" xmlns=\"http:\/\/www.w3.org\/2000\/svg\"><path d=\"M256 8c137 0 248 111 248 248S393 504 256 504 8 393 8 256 119 8 256 8zm113.9 231L234.4 103.5c-9.4-9.4-24.6-9.4-33.9 0l-17 17c-9.4 9.4-9.4 24.6 0 33.9L285.1 256 183.5 357.6c-9.4 9.4-9.4 24.6 0 33.9l17 17c9.4 9.4 24.6 9.4 33.9 0L369.9 273c9.4-9.4 9.4-24.6 0-34z\"><\/path><\/svg>\t\t\t\t\t\t<\/span>\n\t\t\t\t\t\t\t\t\t\t<span class=\"elementor-icon-list-text\">Pr\u00e9sentez-vous au moins 2 heures avant le d\u00e9collage de votre vol, \u00e0 votre comptoir d'enregistrement ; <\/span>\n\t\t\t\t\t\t\t\t\t<\/li>\n\t\t\t\t\t\t\t\t<li class=\"elementor-icon-list-item\">\n\t\t\t\t\t\t\t\t\t\t\t<span class=\"elementor-icon-list-icon\">\n\t\t\t\t\t\t\t<svg aria-hidden=\"true\" class=\"e-font-icon-svg e-fas-chevron-circle-right\" viewbox=\"0 0 512 512\" xmlns=\"http:\/\/www.w3.org\/2000\/svg\"><path d=\"M256 8c137 0 248 111 248 248S393 504 256 504 8 393 8 256 119 8 256 8zm113.9 231L234.4 103.5c-9.4-9.4-24.6-9.4-33.9 0l-17 17c-9.4 9.4-9.4 24.6 0 33.9L285.1 256 183.5 357.6c-9.4 9.4-9.4 24.6 0 33.9l17 17c9.4 9.4 24.6 9.4 33.9 0L369.9 273c9.4-9.4 9.4-24.6 0-34z\"><\/path><\/svg>\t\t\t\t\t\t<\/span>\n\t\t\t\t\t\t\t\t\t\t<span class=\"elementor-icon-list-text\">Dirigez-vous vers le point d\u2019accueil d\u00e9di\u00e9 aux PMR pour votre prise en charge ou \u00e0 une borne d'appel. <\/span>\n\t\t\t\t\t\t\t\t\t<\/li>\n\t\t\t\t\t\t<\/ul>\n\t\t\t\t\t\t<\/div>\n\t\t\t\t<\/div>\n\t\t\t\t<div class=\"elementor-element elementor-element-f86bd6d elementor-alert-info elementor-widget elementor-widget-alert\" data-id=\"f86bd6d\" data-element_type=\"widget\" data-widget_type=\"alert.default\">\n\t\t\t\t<div class=\"elementor-widget-container\">\n\t\t\t\t\t\t\t<div class=\"elementor-alert\" role=\"alert\">\n\n\t\t\t\t\t\t<span class=\"elementor-alert-title\">IMPORTANT : <\/span>\n\t\t\t\n\t\t\t\t\t\t<span class=\"elementor-alert-description\">Il est n\u00e9cessaire d\u2019arriver au minimum 2h00 avant le d\u00e9part du vol.\u00a0\n\nPrendre contact aupr\u00e8s de la compagnie assurant le vol pour toute information compl\u00e9mentaire.<\/span>\n\t\t\t\n\t\t\t\t\t\t<button type=\"button\" class=\"elementor-alert-dismiss\" aria-label=\"Dismiss this alert.\">\n\t\t\t\t\t\t\t\t\t<span aria-hidden=\"true\">&times;<\/span>\n\t\t\t\t\t\t\t<\/button>\n\t\t\t\n\t\t<\/div>\n\t\t\t\t\t\t<\/div>\n\t\t\t\t<\/div>\n\t\t\t\t\t<\/div>\n\t\t\t\t<\/div>\n\t\t\t\t<\/div>","protected":false},"excerpt":{"rendered":"<p>Nous proposons une assistance adapt\u00e9e aux passagers seniors et aux PMR pour garantir leur confort et leur s\u00e9curit\u00e9 tout au long de leur voyage. Ce service n\u00e9cessite une r\u00e9servation. Un espace vous est d\u00e9di\u00e9 zone d\u00e9part, il est le lieu de votre prise en charge. Si vous n&rsquo;\u00eates pas accompagn\u00e9 et si vous n&rsquo;\u00eates pas [&hellip;]<\/p>\n","protected":false},"author":4,"featured_media":362,"parent":0,"menu_order":0,"comment_status":"closed","ping_status":"closed","template":"","meta":{"_acf_changed":false,"_seopress_robots_primary_cat":"","_seopress_titles_title":"","_seopress_titles_desc":"","_seopress_robots_index":"","footnotes":""},"type-de-page":[5],"class_list":["post-359","page","type-page","status-publish","has-post-thumbnail","hentry","type-de-page-page-avec-image"],"acf":[],"_links":{"self":[{"href":"https:\/\/calvi-aeroport.cci.corsica\/en\/wp-json\/wp\/v2\/pages\/359","targetHints":{"allow":["GET"]}}],"collection":[{"href":"https:\/\/calvi-aeroport.cci.corsica\/en\/wp-json\/wp\/v2\/pages"}],"about":[{"href":"https:\/\/calvi-aeroport.cci.corsica\/en\/wp-json\/wp\/v2\/types\/page"}],"author":[{"embeddable":true,"href":"https:\/\/calvi-aeroport.cci.corsica\/en\/wp-json\/wp\/v2\/users\/4"}],"replies":[{"embeddable":true,"href":"https:\/\/calvi-aeroport.cci.corsica\/en\/wp-json\/wp\/v2\/comments?post=359"}],"version-history":[{"count":13,"href":"https:\/\/calvi-aeroport.cci.corsica\/en\/wp-json\/wp\/v2\/pages\/359\/revisions"}],"predecessor-version":[{"id":1896,"href":"https:\/\/calvi-aeroport.cci.corsica\/en\/wp-json\/wp\/v2\/pages\/359\/revisions\/1896"}],"wp:featuredmedia":[{"embeddable":true,"href":"https:\/\/calvi-aeroport.cci.corsica\/en\/wp-json\/wp\/v2\/media\/362"}],"wp:attachment":[{"href":"https:\/\/calvi-aeroport.cci.corsica\/en\/wp-json\/wp\/v2\/media?parent=359"}],"wp:term":[{"taxonomy":"type-de-page","embeddable":true,"href":"https:\/\/calvi-aeroport.cci.corsica\/en\/wp-json\/wp\/v2\/type-de-page?post=359"}],"curies":[{"name":"wp","href":"https:\/\/api.w.org\/{rel}","templated":true}]}}