{"id":301,"date":"2024-06-04T15:14:23","date_gmt":"2024-06-04T13:14:23","guid":{"rendered":"https:\/\/calvi-aeroport.cci.corsica\/?page_id=301"},"modified":"2024-06-10T22:48:20","modified_gmt":"2024-06-10T20:48:20","slug":"enregistrement-en-ligne","status":"publish","type":"page","link":"https:\/\/calvi-aeroport.cci.corsica\/en\/enregistrement-en-ligne\/","title":{"rendered":"Enregistrement en ligne"},"content":{"rendered":"<div data-elementor-type=\"wp-page\" data-elementor-id=\"301\" class=\"elementor elementor-301\" data-elementor-post-type=\"page\">\n\t\t\t\t<div class=\"elementor-element elementor-element-0cd6c84 e-flex e-con-boxed e-con e-parent\" data-id=\"0cd6c84\" data-element_type=\"container\">\n\t\t\t\t\t<div class=\"e-con-inner\">\n\t\t\t\t<div class=\"elementor-element elementor-element-71ba3a2 elementor-widget elementor-widget-text-editor\" data-id=\"71ba3a2\" data-element_type=\"widget\" data-widget_type=\"text-editor.default\">\n\t\t\t\t<div class=\"elementor-widget-container\">\n\t\t\t\t\t\t\t\t\t<h3>Gagnez du temps gr\u00e2ce \u00e0 l&rsquo;enregistrement en ligne !<\/h3>\t\t\t\t\t\t\t\t<\/div>\n\t\t\t\t<\/div>\n\t\t<div class=\"elementor-element elementor-element-4c68bc6 e-flex e-con-boxed e-con e-child\" data-id=\"4c68bc6\" data-element_type=\"container\">\n\t\t\t\t\t<div class=\"e-con-inner\">\n\t\t\t\t<div class=\"elementor-element elementor-element-31509e1 elementor-widget elementor-widget-text-editor\" data-id=\"31509e1\" data-element_type=\"widget\" data-widget_type=\"text-editor.default\">\n\t\t\t\t<div class=\"elementor-widget-container\">\n\t\t\t\t\t\t\t\t\t<p>Avant le d\u00e9part de votre vol,\u00a0<strong>gagnez du temps\u00a0<\/strong>avec l&rsquo;enregistrement en ligne : vous choisissez votre si\u00e8ge et obtenez votre carte d&#8217;embarquement directement depuis votre ordinateur ou votre t\u00e9l\u00e9phone. Fini les files d&rsquo;attente, vous pourrez vous rendre directement \u00e0 la porte d&#8217;embarquement pour les passagers sans bagages de\u00a0soute, ou pour les passagers avec des bagages de soute \u00e0 enregistrer, acc\u00e9der plus rapidement \u00e0 un comptoir d&rsquo;enregistrement d\u00e9di\u00e9.<\/p><p>De nombreuses compagnies a\u00e9riennes vous permettent de vous enregistrer \u00e0 l\u2019avance sur internet. <\/p><p>Cette option pr\u00e9sente deux avantages :<\/p><ul><li>Gagner du temps et choisir votre si\u00e8ge.<\/li><li>Obtenir votre carte d&#8217;embarquement et \u00e9vitez les files d&rsquo;attente dans l&rsquo;a\u00e9roport.<\/li><\/ul><p>\u00a0<\/p>\t\t\t\t\t\t\t\t<\/div>\n\t\t\t\t<\/div>\n\t\t\t\t\t<\/div>\n\t\t\t\t<\/div>\n\t\t\t\t<div class=\"elementor-element elementor-element-821603f elementor-widget elementor-widget-text-editor\" data-id=\"821603f\" data-element_type=\"widget\" data-widget_type=\"text-editor.default\">\n\t\t\t\t<div class=\"elementor-widget-container\">\n\t\t\t\t\t\t\t\t\t<p>L\u2019enregistrement en ligne est exig\u00e9 par certaines compagnies sans d&rsquo;autre option possible. Certaines compagnies peuvent m\u00eame vous demander des frais de r\u00e9impression si vous n\u2019avez pas imprim\u00e9 votre carte d\u2019embarquement vous-m\u00eame avant d\u2019arriver \u00e0 l\u2019a\u00e9roport. <strong>Renseignez-vous aupr\u00e8s de\u00a0votre compagnie\u00a0avant le d\u00e9part.<\/strong><\/p>\t\t\t\t\t\t\t\t<\/div>\n\t\t\t\t<\/div>\n\t\t\t\t<div class=\"elementor-element elementor-element-f482048 elementor-alert-info elementor-widget elementor-widget-alert\" data-id=\"f482048\" data-element_type=\"widget\" data-widget_type=\"alert.default\">\n\t\t\t\t<div class=\"elementor-widget-container\">\n\t\t\t\t\t\t\t<div class=\"elementor-alert\" role=\"alert\">\n\n\t\t\t\n\t\t\t\t\t\t<span class=\"elementor-alert-description\">TOUTES LES COMPAGNIES A\u00c9RIENNES APPLIQUENT DES CONDITIONS DIFF\u00c9RENTES CONCERNANT CE SERVICE, NOUS VOUS CONSEILLONS DE CONSULTER LE SITE INTERNET DE LA COMPAGNIE OP\u00c9RANT VOTRE VOL.<\/span>\n\t\t\t\n\t\t\t\n\t\t<\/div>\n\t\t\t\t\t\t<\/div>\n\t\t\t\t<\/div>\n\t\t\t\t\t<\/div>\n\t\t\t\t<\/div>\n\t\t\t\t<\/div>","protected":false},"excerpt":{"rendered":"<p>Gagnez du temps gr\u00e2ce \u00e0 l&rsquo;enregistrement en ligne ! Avant le d\u00e9part de votre vol,\u00a0gagnez du temps\u00a0avec l&rsquo;enregistrement en ligne : vous choisissez votre si\u00e8ge et obtenez votre carte d&#8217;embarquement directement depuis votre ordinateur ou votre t\u00e9l\u00e9phone. Fini les files d&rsquo;attente, vous pourrez vous rendre directement \u00e0 la porte d&#8217;embarquement pour les passagers sans bagages [&hellip;]<\/p>\n","protected":false},"author":4,"featured_media":352,"parent":0,"menu_order":0,"comment_status":"closed","ping_status":"closed","template":"","meta":{"_acf_changed":false,"_seopress_robots_primary_cat":"","_seopress_titles_title":"","_seopress_titles_desc":"","_seopress_robots_index":"","footnotes":""},"type-de-page":[5],"class_list":["post-301","page","type-page","status-publish","has-post-thumbnail","hentry","type-de-page-page-avec-image"],"acf":[],"_links":{"self":[{"href":"https:\/\/calvi-aeroport.cci.corsica\/en\/wp-json\/wp\/v2\/pages\/301","targetHints":{"allow":["GET"]}}],"collection":[{"href":"https:\/\/calvi-aeroport.cci.corsica\/en\/wp-json\/wp\/v2\/pages"}],"about":[{"href":"https:\/\/calvi-aeroport.cci.corsica\/en\/wp-json\/wp\/v2\/types\/page"}],"author":[{"embeddable":true,"href":"https:\/\/calvi-aeroport.cci.corsica\/en\/wp-json\/wp\/v2\/users\/4"}],"replies":[{"embeddable":true,"href":"https:\/\/calvi-aeroport.cci.corsica\/en\/wp-json\/wp\/v2\/comments?post=301"}],"version-history":[{"count":4,"href":"https:\/\/calvi-aeroport.cci.corsica\/en\/wp-json\/wp\/v2\/pages\/301\/revisions"}],"predecessor-version":[{"id":355,"href":"https:\/\/calvi-aeroport.cci.corsica\/en\/wp-json\/wp\/v2\/pages\/301\/revisions\/355"}],"wp:featuredmedia":[{"embeddable":true,"href":"https:\/\/calvi-aeroport.cci.corsica\/en\/wp-json\/wp\/v2\/media\/352"}],"wp:attachment":[{"href":"https:\/\/calvi-aeroport.cci.corsica\/en\/wp-json\/wp\/v2\/media?parent=301"}],"wp:term":[{"taxonomy":"type-de-page","embeddable":true,"href":"https:\/\/calvi-aeroport.cci.corsica\/en\/wp-json\/wp\/v2\/type-de-page?post=301"}],"curies":[{"name":"wp","href":"https:\/\/api.w.org\/{rel}","templated":true}]}}