{"id":1931,"date":"2024-07-19T08:40:46","date_gmt":"2024-07-19T06:40:46","guid":{"rendered":"https:\/\/calvi-aeroport.cci.corsica\/?page_id=1931"},"modified":"2024-09-20T17:16:07","modified_gmt":"2024-09-20T15:16:07","slug":"accessibilite","status":"publish","type":"page","link":"https:\/\/calvi-aeroport.cci.corsica\/en\/accessibilite\/","title":{"rendered":"Accessibilit\u00e9"},"content":{"rendered":"<div data-elementor-type=\"wp-page\" data-elementor-id=\"1931\" class=\"elementor elementor-1931\" data-elementor-post-type=\"page\">\n\t\t\t\t<div class=\"elementor-element elementor-element-449c307 e-flex e-con-boxed e-con e-parent\" data-id=\"449c307\" data-element_type=\"container\" data-settings=\"{&quot;background_background&quot;:&quot;classic&quot;}\">\n\t\t\t\t\t<div class=\"e-con-inner\">\n\t\t\t\t<div class=\"elementor-element elementor-element-6bd6c99 elementor-widget elementor-widget-heading\" data-id=\"6bd6c99\" data-element_type=\"widget\" data-widget_type=\"heading.default\">\n\t\t\t\t<div class=\"elementor-widget-container\">\n\t\t\t\t\t<h2 class=\"elementor-heading-title elementor-size-default\">\u00c9tat de conformit\u00e9\n<\/h2>\t\t\t\t<\/div>\n\t\t\t\t<\/div>\n\t\t\t\t<div class=\"elementor-element elementor-element-893d934 elementor-widget elementor-widget-text-editor\" data-id=\"893d934\" data-element_type=\"widget\" data-widget_type=\"text-editor.default\">\n\t\t\t\t<div class=\"elementor-widget-container\">\n\t\t\t\t\t\t\t\t\t<p>La CCI de Corse s\u2019engage \u00e0 rendre son site internet accessible conform\u00e9ment \u00e0 l\u2019article 47 de la loi n\u00b0 2005-102 du 11 f\u00e9vrier 2005. Cette d\u00e9claration d\u2019accessibilit\u00e9 s\u2019applique au site <a href=\"https:\/\/calvi-aeroport.cci.corsica\/en\/\">https:\/\/calvi-aeroport.cci.corsica\/<\/a>. Elle a \u00e9t\u00e9 r\u00e9alis\u00e9e le 27 juillet 2024, sur la base des contenus disponibles \u00e0 cette date.<\/p>\t\t\t\t\t\t\t\t<\/div>\n\t\t\t\t<\/div>\n\t\t\t\t<div class=\"elementor-element elementor-element-92ef1ee elementor-widget elementor-widget-heading\" data-id=\"92ef1ee\" data-element_type=\"widget\" data-widget_type=\"heading.default\">\n\t\t\t\t<div class=\"elementor-widget-container\">\n\t\t\t\t\t<h2 class=\"elementor-heading-title elementor-size-default\">R\u00e9sultats des tests\n<\/h2>\t\t\t\t<\/div>\n\t\t\t\t<\/div>\n\t\t\t\t<div class=\"elementor-element elementor-element-dd27b38 elementor-widget elementor-widget-text-editor\" data-id=\"dd27b38\" data-element_type=\"widget\" data-widget_type=\"text-editor.default\">\n\t\t\t\t<div class=\"elementor-widget-container\">\n\t\t\t\t\t\t\t\t\t<p>L\u2019audit de conformit\u00e9 r\u00e9alis\u00e9 par Corsicaweb r\u00e9v\u00e8le que le site atteint un score de conformit\u00e9 partielle au RGAA :<\/p><ul><li>81% des crit\u00e8res du RGAA version 4 sont respect\u00e9s.<\/li><li>Le taux moyen de conformit\u00e9 des pages du site s\u2019\u00e9l\u00e8ve \u00e0 92%.<\/li><\/ul>\t\t\t\t\t\t\t\t<\/div>\n\t\t\t\t<\/div>\n\t\t\t\t<div class=\"elementor-element elementor-element-b53d15f elementor-widget elementor-widget-heading\" data-id=\"b53d15f\" data-element_type=\"widget\" data-widget_type=\"heading.default\">\n\t\t\t\t<div class=\"elementor-widget-container\">\n\t\t\t\t\t<h3 class=\"elementor-heading-title elementor-size-default\">Contenus non accessibles<\/h3>\t\t\t\t<\/div>\n\t\t\t\t<\/div>\n\t\t\t\t<div class=\"elementor-element elementor-element-4858ca4 elementor-widget elementor-widget-text-editor\" data-id=\"4858ca4\" data-element_type=\"widget\" data-widget_type=\"text-editor.default\">\n\t\t\t\t<div class=\"elementor-widget-container\">\n\t\t\t\t\t\t\t\t\t<ul>\n<li style=\"font-size: 16px;\">Crit\u00e8re 1.1 : certaines images porteuses d&rsquo;information n&rsquo;ont pas d&rsquo;alternative textuelle<\/li>\n<li><span style=\"background-color: transparent; color: var( --e-global-color-text ); font-family: var( --e-global-typography-text-font-family ), Sans-serif; font-weight: var( --e-global-typography-text-font-weight ); text-align: var(--text-align);\">Crit\u00e8re 3.3 : certains composants ne respectent pas les contrastes de contraste minimum.<\/span><\/li>\n<li>Crit\u00e8re 4.8, 4.12 et 4.13 : le module de carte interactive n&rsquo;est pas conforme au RGAA et n&rsquo;a pas d&rsquo;alternative.<\/li>\n<li>Crit\u00e8re 4.11 : absence de possibilit\u00e9 de naviguer dans les actualit\u00e9s sur la page d&rsquo;accueil de par l&rsquo;absence de fl\u00e8ches de navigation.&nbsp;<\/li>\n<li><span style=\"background-color: transparent; color: var( --e-global-color-text ); font-family: var( --e-global-typography-text-font-family ), Sans-serif; font-weight: var( --e-global-typography-text-font-weight ); text-align: var(--text-align);\">Crit\u00e8re 7.1 : l&rsquo;outil Recaptcha sur le formulaire de contact n&rsquo;est que partiellement conforme avec le RGAA<\/span><br><\/li>\n<li>Crit\u00e8re 7.5 : les outils Elementor, Gravity Form et Recaptcha de formulaire de contact ne sont que partiellement conformes au RGAA.<\/li>\n<li style=\"font-size: 16px;\">Crit\u00e8re 8.2 : quelques erreurs d&rsquo;\u00e9l\u00e9ments et attributs dues au constructeur de page Elementor.<\/li>\n<li>Crit\u00e8re 8.9 : certaines balises sont utilis\u00e9es \u00e0 des fins de pr\u00e9sentation<\/li>\n<li>Crit\u00e8re 9.1 : certains titres sont mal structur\u00e9s<\/li>\n<li style=\"font-size: 16px;\"><span style=\"background-color: transparent; color: var( --e-global-color-text ); font-family: var( --e-global-typography-text-font-family ), Sans-serif; text-align: var(--text-align);\">Crit\u00e8re 10.3 : les contenus sont difficilement compr\u00e9hensibles sans les feuilles de style.<\/span><\/li>\n<li>Crit\u00e8re 10.7 : prise de focus non visible sur certains composants<\/li>\n<li>Crit\u00e8re 10.11 : certains \u00e9l\u00e9ments n\u00e9cessitent d&rsquo;un d\u00e9filement horizontal pour \u00eatre visionn\u00e9s.<\/li>\n<li>Crit\u00e8re 13.10 : le module carte en version responsive n&rsquo;est pas conforme au RGAA<\/li>\n<\/ul>\t\t\t\t\t\t\t\t<\/div>\n\t\t\t\t<\/div>\n\t\t\t\t<div class=\"elementor-element elementor-element-cf5cba6 elementor-widget elementor-widget-heading\" data-id=\"cf5cba6\" data-element_type=\"widget\" data-widget_type=\"heading.default\">\n\t\t\t\t<div class=\"elementor-widget-container\">\n\t\t\t\t\t<h3 class=\"elementor-heading-title elementor-size-default\">D\u00e9rogations<\/h3>\t\t\t\t<\/div>\n\t\t\t\t<\/div>\n\t\t\t\t<div class=\"elementor-element elementor-element-f87f02f elementor-widget elementor-widget-text-editor\" data-id=\"f87f02f\" data-element_type=\"widget\" data-widget_type=\"text-editor.default\">\n\t\t\t\t<div class=\"elementor-widget-container\">\n\t\t\t\t\t\t\t\t\t<ul><li>\u00a0Crit\u00e8re 3.3 : certains composants de type \u00ab\u00a0bouton\u00a0\u00bb ne respectent pas les contrastes de couleur au survol mais le texte sur son arri\u00e8re plan restant lisible, ce point ne g\u00eane ni la compr\u00e9hension, ni la navigation.\u00a0<\/li><li>Crit\u00e8re 6.2 ; Absence d&rsquo;intitul\u00e9 sur les lien-images des r\u00e9sultats de recherche mais un bouton \u00ab\u00a0en savoir plus\u00a0\u00bb am\u00e8ne \u00e0 la m\u00eame page<\/li><\/ul>\t\t\t\t\t\t\t\t<\/div>\n\t\t\t\t<\/div>\n\t\t\t\t<div class=\"elementor-element elementor-element-2622a42 elementor-widget elementor-widget-heading\" data-id=\"2622a42\" data-element_type=\"widget\" data-widget_type=\"heading.default\">\n\t\t\t\t<div class=\"elementor-widget-container\">\n\t\t\t\t\t<h2 class=\"elementor-heading-title elementor-size-default\">\u00c9tablissement de cette d\u00e9claration d'accessibilit\u00e9\n<\/h2>\t\t\t\t<\/div>\n\t\t\t\t<\/div>\n\t\t\t\t<div class=\"elementor-element elementor-element-2cf5d5e elementor-widget elementor-widget-heading\" data-id=\"2cf5d5e\" data-element_type=\"widget\" data-widget_type=\"heading.default\">\n\t\t\t\t<div class=\"elementor-widget-container\">\n\t\t\t\t\t<h3 class=\"elementor-heading-title elementor-size-default\">Technologies utilis\u00e9es pour la r\u00e9alisation du site<\/h3>\t\t\t\t<\/div>\n\t\t\t\t<\/div>\n\t\t\t\t<div class=\"elementor-element elementor-element-790afce elementor-widget elementor-widget-text-editor\" data-id=\"790afce\" data-element_type=\"widget\" data-widget_type=\"text-editor.default\">\n\t\t\t\t<div class=\"elementor-widget-container\">\n\t\t\t\t\t\t\t\t\t<ul><li>HTML5<\/li><li>CSS<\/li><li>JavaScript<\/li><li>PDF<\/li><li>WordPress<\/li><li>Elementor<\/li><\/ul>\t\t\t\t\t\t\t\t<\/div>\n\t\t\t\t<\/div>\n\t\t\t\t<div class=\"elementor-element elementor-element-204f70e elementor-widget elementor-widget-heading\" data-id=\"204f70e\" data-element_type=\"widget\" data-widget_type=\"heading.default\">\n\t\t\t\t<div class=\"elementor-widget-container\">\n\t\t\t\t\t<h3 class=\"elementor-heading-title elementor-size-default\">Agents utilisateurs, outils et technologies d'assistance utilis\u00e9s pour v\u00e9rifier l'accessibilit\u00e9 des contenus <\/h3>\t\t\t\t<\/div>\n\t\t\t\t<\/div>\n\t\t\t\t<div class=\"elementor-element elementor-element-63e3dc7 elementor-widget elementor-widget-text-editor\" data-id=\"63e3dc7\" data-element_type=\"widget\" data-widget_type=\"text-editor.default\">\n\t\t\t\t<div class=\"elementor-widget-container\">\n\t\t\t\t\t\t\t\t\t<p>Les v\u00e9rifications de restitution de contenus ont \u00e9t\u00e9 r\u00e9alis\u00e9es avec les configurations suivantes :<\/p><ul><li>Google Chrome<\/li><li>Safari<\/li><li>Apple VoiceOver<\/li><\/ul><p><br \/>Les outils de v\u00e9rification du code suivants ont \u00e9t\u00e9 utilis\u00e9s afin de v\u00e9rifier la conformit\u00e9 aux tests du RGAA :<\/p><ul><li>Extension Assistant RGAA<\/li><li>Colour Contrast Analyser<\/li><li>Headings Maps<\/li><li>Outils pour d\u00e9veloppeurs int\u00e9gr\u00e9s au navigateur Safari<\/li><li>Inspecteur de code<\/li><li>Validateur HTML du W3C<\/li><\/ul>\t\t\t\t\t\t\t\t<\/div>\n\t\t\t\t<\/div>\n\t\t\t\t<div class=\"elementor-element elementor-element-d3776d2 elementor-widget elementor-widget-heading\" data-id=\"d3776d2\" data-element_type=\"widget\" data-widget_type=\"heading.default\">\n\t\t\t\t<div class=\"elementor-widget-container\">\n\t\t\t\t\t<h3 class=\"elementor-heading-title elementor-size-default\">Pages du site ayant fait l'objet de la v\u00e9rification de conformit\u00e9<\/h3>\t\t\t\t<\/div>\n\t\t\t\t<\/div>\n\t\t\t\t<div class=\"elementor-element elementor-element-ecd0d2b elementor-widget elementor-widget-text-editor\" data-id=\"ecd0d2b\" data-element_type=\"widget\" data-widget_type=\"text-editor.default\">\n\t\t\t\t<div class=\"elementor-widget-container\">\n\t\t\t\t\t\t\t\t\t<ul><li><a href=\"https:\/\/calvi-aeroport.cci.corsica\/en\/\">Accueil<\/a><\/li><li><a href=\"https:\/\/calvi-aeroport.cci.corsica\/en\/accessibilite\/\">D\u00e9claration d&rsquo;accessibilit\u00e9<\/a><\/li><li><a href=\"https:\/\/calvi-aeroport.cci.corsica\/en\/mentions-legales\/\">Mentions l\u00e9gales<\/a><\/li><li><a href=\"https:\/\/calvi-aeroport.cci.corsica\/en\/?s=vols\">R\u00e9sultats de recherche pour \u00ab\u00a0vols\u00a0\u00bb<\/a><\/li><li><a href=\"https:\/\/calvi-aeroport.cci.corsica\/en\/actualites\/\">Actualit\u00e9s<\/a><\/li><li><a href=\"https:\/\/calvi-aeroport.cci.corsica\/en\/destinations\/\">Destinations<\/a><\/li><li><a href=\"https:\/\/calvi-aeroport.cci.corsica\/en\/horaires\/\">Horaires<\/a><\/li><li><a href=\"https:\/\/calvi-aeroport.cci.corsica\/en\/inspiration-voyages\/\">Inspiration voyages<\/a><\/li><li><a href=\"https:\/\/calvi-aeroport.cci.corsica\/en\/controle-de-surete\/\">Contr\u00f4le de s\u00fbret\u00e9<\/a><\/li><li><a href=\"https:\/\/calvi-aeroport.cci.corsica\/en\/aerobiodiversite\/\">A\u00e9robiodiversit\u00e9<\/a><\/li><li><a href=\"https:\/\/calvi-aeroport.cci.corsica\/en\/espace-pro\/\">Espace pro<\/a><\/li><\/ul>\t\t\t\t\t\t\t\t<\/div>\n\t\t\t\t<\/div>\n\t\t\t\t<div class=\"elementor-element elementor-element-e64a7db elementor-widget elementor-widget-heading\" data-id=\"e64a7db\" data-element_type=\"widget\" data-widget_type=\"heading.default\">\n\t\t\t\t<div class=\"elementor-widget-container\">\n\t\t\t\t\t<h2 class=\"elementor-heading-title elementor-size-default\">Retour d'informations et contact<\/h2>\t\t\t\t<\/div>\n\t\t\t\t<\/div>\n\t\t\t\t<div class=\"elementor-element elementor-element-348d9c7 elementor-widget elementor-widget-text-editor\" data-id=\"348d9c7\" data-element_type=\"widget\" data-widget_type=\"text-editor.default\">\n\t\t\t\t<div class=\"elementor-widget-container\">\n\t\t\t\t\t\t\t\t\t<p>Si vous n\u2019arrivez pas \u00e0 acc\u00e9der \u00e0 un contenu ou \u00e0 un service, vous pouvez contacter le responsable du site internet pour \u00eatre orient\u00e9 vers une alternative accessible ou obtenir le contenu sous une autre forme.<\/p><p>Pour nous contacter, vous pouvez nous appeler au 04 95 54 44 44 ou nous \u00e9crire\u00a0via la <a href=\"https:\/\/calvi-aeroport.cci.corsica\/en\/contacter-laeroport\/\"><span style=\"text-decoration: underline;\">page contact<\/span>.<\/a><\/p>\t\t\t\t\t\t\t\t<\/div>\n\t\t\t\t<\/div>\n\t\t\t\t<div class=\"elementor-element elementor-element-870d38a elementor-widget elementor-widget-heading\" data-id=\"870d38a\" data-element_type=\"widget\" data-widget_type=\"heading.default\">\n\t\t\t\t<div class=\"elementor-widget-container\">\n\t\t\t\t\t<h2 class=\"elementor-heading-title elementor-size-default\">Voies de recours\n<\/h2>\t\t\t\t<\/div>\n\t\t\t\t<\/div>\n\t\t\t\t<div class=\"elementor-element elementor-element-667f11a elementor-widget elementor-widget-text-editor\" data-id=\"667f11a\" data-element_type=\"widget\" data-widget_type=\"text-editor.default\">\n\t\t\t\t<div class=\"elementor-widget-container\">\n\t\t\t\t\t\t\t\t\tSi vous constatez un d\u00e9faut d\u2019accessibilit\u00e9 vous emp\u00eachant d\u2019acc\u00e9der \u00e0 un contenu ou une fonctionnalit\u00e9 du site, que vous nous le signalez et que vous ne parvenez pas \u00e0 obtenir une r\u00e9ponse de notre part, vous \u00eates en droit de faire parvenir vos dol\u00e9ances ou une demande de saisine au D\u00e9fenseur des droits.\n\nPlusieurs moyens sont \u00e0 votre disposition\u00a0:\n<ul>\n \t<li>\u00c9crire un message au <a href=\"https:\/\/formulaire.defenseurdesdroits.fr\/\" target=\"_blank\" rel=\"noopener\">D\u00e9fenseur des droits<\/a><\/li>\n \t<li>Contacter le <a href=\"https:\/\/www.defenseurdesdroits.fr\/saisir\/delegues\" target=\"_blank\" rel=\"noopener\">d\u00e9l\u00e9gu\u00e9 du D\u00e9fenseur des droits<\/a> dans votre r\u00e9gion<\/li>\n \t<li>Envoyer un courrier par la poste (gratuit, ne pas mettre de timbre) <br>D\u00e9fenseur des droits <br>Libre r\u00e9ponse 71120 <br>75342 Paris CEDEX 07<\/li>\n<\/ul>\t\t\t\t\t\t\t\t<\/div>\n\t\t\t\t<\/div>\n\t\t\t\t\t<\/div>\n\t\t\t\t<\/div>\n\t\t\t\t<\/div>","protected":false},"excerpt":{"rendered":"<p>\u00c9tat de conformit\u00e9 La CCI de Corse s\u2019engage \u00e0 rendre son site internet accessible conform\u00e9ment \u00e0 l\u2019article 47 de la loi n\u00b0 2005-102 du 11 f\u00e9vrier 2005. Cette d\u00e9claration d\u2019accessibilit\u00e9 s\u2019applique au site https:\/\/calvi-aeroport.cci.corsica\/. Elle a \u00e9t\u00e9 r\u00e9alis\u00e9e le 27 juillet 2024, sur la base des contenus disponibles \u00e0 cette date. R\u00e9sultats des tests L\u2019audit [&hellip;]<\/p>\n","protected":false},"author":1,"featured_media":0,"parent":0,"menu_order":0,"comment_status":"closed","ping_status":"closed","template":"","meta":{"_acf_changed":false,"_seopress_robots_primary_cat":"","_seopress_titles_title":"","_seopress_titles_desc":"","_seopress_robots_index":"","footnotes":""},"type-de-page":[6],"class_list":["post-1931","page","type-page","status-publish","hentry","type-de-page-page-sans-image"],"acf":[],"_links":{"self":[{"href":"https:\/\/calvi-aeroport.cci.corsica\/en\/wp-json\/wp\/v2\/pages\/1931","targetHints":{"allow":["GET"]}}],"collection":[{"href":"https:\/\/calvi-aeroport.cci.corsica\/en\/wp-json\/wp\/v2\/pages"}],"about":[{"href":"https:\/\/calvi-aeroport.cci.corsica\/en\/wp-json\/wp\/v2\/types\/page"}],"author":[{"embeddable":true,"href":"https:\/\/calvi-aeroport.cci.corsica\/en\/wp-json\/wp\/v2\/users\/1"}],"replies":[{"embeddable":true,"href":"https:\/\/calvi-aeroport.cci.corsica\/en\/wp-json\/wp\/v2\/comments?post=1931"}],"version-history":[{"count":25,"href":"https:\/\/calvi-aeroport.cci.corsica\/en\/wp-json\/wp\/v2\/pages\/1931\/revisions"}],"predecessor-version":[{"id":2124,"href":"https:\/\/calvi-aeroport.cci.corsica\/en\/wp-json\/wp\/v2\/pages\/1931\/revisions\/2124"}],"wp:attachment":[{"href":"https:\/\/calvi-aeroport.cci.corsica\/en\/wp-json\/wp\/v2\/media?parent=1931"}],"wp:term":[{"taxonomy":"type-de-page","embeddable":true,"href":"https:\/\/calvi-aeroport.cci.corsica\/en\/wp-json\/wp\/v2\/type-de-page?post=1931"}],"curies":[{"name":"wp","href":"https:\/\/api.w.org\/{rel}","templated":true}]}}