{"id":1299,"date":"2024-07-01T14:29:12","date_gmt":"2024-07-01T12:29:12","guid":{"rendered":"https:\/\/calvi-aeroport.cci.corsica\/?page_id=1299"},"modified":"2026-01-21T11:23:16","modified_gmt":"2026-01-21T10:23:16","slug":"histoire","status":"publish","type":"page","link":"https:\/\/calvi-aeroport.cci.corsica\/en\/histoire\/","title":{"rendered":"Histoire"},"content":{"rendered":"<div data-elementor-type=\"wp-page\" data-elementor-id=\"1299\" class=\"elementor elementor-1299\" data-elementor-post-type=\"page\">\n\t\t\t\t<div class=\"elementor-element elementor-element-ffe817a e-flex e-con-boxed e-con e-parent\" data-id=\"ffe817a\" data-element_type=\"container\">\n\t\t\t\t\t<div class=\"e-con-inner\">\n\t\t\t\t<div class=\"elementor-element elementor-element-8010e4f elementor-widget elementor-widget-text-editor\" data-id=\"8010e4f\" data-element_type=\"widget\" data-widget_type=\"text-editor.default\">\n\t\t\t\t<div class=\"elementor-widget-container\">\n\t\t\t\t\t\t\t\t\t<p>Au fil de son histoire, l\u2019a\u00e9roport de Calvi Sainte-Catherine a pris toute sa place sur le territoire et s&rsquo;est ancr\u00e9 dans l&rsquo;\u00e9conomie de la la r\u00e9gion qu&rsquo;il dessert. <\/p>\t\t\t\t\t\t\t\t<\/div>\n\t\t\t\t<\/div>\n\t\t\t\t<div class=\"elementor-element elementor-element-b0b08a6 elementor--h-position-center elementor--v-position-middle elementor-arrows-position-inside elementor-pagination-position-inside elementor-widget elementor-widget-slides\" data-id=\"b0b08a6\" data-element_type=\"widget\" data-settings=\"{&quot;navigation&quot;:&quot;both&quot;,&quot;autoplay&quot;:&quot;yes&quot;,&quot;pause_on_hover&quot;:&quot;yes&quot;,&quot;pause_on_interaction&quot;:&quot;yes&quot;,&quot;autoplay_speed&quot;:5000,&quot;infinite&quot;:&quot;yes&quot;,&quot;transition&quot;:&quot;slide&quot;,&quot;transition_speed&quot;:500}\" data-widget_type=\"slides.default\">\n\t\t\t\t<div class=\"elementor-widget-container\">\n\t\t\t\t\t\t\t\t\t<div class=\"elementor-swiper\">\n\t\t\t\t\t<div class=\"elementor-slides-wrapper elementor-main-swiper swiper\" role=\"region\" aria-roledescription=\"carousel\" aria-label=\"Diapositives\" dir=\"ltr\" data-animation=\"fadeInUp\">\n\t\t\t\t<div class=\"swiper-wrapper elementor-slides\">\n\t\t\t\t\t\t\t\t\t\t<div class=\"elementor-repeater-item-bb22c6d swiper-slide\" role=\"group\" aria-roledescription=\"slide\"><div class=\"swiper-slide-bg\" role=\"img\"><\/div><div class=\"elementor-background-overlay\"><\/div><div class=\"swiper-slide-inner\" ><div class=\"swiper-slide-contents\"><div class=\"elementor-slide-heading\">1945 : US Air Force construit le l\u2019a\u00e9rodrome de Calvi pendant la seconde guerre Mondiale sur un terrain priv\u00e9 <\/div><\/div><\/div><\/div><div class=\"elementor-repeater-item-183adcc swiper-slide\" role=\"group\" aria-roledescription=\"slide\"><div class=\"swiper-slide-bg\" role=\"img\"><\/div><div class=\"swiper-slide-inner\" ><div class=\"swiper-slide-contents\"><div class=\"elementor-slide-heading\">1956 : L\u2019Etat rach\u00e8te l\u2019a\u00e9rodrome.<\/div><div class=\"elementor-slide-description\"> Un arr\u00eat\u00e9 d\u2019autorisation temporaire est sign\u00e9 le 12 mai par laquelle l'EPCI de Corse devient le gestionnaire de l\u2019a\u00e9roport. <\/div><\/div><\/div><\/div><div class=\"elementor-repeater-item-f5b2998 swiper-slide\" role=\"group\" aria-roledescription=\"slide\"><div class=\"swiper-slide-bg\" role=\"img\"><\/div><div class=\"elementor-background-overlay\"><\/div><div class=\"swiper-slide-inner\" ><div class=\"swiper-slide-contents\"><div class=\"elementor-slide-heading\">1958 : Construction du premier b\u00e2timent avec une tour de contr\u00f4le <\/div><div class=\"elementor-slide-description\">Construction du premier b\u00e2timent avecune tour de contr\u00f4le \n<\/div><\/div><\/div><\/div><div class=\"elementor-repeater-item-6bdbdec swiper-slide\" role=\"group\" aria-roledescription=\"slide\"><div class=\"swiper-slide-bg\" role=\"img\"><\/div><div class=\"elementor-background-overlay\"><\/div><div class=\"swiper-slide-inner\" ><div class=\"swiper-slide-contents\"><div class=\"elementor-slide-heading\">1973 : Am\u00e9nagement de l\u2019a\u00e9rogare <\/div><div class=\"elementor-slide-description\">Am\u00e9nagement de l\u2019a\u00e9rogare \n<\/div><\/div><\/div><\/div><div class=\"elementor-repeater-item-b56852e swiper-slide\" role=\"group\" aria-roledescription=\"slide\"><div class=\"swiper-slide-bg\" role=\"img\"><\/div><div class=\"elementor-background-overlay\"><\/div><div class=\"swiper-slide-inner\" ><div class=\"swiper-slide-contents\"><div class=\"elementor-slide-heading\">1995 : Extension de l\u2019a\u00e9rogare<\/div><div class=\"elementor-slide-description\">Capacit\u00e9  d\u2019accueil de 500 000 pax<\/div><\/div><\/div><\/div><div class=\"elementor-repeater-item-a1a6577 swiper-slide\" role=\"group\" aria-roledescription=\"slide\"><div class=\"swiper-slide-bg\" role=\"img\"><\/div><div class=\"elementor-background-overlay\"><\/div><div class=\"swiper-slide-inner\" ><div class=\"swiper-slide-contents\"><div class=\"elementor-slide-heading\">2005 : Nouvelle extension de l\u2019a\u00e9rogare destin\u00e9e au traitement des bagages en soute et du personnel de s\u00fbret\u00e9 <\/div><\/div><\/div><\/div><div class=\"elementor-repeater-item-765af61 swiper-slide\" role=\"group\" aria-roledescription=\"slide\"><div class=\"swiper-slide-bg\" role=\"img\"><\/div><div class=\"elementor-background-overlay\"><\/div><div class=\"swiper-slide-inner\" ><div class=\"swiper-slide-contents\"><div class=\"elementor-slide-heading\">2009 : Homologation de la piste et  lancement du p\u00f4le aviation g\u00e9n\u00e9rale et d\u2019affaires <\/div><div class=\"elementor-slide-description\"> \n\n<\/div><\/div><\/div><\/div><div class=\"elementor-repeater-item-2ec71bf swiper-slide\" role=\"group\" aria-roledescription=\"slide\"><div class=\"swiper-slide-bg\" role=\"img\"><\/div><div class=\"elementor-background-overlay\"><\/div><div class=\"swiper-slide-inner\" ><div class=\"swiper-slide-contents\"><div class=\"elementor-slide-heading\">2013 : Travaux d\u2019am\u00e9lioration a\u00e9ronautique<\/div><\/div><\/div><\/div><div class=\"elementor-repeater-item-31d8e2a swiper-slide\" role=\"group\" aria-roledescription=\"slide\"><div class=\"swiper-slide-bg\" role=\"img\"><\/div><div class=\"elementor-background-overlay\"><\/div><div class=\"swiper-slide-inner\" ><div class=\"swiper-slide-contents\"><div class=\"elementor-slide-heading\">2020 : Cr\u00e9ation d'un parking aviation d'affaires et g\u00e9n\u00e9rale<\/div><div class=\"elementor-slide-description\">\n\n<\/div><\/div><\/div><\/div><div class=\"elementor-repeater-item-dde6103 swiper-slide\" role=\"group\" aria-roledescription=\"slide\"><div class=\"swiper-slide-bg\" role=\"img\"><\/div><div class=\"elementor-background-overlay\"><\/div><div class=\"swiper-slide-inner\" ><div class=\"swiper-slide-contents\"><div class=\"elementor-slide-heading\">2023 : Trafic record ! <\/div><div class=\"elementor-slide-description\">Trafic record pour notre plateforme avec 362 541 PASSAGERS <\/div><\/div><\/div><\/div><div class=\"elementor-repeater-item-16e2b07 swiper-slide\" role=\"group\" aria-roledescription=\"slide\"><div class=\"swiper-slide-bg\" role=\"img\"><\/div><div class=\"elementor-background-overlay\"><\/div><div class=\"swiper-slide-inner\" ><div class=\"swiper-slide-contents\"><div class=\"elementor-slide-heading\">2023 : Lab\u00e9lisation et certification<\/div><div class=\"elementor-slide-description\">Obtention du label A\u00e9robio NIVEAU 1.\nCette lab\u00e9lisation vient d\u00e9montrer l\u2019investissement et l\u2019engagement de la part de la CCI de Corse et des \u00e9quipes a\u00e9roportuaires en mati\u00e8re de d\u00e9veloppement durable et pr\u00e9servation de l\u2019environnement \n&amp; Obtention de la certification niveau REDUCTION, en reconnaissance des actions men\u00e9es pour la r\u00e9duction des \u00e9missions de CO2<\/div><\/div><\/div><\/div>\t\t\t\t<\/div>\n\t\t\t\t\t\t\t\t\t\t\t\t\t\t\t<div class=\"elementor-swiper-button elementor-swiper-button-prev\" role=\"button\" tabindex=\"0\" aria-label=\"Diapositive pr\u00e9c\u00e9dente\">\n\t\t\t\t\t\t\t<svg aria-hidden=\"true\" class=\"e-font-icon-svg e-eicon-chevron-left\" viewbox=\"0 0 1000 1000\" xmlns=\"http:\/\/www.w3.org\/2000\/svg\"><path d=\"M646 125C629 125 613 133 604 142L308 442C296 454 292 471 292 487 292 504 296 521 308 533L604 854C617 867 629 875 646 875 663 875 679 871 692 858 704 846 713 829 713 812 713 796 708 779 692 767L438 487 692 225C700 217 708 204 708 187 708 171 704 154 692 142 675 129 663 125 646 125Z\"><\/path><\/svg>\t\t\t\t\t\t<\/div>\n\t\t\t\t\t\t<div class=\"elementor-swiper-button elementor-swiper-button-next\" role=\"button\" tabindex=\"0\" aria-label=\"Diapositive suivante\">\n\t\t\t\t\t\t\t<svg aria-hidden=\"true\" class=\"e-font-icon-svg e-eicon-chevron-right\" viewbox=\"0 0 1000 1000\" xmlns=\"http:\/\/www.w3.org\/2000\/svg\"><path d=\"M696 533C708 521 713 504 713 487 713 471 708 454 696 446L400 146C388 133 375 125 354 125 338 125 325 129 313 142 300 154 292 171 292 187 292 204 296 221 308 233L563 492 304 771C292 783 288 800 288 817 288 833 296 850 308 863 321 871 338 875 354 875 371 875 388 867 400 854L696 533Z\"><\/path><\/svg>\t\t\t\t\t\t<\/div>\n\t\t\t\t\t\t\t\t\t\t\t\t\t\t\t\t<div class=\"swiper-pagination\"><\/div>\n\t\t\t\t\t\t\t\t\t\t\t\t<\/div>\n\t\t\t\t<\/div>\n\t\t\t\t\t\t\t\t<\/div>\n\t\t\t\t<\/div>\n\t\t\t\t\t<\/div>\n\t\t\t\t<\/div>\n\t\t\t\t<\/div>","protected":false},"excerpt":{"rendered":"<p>Au fil de son histoire, l\u2019a\u00e9roport de Calvi Sainte-Catherine a pris toute sa place sur le territoire et s&rsquo;est ancr\u00e9 dans l&rsquo;\u00e9conomie de la la r\u00e9gion qu&rsquo;il dessert. 1945 : US Air Force construit le l\u2019a\u00e9rodrome de Calvi pendant la seconde guerre Mondiale sur un terrain priv\u00e9 1956 : L\u2019Etat rach\u00e8te l\u2019a\u00e9rodrome. Un arr\u00eat\u00e9 d\u2019autorisation [&hellip;]<\/p>\n","protected":false},"author":7,"featured_media":0,"parent":0,"menu_order":0,"comment_status":"closed","ping_status":"closed","template":"","meta":{"_acf_changed":false,"_seopress_robots_primary_cat":"","_seopress_titles_title":"","_seopress_titles_desc":"","_seopress_robots_index":"","footnotes":""},"type-de-page":[6],"class_list":["post-1299","page","type-page","status-publish","hentry","type-de-page-page-sans-image"],"acf":[],"_links":{"self":[{"href":"https:\/\/calvi-aeroport.cci.corsica\/en\/wp-json\/wp\/v2\/pages\/1299","targetHints":{"allow":["GET"]}}],"collection":[{"href":"https:\/\/calvi-aeroport.cci.corsica\/en\/wp-json\/wp\/v2\/pages"}],"about":[{"href":"https:\/\/calvi-aeroport.cci.corsica\/en\/wp-json\/wp\/v2\/types\/page"}],"author":[{"embeddable":true,"href":"https:\/\/calvi-aeroport.cci.corsica\/en\/wp-json\/wp\/v2\/users\/7"}],"replies":[{"embeddable":true,"href":"https:\/\/calvi-aeroport.cci.corsica\/en\/wp-json\/wp\/v2\/comments?post=1299"}],"version-history":[{"count":16,"href":"https:\/\/calvi-aeroport.cci.corsica\/en\/wp-json\/wp\/v2\/pages\/1299\/revisions"}],"predecessor-version":[{"id":2480,"href":"https:\/\/calvi-aeroport.cci.corsica\/en\/wp-json\/wp\/v2\/pages\/1299\/revisions\/2480"}],"wp:attachment":[{"href":"https:\/\/calvi-aeroport.cci.corsica\/en\/wp-json\/wp\/v2\/media?parent=1299"}],"wp:term":[{"taxonomy":"type-de-page","embeddable":true,"href":"https:\/\/calvi-aeroport.cci.corsica\/en\/wp-json\/wp\/v2\/type-de-page?post=1299"}],"curies":[{"name":"wp","href":"https:\/\/api.w.org\/{rel}","templated":true}]}}