{"id":1184,"date":"2024-06-27T10:33:53","date_gmt":"2024-06-27T08:33:53","guid":{"rendered":"https:\/\/calvi-aeroport.cci.corsica\/?page_id=1184"},"modified":"2024-06-27T10:39:17","modified_gmt":"2024-06-27T08:39:17","slug":"aeroports-de-corse","status":"publish","type":"page","link":"https:\/\/calvi-aeroport.cci.corsica\/en\/aeroports-de-corse\/","title":{"rendered":"A\u00e9roports de Corse"},"content":{"rendered":"<div data-elementor-type=\"wp-page\" data-elementor-id=\"1184\" class=\"elementor elementor-1184\" data-elementor-post-type=\"page\">\n\t\t\t\t<div class=\"elementor-element elementor-element-1035855 e-grid e-con-boxed e-con e-parent\" data-id=\"1035855\" data-element_type=\"container\">\n\t\t\t\t\t<div class=\"e-con-inner\">\n\t\t\t\t<div class=\"elementor-element elementor-element-ea30672 elementor-widget elementor-widget-text-editor\" data-id=\"ea30672\" data-element_type=\"widget\" data-widget_type=\"text-editor.default\">\n\t\t\t\t<div class=\"elementor-widget-container\">\n\t\t\t\t\t\t\t\t\t<p class=\"elementor-heading-title elementor-size-default\"><strong>La CCI g\u00e8re quatre plates-formes A\u00e9roportuaires pour le compte de la Collectivit\u00e9 de Corse.\u00a0Leur emplacement aux 4 coins de l&rsquo;\u00eele permet une r\u00e9elle mobilit\u00e9 de transport.\u00a0<\/strong><\/p><p>\u00a0<\/p><p>\u00a0<\/p><p><strong>En Haute-Corse :<\/strong><\/p><p>A\u00e9roport de Bastia Poretta<\/p><p class=\"soustitreaeroport\">+33 (0)4 95 54 54 54<\/p><p>A\u00e9roport de Calvi Sainte-Catherine<\/p><p>+33 (0)4 95 65 88 88<\/p><p>\u00a0<\/p><p>\u00a0<\/p><p><strong>En Corse-du-Sud :<\/strong><\/p><p>A\u00e9roport d&rsquo;Ajaccio Napol\u00e9on Bonaparte<\/p><p>+33 (0)4 95 23 56 56<\/p><p>A\u00e9roport de Figari Sud-Corse<\/p><p>+33 (0)4 95 71 10 10<\/p>\t\t\t\t\t\t\t\t<\/div>\n\t\t\t\t<\/div>\n\t\t\t\t<div class=\"elementor-element elementor-element-1e49234 elementor-widget elementor-widget-image\" data-id=\"1e49234\" data-element_type=\"widget\" data-widget_type=\"image.default\">\n\t\t\t\t<div class=\"elementor-widget-container\">\n\t\t\t\t\t\t\t\t\t\t\t\t\t\t\t<img fetchpriority=\"high\" decoding=\"async\" width=\"740\" height=\"1024\" src=\"https:\/\/calvi-aeroport.cci.corsica\/wp-content\/uploads\/sites\/4\/2024\/06\/AERO-CLY-740x1024.jpg\" class=\"attachment-large size-large wp-image-1188\" alt=\"Plan de la Corse avec les principaux axes routiers\" srcset=\"https:\/\/calvi-aeroport.cci.corsica\/wp-content\/uploads\/sites\/4\/2024\/06\/AERO-CLY-740x1024.jpg 740w, https:\/\/calvi-aeroport.cci.corsica\/wp-content\/uploads\/sites\/4\/2024\/06\/AERO-CLY-217x300.jpg 217w, https:\/\/calvi-aeroport.cci.corsica\/wp-content\/uploads\/sites\/4\/2024\/06\/AERO-CLY-768x1063.jpg 768w, https:\/\/calvi-aeroport.cci.corsica\/wp-content\/uploads\/sites\/4\/2024\/06\/AERO-CLY-9x12.jpg 9w, https:\/\/calvi-aeroport.cci.corsica\/wp-content\/uploads\/sites\/4\/2024\/06\/AERO-CLY.jpg 867w\" sizes=\"(max-width: 740px) 100vw, 740px\" \/>\t\t\t\t\t\t\t\t\t\t\t\t\t\t\t<\/div>\n\t\t\t\t<\/div>\n\t\t\t\t\t<\/div>\n\t\t\t\t<\/div>\n\t\t\t\t<\/div>","protected":false},"excerpt":{"rendered":"<p>La CCI g\u00e8re quatre plates-formes A\u00e9roportuaires pour le compte de la Collectivit\u00e9 de Corse.\u00a0Leur emplacement aux 4 coins de l&rsquo;\u00eele permet une r\u00e9elle mobilit\u00e9 de transport.\u00a0 \u00a0 \u00a0 En Haute-Corse : A\u00e9roport de Bastia Poretta +33 (0)4 95 54 54 54 A\u00e9roport de Calvi Sainte-Catherine +33 (0)4 95 65 88 88 \u00a0 \u00a0 En Corse-du-Sud [&hellip;]<\/p>\n","protected":false},"author":7,"featured_media":0,"parent":0,"menu_order":0,"comment_status":"closed","ping_status":"closed","template":"","meta":{"_acf_changed":false,"_seopress_robots_primary_cat":"","_seopress_titles_title":"","_seopress_titles_desc":"","_seopress_robots_index":"","footnotes":""},"type-de-page":[6],"class_list":["post-1184","page","type-page","status-publish","hentry","type-de-page-page-sans-image"],"acf":[],"_links":{"self":[{"href":"https:\/\/calvi-aeroport.cci.corsica\/en\/wp-json\/wp\/v2\/pages\/1184","targetHints":{"allow":["GET"]}}],"collection":[{"href":"https:\/\/calvi-aeroport.cci.corsica\/en\/wp-json\/wp\/v2\/pages"}],"about":[{"href":"https:\/\/calvi-aeroport.cci.corsica\/en\/wp-json\/wp\/v2\/types\/page"}],"author":[{"embeddable":true,"href":"https:\/\/calvi-aeroport.cci.corsica\/en\/wp-json\/wp\/v2\/users\/7"}],"replies":[{"embeddable":true,"href":"https:\/\/calvi-aeroport.cci.corsica\/en\/wp-json\/wp\/v2\/comments?post=1184"}],"version-history":[{"count":4,"href":"https:\/\/calvi-aeroport.cci.corsica\/en\/wp-json\/wp\/v2\/pages\/1184\/revisions"}],"predecessor-version":[{"id":1191,"href":"https:\/\/calvi-aeroport.cci.corsica\/en\/wp-json\/wp\/v2\/pages\/1184\/revisions\/1191"}],"wp:attachment":[{"href":"https:\/\/calvi-aeroport.cci.corsica\/en\/wp-json\/wp\/v2\/media?parent=1184"}],"wp:term":[{"taxonomy":"type-de-page","embeddable":true,"href":"https:\/\/calvi-aeroport.cci.corsica\/en\/wp-json\/wp\/v2\/type-de-page?post=1184"}],"curies":[{"name":"wp","href":"https:\/\/api.w.org\/{rel}","templated":true}]}}