{"id":1120,"date":"2024-06-25T22:33:24","date_gmt":"2024-06-25T20:33:24","guid":{"rendered":"https:\/\/calvi-aeroport.cci.corsica\/?page_id=1120"},"modified":"2024-06-25T22:34:44","modified_gmt":"2024-06-25T20:34:44","slug":"marches-publics","status":"publish","type":"page","link":"https:\/\/calvi-aeroport.cci.corsica\/en\/marches-publics\/","title":{"rendered":"March\u00e9s Publics"},"content":{"rendered":"<div data-elementor-type=\"wp-page\" data-elementor-id=\"1120\" class=\"elementor elementor-1120\" data-elementor-post-type=\"page\">\n\t\t\t\t<div class=\"elementor-element elementor-element-a32bf42 e-flex e-con-boxed e-con e-parent\" data-id=\"a32bf42\" data-element_type=\"container\">\n\t\t\t\t\t<div class=\"e-con-inner\">\n\t\t\t\t<div class=\"elementor-element elementor-element-3a42b78 elementor-widget elementor-widget-text-editor\" data-id=\"3a42b78\" data-element_type=\"widget\" data-widget_type=\"text-editor.default\">\n\t\t\t\t<div class=\"elementor-widget-container\">\n\t\t\t\t\t\t\t\t\t<p>La PLACE est la plate-forme de d\u00e9mat\u00e9rialisation des proc\u00e9dures de march\u00e9 de l\u2019Etat. Elle permet aux entreprises de consulter et r\u00e9pondre aux consultations \u00e9manant des services de l\u2019Etat en administration centrale et en services d\u00e9concentr\u00e9s, des \u00e9tablissements publics relevant de ceux-ci, ainsi que des chambres de commerce et d\u2019industrie et de l\u2019Union des groupements d\u2019achats publics (UGAP)<\/p>\t\t\t\t\t\t\t\t<\/div>\n\t\t\t\t<\/div>\n\t\t\t\t<div class=\"elementor-element elementor-element-155bd91 elementor-align-center elementor-widget elementor-widget-button\" data-id=\"155bd91\" data-element_type=\"widget\" data-widget_type=\"button.default\">\n\t\t\t\t<div class=\"elementor-widget-container\">\n\t\t\t\t\t\t\t\t\t<div class=\"elementor-button-wrapper\">\n\t\t\t\t\t<a class=\"elementor-button elementor-button-link elementor-size-sm\" href=\"https:\/\/www.marches-publics.gouv.fr\/entreprise\">\n\t\t\t\t\t\t<span class=\"elementor-button-content-wrapper\">\n\t\t\t\t\t\t\t\t\t<span class=\"elementor-button-text\">www.marches-publics.gouv.fr<\/span>\n\t\t\t\t\t<\/span>\n\t\t\t\t\t<\/a>\n\t\t\t\t<\/div>\n\t\t\t\t\t\t\t\t<\/div>\n\t\t\t\t<\/div>\n\t\t\t\t\t<\/div>\n\t\t\t\t<\/div>\n\t\t\t\t<\/div>","protected":false},"excerpt":{"rendered":"<p>La PLACE est la plate-forme de d\u00e9mat\u00e9rialisation des proc\u00e9dures de march\u00e9 de l\u2019Etat. Elle permet aux entreprises de consulter et r\u00e9pondre aux consultations \u00e9manant des services de l\u2019Etat en administration centrale et en services d\u00e9concentr\u00e9s, des \u00e9tablissements publics relevant de ceux-ci, ainsi que des chambres de commerce et d\u2019industrie et de l\u2019Union des groupements d\u2019achats [&hellip;]<\/p>\n","protected":false},"author":4,"featured_media":0,"parent":0,"menu_order":0,"comment_status":"closed","ping_status":"closed","template":"","meta":{"_acf_changed":false,"_seopress_robots_primary_cat":"","_seopress_titles_title":"","_seopress_titles_desc":"","_seopress_robots_index":"","footnotes":""},"type-de-page":[6],"class_list":["post-1120","page","type-page","status-publish","hentry","type-de-page-page-sans-image"],"acf":[],"_links":{"self":[{"href":"https:\/\/calvi-aeroport.cci.corsica\/en\/wp-json\/wp\/v2\/pages\/1120","targetHints":{"allow":["GET"]}}],"collection":[{"href":"https:\/\/calvi-aeroport.cci.corsica\/en\/wp-json\/wp\/v2\/pages"}],"about":[{"href":"https:\/\/calvi-aeroport.cci.corsica\/en\/wp-json\/wp\/v2\/types\/page"}],"author":[{"embeddable":true,"href":"https:\/\/calvi-aeroport.cci.corsica\/en\/wp-json\/wp\/v2\/users\/4"}],"replies":[{"embeddable":true,"href":"https:\/\/calvi-aeroport.cci.corsica\/en\/wp-json\/wp\/v2\/comments?post=1120"}],"version-history":[{"count":4,"href":"https:\/\/calvi-aeroport.cci.corsica\/en\/wp-json\/wp\/v2\/pages\/1120\/revisions"}],"predecessor-version":[{"id":1126,"href":"https:\/\/calvi-aeroport.cci.corsica\/en\/wp-json\/wp\/v2\/pages\/1120\/revisions\/1126"}],"wp:attachment":[{"href":"https:\/\/calvi-aeroport.cci.corsica\/en\/wp-json\/wp\/v2\/media?parent=1120"}],"wp:term":[{"taxonomy":"type-de-page","embeddable":true,"href":"https:\/\/calvi-aeroport.cci.corsica\/en\/wp-json\/wp\/v2\/type-de-page?post=1120"}],"curies":[{"name":"wp","href":"https:\/\/api.w.org\/{rel}","templated":true}]}}