{"id":1059,"date":"2024-06-25T22:06:37","date_gmt":"2024-06-25T20:06:37","guid":{"rendered":"https:\/\/calvi-aeroport.cci.corsica\/?page_id=1059"},"modified":"2024-09-17T14:33:09","modified_gmt":"2024-09-17T12:33:09","slug":"regie-pub","status":"publish","type":"page","link":"https:\/\/calvi-aeroport.cci.corsica\/en\/regie-pub\/","title":{"rendered":"R\u00e9gie publicitaire"},"content":{"rendered":"<div data-elementor-type=\"wp-page\" data-elementor-id=\"1059\" class=\"elementor elementor-1059\" data-elementor-post-type=\"page\">\n\t\t\t\t<div class=\"elementor-element elementor-element-36b5360 e-flex e-con-boxed e-con e-parent\" data-id=\"36b5360\" data-element_type=\"container\">\n\t\t\t\t\t<div class=\"e-con-inner\">\n\t\t<div class=\"elementor-element elementor-element-c2733a1 e-con-full e-flex e-con e-child\" data-id=\"c2733a1\" data-element_type=\"container\">\n\t\t\t\t<div class=\"elementor-element elementor-element-8f7338f elementor-widget__width-initial elementor-view-default elementor-widget elementor-widget-icon\" data-id=\"8f7338f\" data-element_type=\"widget\" data-widget_type=\"icon.default\">\n\t\t\t\t<div class=\"elementor-widget-container\">\n\t\t\t\t\t\t\t<div class=\"elementor-icon-wrapper\">\n\t\t\t<div class=\"elementor-icon\">\n\t\t\t<svg aria-hidden=\"true\" class=\"e-font-icon-svg e-far-newspaper\" viewbox=\"0 0 576 512\" xmlns=\"http:\/\/www.w3.org\/2000\/svg\"><path d=\"M552 64H112c-20.858 0-38.643 13.377-45.248 32H24c-13.255 0-24 10.745-24 24v272c0 30.928 25.072 56 56 56h496c13.255 0 24-10.745 24-24V88c0-13.255-10.745-24-24-24zM48 392V144h16v248c0 4.411-3.589 8-8 8s-8-3.589-8-8zm480 8H111.422c.374-2.614.578-5.283.578-8V112h416v288zM172 280h136c6.627 0 12-5.373 12-12v-96c0-6.627-5.373-12-12-12H172c-6.627 0-12 5.373-12 12v96c0 6.627 5.373 12 12 12zm28-80h80v40h-80v-40zm-40 140v-24c0-6.627 5.373-12 12-12h136c6.627 0 12 5.373 12 12v24c0 6.627-5.373 12-12 12H172c-6.627 0-12-5.373-12-12zm192 0v-24c0-6.627 5.373-12 12-12h104c6.627 0 12 5.373 12 12v24c0 6.627-5.373 12-12 12H364c-6.627 0-12-5.373-12-12zm0-144v-24c0-6.627 5.373-12 12-12h104c6.627 0 12 5.373 12 12v24c0 6.627-5.373 12-12 12H364c-6.627 0-12-5.373-12-12zm0 72v-24c0-6.627 5.373-12 12-12h104c6.627 0 12 5.373 12 12v24c0 6.627-5.373 12-12 12H364c-6.627 0-12-5.373-12-12z\"><\/path><\/svg>\t\t\t<\/div>\n\t\t<\/div>\n\t\t\t\t\t\t<\/div>\n\t\t\t\t<\/div>\n\t\t\t\t<\/div>\n\t\t<div class=\"elementor-element elementor-element-e849a94 e-con-full e-flex e-con e-child\" data-id=\"e849a94\" data-element_type=\"container\">\n\t\t\t\t<div class=\"elementor-element elementor-element-a655539 elementor-widget elementor-widget-heading\" data-id=\"a655539\" data-element_type=\"widget\" data-widget_type=\"heading.default\">\n\t\t\t\t<div class=\"elementor-widget-container\">\n\t\t\t\t\t<h3 class=\"elementor-heading-title elementor-size-default\">REGIE DES ESPACES PUBLICITAIRES <\/h3>\t\t\t\t<\/div>\n\t\t\t\t<\/div>\n\t\t\t\t<div class=\"elementor-element elementor-element-dc2ba28 elementor-widget elementor-widget-text-editor\" data-id=\"dc2ba28\" data-element_type=\"widget\" data-widget_type=\"text-editor.default\">\n\t\t\t\t<div class=\"elementor-widget-container\">\n\t\t\t\t\t\t\t\t\t<p>Retrouvez la r\u00e9gie qui commercialise les espaces publicitaires de l\u2019a\u00e9roport de Calvi :<\/p>\t\t\t\t\t\t\t\t<\/div>\n\t\t\t\t<\/div>\n\t\t\t\t<div class=\"elementor-element elementor-element-d5f9c39 elementor-widget elementor-widget-spacer\" data-id=\"d5f9c39\" data-element_type=\"widget\" data-widget_type=\"spacer.default\">\n\t\t\t\t<div class=\"elementor-widget-container\">\n\t\t\t\t\t\t\t<div class=\"elementor-spacer\">\n\t\t\t<div class=\"elementor-spacer-inner\"><\/div>\n\t\t<\/div>\n\t\t\t\t\t\t<\/div>\n\t\t\t\t<\/div>\n\t\t\t\t<div class=\"elementor-element elementor-element-abbe7a6 elementor-widget elementor-widget-heading\" data-id=\"abbe7a6\" data-element_type=\"widget\" data-widget_type=\"heading.default\">\n\t\t\t\t<div class=\"elementor-widget-container\">\n\t\t\t\t\t<h3 class=\"elementor-heading-title elementor-size-default\">SOCI\u00c9T\u00c9 FRATICOM<\/h3>\t\t\t\t<\/div>\n\t\t\t\t<\/div>\n\t\t\t\t<div class=\"elementor-element elementor-element-f49bea5 elementor-align-left elementor-icon-list--layout-traditional elementor-list-item-link-full_width elementor-widget elementor-widget-icon-list\" data-id=\"f49bea5\" data-element_type=\"widget\" data-widget_type=\"icon-list.default\">\n\t\t\t\t<div class=\"elementor-widget-container\">\n\t\t\t\t\t\t\t<ul class=\"elementor-icon-list-items\">\n\t\t\t\t\t\t\t<li class=\"elementor-icon-list-item\">\n\t\t\t\t\t\t\t\t\t\t\t<span class=\"elementor-icon-list-icon\">\n\t\t\t\t\t\t\t<svg aria-hidden=\"true\" class=\"e-font-icon-svg e-fas-phone-alt\" viewbox=\"0 0 512 512\" xmlns=\"http:\/\/www.w3.org\/2000\/svg\"><path d=\"M497.39 361.8l-112-48a24 24 0 0 0-28 6.9l-49.6 60.6A370.66 370.66 0 0 1 130.6 204.11l60.6-49.6a23.94 23.94 0 0 0 6.9-28l-48-112A24.16 24.16 0 0 0 122.6.61l-104 24A24 24 0 0 0 0 48c0 256.5 207.9 464 464 464a24 24 0 0 0 23.4-18.6l24-104a24.29 24.29 0 0 0-14.01-27.6z\"><\/path><\/svg>\t\t\t\t\t\t<\/span>\n\t\t\t\t\t\t\t\t\t\t<span class=\"elementor-icon-list-text\">+33 (0)4 95 55 79 16 \/ +33 (0)6 20 44 22 38<\/span>\n\t\t\t\t\t\t\t\t\t<\/li>\n\t\t\t\t\t\t\t\t<li class=\"elementor-icon-list-item\">\n\t\t\t\t\t\t\t\t\t\t\t<a href=\"http:\/\/fraticelli.pj@orange.fr\">\n\n\t\t\t\t\t\t\t\t\t\t\t\t<span class=\"elementor-icon-list-icon\">\n\t\t\t\t\t\t\t<svg aria-hidden=\"true\" class=\"e-font-icon-svg e-fas-envelope\" viewbox=\"0 0 512 512\" xmlns=\"http:\/\/www.w3.org\/2000\/svg\"><path d=\"M502.3 190.8c3.9-3.1 9.7-.2 9.7 4.7V400c0 26.5-21.5 48-48 48H48c-26.5 0-48-21.5-48-48V195.6c0-5 5.7-7.8 9.7-4.7 22.4 17.4 52.1 39.5 154.1 113.6 21.1 15.4 56.7 47.8 92.2 47.6 35.7.3 72-32.8 92.3-47.6 102-74.1 131.6-96.3 154-113.7zM256 320c23.2.4 56.6-29.2 73.4-41.4 132.7-96.3 142.8-104.7 173.4-128.7 5.8-4.5 9.2-11.5 9.2-18.9v-19c0-26.5-21.5-48-48-48H48C21.5 64 0 85.5 0 112v19c0 7.4 3.4 14.3 9.2 18.9 30.6 23.9 40.7 32.4 173.4 128.7 16.8 12.2 50.2 41.8 73.4 41.4z\"><\/path><\/svg>\t\t\t\t\t\t<\/span>\n\t\t\t\t\t\t\t\t\t\t<span class=\"elementor-icon-list-text\">fraticelli.pj@orange.fr<\/span>\n\t\t\t\t\t\t\t\t\t\t\t<\/a>\n\t\t\t\t\t\t\t\t\t<\/li>\n\t\t\t\t\t\t\t\t<li class=\"elementor-icon-list-item\">\n\t\t\t\t\t\t\t\t\t\t\t<a href=\"http:\/\/www.fraticom.com\">\n\n\t\t\t\t\t\t\t\t\t\t\t\t<span class=\"elementor-icon-list-icon\">\n\t\t\t\t\t\t\t<svg aria-hidden=\"true\" class=\"e-font-icon-svg e-fab-internet-explorer\" viewbox=\"0 0 512 512\" xmlns=\"http:\/\/www.w3.org\/2000\/svg\"><path d=\"M483.049 159.706c10.855-24.575 21.424-60.438 21.424-87.871 0-72.722-79.641-98.371-209.673-38.577-107.632-7.181-211.221 73.67-237.098 186.457 30.852-34.862 78.271-82.298 121.977-101.158C125.404 166.85 79.128 228.002 43.992 291.725 23.246 329.651 0 390.94 0 436.747c0 98.575 92.854 86.5 180.251 42.006 31.423 15.43 66.559 15.573 101.695 15.573 97.124 0 184.249-54.294 216.814-146.022H377.927c-52.509 88.593-196.819 52.996-196.819-47.436H509.9c6.407-43.581-1.655-95.715-26.851-141.162zM64.559 346.877c17.711 51.15 53.703 95.871 100.266 123.304-88.741 48.94-173.267 29.096-100.266-123.304zm115.977-108.873c2-55.151 50.276-94.871 103.98-94.871 53.418 0 101.981 39.72 103.981 94.871H180.536zm184.536-187.6c21.425-10.287 48.563-22.003 72.558-22.003 31.422 0 54.274 21.717 54.274 53.722 0 20.003-7.427 49.007-14.569 67.867-26.28-42.292-65.986-81.584-112.263-99.586z\"><\/path><\/svg>\t\t\t\t\t\t<\/span>\n\t\t\t\t\t\t\t\t\t\t<span class=\"elementor-icon-list-text\">www.fraticom.com<\/span>\n\t\t\t\t\t\t\t\t\t\t\t<\/a>\n\t\t\t\t\t\t\t\t\t<\/li>\n\t\t\t\t\t\t<\/ul>\n\t\t\t\t\t\t<\/div>\n\t\t\t\t<\/div>\n\t\t\t\t<\/div>\n\t\t\t\t\t<\/div>\n\t\t\t\t<\/div>\n\t\t<div class=\"elementor-element elementor-element-1ee633b e-flex e-con-boxed e-con e-parent\" data-id=\"1ee633b\" data-element_type=\"container\">\n\t\t\t\t\t<div class=\"e-con-inner\">\n\t\t\t\t\t<\/div>\n\t\t\t\t<\/div>\n\t\t\t\t<\/div>","protected":false},"excerpt":{"rendered":"<p>REGIE DES ESPACES PUBLICITAIRES Retrouvez la r\u00e9gie qui commercialise les espaces publicitaires de l\u2019a\u00e9roport de Calvi : SOCI\u00c9T\u00c9 FRATICOM +33 (0)4 95 55 79 16 \/ +33 (0)6 20 44 22 38 fraticelli.pj@orange.fr www.fraticom.com<\/p>","protected":false},"author":4,"featured_media":0,"parent":0,"menu_order":0,"comment_status":"closed","ping_status":"closed","template":"","meta":{"_acf_changed":false,"_seopress_robots_primary_cat":"","_seopress_titles_title":"","_seopress_titles_desc":"","_seopress_robots_index":"","footnotes":""},"type-de-page":[6],"class_list":["post-1059","page","type-page","status-publish","hentry","type-de-page-page-sans-image"],"acf":[],"_links":{"self":[{"href":"https:\/\/calvi-aeroport.cci.corsica\/en\/wp-json\/wp\/v2\/pages\/1059","targetHints":{"allow":["GET"]}}],"collection":[{"href":"https:\/\/calvi-aeroport.cci.corsica\/en\/wp-json\/wp\/v2\/pages"}],"about":[{"href":"https:\/\/calvi-aeroport.cci.corsica\/en\/wp-json\/wp\/v2\/types\/page"}],"author":[{"embeddable":true,"href":"https:\/\/calvi-aeroport.cci.corsica\/en\/wp-json\/wp\/v2\/users\/4"}],"replies":[{"embeddable":true,"href":"https:\/\/calvi-aeroport.cci.corsica\/en\/wp-json\/wp\/v2\/comments?post=1059"}],"version-history":[{"count":16,"href":"https:\/\/calvi-aeroport.cci.corsica\/en\/wp-json\/wp\/v2\/pages\/1059\/revisions"}],"predecessor-version":[{"id":2092,"href":"https:\/\/calvi-aeroport.cci.corsica\/en\/wp-json\/wp\/v2\/pages\/1059\/revisions\/2092"}],"wp:attachment":[{"href":"https:\/\/calvi-aeroport.cci.corsica\/en\/wp-json\/wp\/v2\/media?parent=1059"}],"wp:term":[{"taxonomy":"type-de-page","embeddable":true,"href":"https:\/\/calvi-aeroport.cci.corsica\/en\/wp-json\/wp\/v2\/type-de-page?post=1059"}],"curies":[{"name":"wp","href":"https:\/\/api.w.org\/{rel}","templated":true}]}}