{"id":1055,"date":"2024-06-25T22:05:59","date_gmt":"2024-06-25T20:05:59","guid":{"rendered":"https:\/\/calvi-aeroport.cci.corsica\/?page_id=1055"},"modified":"2024-09-18T12:35:55","modified_gmt":"2024-09-18T10:35:55","slug":"developpement-du-reseau","status":"publish","type":"page","link":"https:\/\/calvi-aeroport.cci.corsica\/en\/developpement-du-reseau\/","title":{"rendered":"D\u00e9veloppement du r\u00e9seau"},"content":{"rendered":"<div data-elementor-type=\"wp-page\" data-elementor-id=\"1055\" class=\"elementor elementor-1055\" data-elementor-post-type=\"page\">\n\t\t\t\t<div class=\"elementor-element elementor-element-921cae8 e-flex e-con-boxed e-con e-parent\" data-id=\"921cae8\" data-element_type=\"container\">\n\t\t\t\t\t<div class=\"e-con-inner\">\n\t\t<div class=\"elementor-element elementor-element-6ea3710 e-flex e-con-boxed e-con e-child\" data-id=\"6ea3710\" data-element_type=\"container\">\n\t\t\t\t\t<div class=\"e-con-inner\">\n\t\t\t\t<div class=\"elementor-element elementor-element-a5da70b elementor-widget elementor-widget-text-editor\" data-id=\"a5da70b\" data-element_type=\"widget\" data-widget_type=\"text-editor.default\">\n\t\t\t\t<div class=\"elementor-widget-container\">\n\t\t\t\t\t\t\t\t\t<p>Vous \u00eates une compagnie a\u00e9rienne ou un tour-op\u00e9rateur et vous souhaitez :<\/p>\t\t\t\t\t\t\t\t<\/div>\n\t\t\t\t<\/div>\n\t\t\t\t<div class=\"elementor-element elementor-element-c8bd960 elementor-widget elementor-widget-text-editor\" data-id=\"c8bd960\" data-element_type=\"widget\" data-widget_type=\"text-editor.default\">\n\t\t\t\t<div class=\"elementor-widget-container\">\n\t\t\t\t\t\t\t\t\t<p><strong><span style=\"color: var( --e-global-color-text );font-family: var( --e-global-typography-text-font-family ), Sans-serif;font-size: var( --e-global-typography-text-font-size );text-align: var(--text-align)\">Accrocher Calvi \u00e0 votre r\u00e9seau de lignes, une nouvelle destination d\u2019exception en M\u00e9diterran\u00e9e \u00e0 proposer \u00e0 vos clients ?<\/span><\/strong><\/p><p><strong>\u00c9toffer votre offre existante au d\u00e9part de l\u2019a\u00e9roport de Calvi ?<\/strong><\/p>\t\t\t\t\t\t\t\t<\/div>\n\t\t\t\t<\/div>\n\t\t\t\t<div class=\"elementor-element elementor-element-2b2a4c8 elementor-widget elementor-widget-text-editor\" data-id=\"2b2a4c8\" data-element_type=\"widget\" data-widget_type=\"text-editor.default\">\n\t\t\t\t<div class=\"elementor-widget-container\">\n\t\t\t\t\t\t\t\t\t<p>L\u2019a\u00e9roport de Calvi Sainte-Catherine vous propose des mesures tarifaires incitatives et un accompagnement marketing et promotionnel personnalis\u00e9 pour faciliter votre arriv\u00e9e et le d\u00e9ploiement de votre activit\u00e9 :<\/p>\t\t\t\t\t\t\t\t<\/div>\n\t\t\t\t<\/div>\n\t\t\t\t<div class=\"elementor-element elementor-element-82139ec elementor-widget elementor-widget-text-editor\" data-id=\"82139ec\" data-element_type=\"widget\" data-widget_type=\"text-editor.default\">\n\t\t\t\t<div class=\"elementor-widget-container\">\n\t\t\t\t\t\t\t\t\t<ul style=\"font-size: 16px;background-color: #ffffff\"><li style=\"font-size: 16px\">Les incitations tarifaires au d\u00e9veloppement sont disponibles dans la brochure ci-dessous :<\/li><\/ul>\t\t\t\t\t\t\t\t<\/div>\n\t\t\t\t<\/div>\n\t\t\t\t<div class=\"elementor-element elementor-element-def720e elementor-align-center elementor-widget elementor-widget-button\" data-id=\"def720e\" data-element_type=\"widget\" data-widget_type=\"button.default\">\n\t\t\t\t<div class=\"elementor-widget-container\">\n\t\t\t\t\t\t\t\t\t<div class=\"elementor-button-wrapper\">\n\t\t\t\t\t<a class=\"elementor-button elementor-size-sm\" role=\"button\">\n\t\t\t\t\t\t<span class=\"elementor-button-content-wrapper\">\n\t\t\t\t\t\t\t\t\t<span class=\"elementor-button-text\">Mesures incitatives : Brochure en cours d'\u00e9laboration<\/span>\n\t\t\t\t\t<\/span>\n\t\t\t\t\t<\/a>\n\t\t\t\t<\/div>\n\t\t\t\t\t\t\t\t<\/div>\n\t\t\t\t<\/div>\n\t\t\t\t<div class=\"elementor-element elementor-element-80107db elementor-widget elementor-widget-text-editor\" data-id=\"80107db\" data-element_type=\"widget\" data-widget_type=\"text-editor.default\">\n\t\t\t\t<div class=\"elementor-widget-container\">\n\t\t\t\t\t\t\t\t\t<ul style=\"font-size: 16px;background-color: #ffffff\"><li style=\"font-size: 16px\"><p><span style=\"color: var( --e-global-color-text );font-family: var( --e-global-typography-text-font-family ), Sans-serif;font-size: var( --e-global-typography-text-font-size );font-weight: var( --e-global-typography-text-font-weight );text-align: var(--text-align)\">Concernant le soutien marketing personnalis\u00e9, n\u2019h\u00e9sitez pas \u00e0 prendre contact avec l\u2019\u00e9quipe Marketing &amp; d\u00e9veloppement commercial :\u00a0<\/span><span style=\"font-family: var( --e-global-typography-text-font-family ), Sans-serif;text-align: var(--text-align)\"><a href=\"mailto:c.boquel@bastia.aeroport.fr\">c.boquel@bastia.aeroport.fr<\/a>\u00a0<\/span><\/p><\/li><\/ul>\t\t\t\t\t\t\t\t<\/div>\n\t\t\t\t<\/div>\n\t\t\t\t<div class=\"elementor-element elementor-element-85a8f3b elementor-widget elementor-widget-spacer\" data-id=\"85a8f3b\" data-element_type=\"widget\" data-widget_type=\"spacer.default\">\n\t\t\t\t<div class=\"elementor-widget-container\">\n\t\t\t\t\t\t\t<div class=\"elementor-spacer\">\n\t\t\t<div class=\"elementor-spacer-inner\"><\/div>\n\t\t<\/div>\n\t\t\t\t\t\t<\/div>\n\t\t\t\t<\/div>\n\t\t\t\t\t<\/div>\n\t\t\t\t<\/div>\n\t\t\t\t\t<\/div>\n\t\t\t\t<\/div>\n\t\t\t\t<\/div>","protected":false},"excerpt":{"rendered":"<p>Vous \u00eates une compagnie a\u00e9rienne ou un tour-op\u00e9rateur et vous souhaitez : Accrocher Calvi \u00e0 votre r\u00e9seau de lignes, une nouvelle destination d\u2019exception en M\u00e9diterran\u00e9e \u00e0 proposer \u00e0 vos clients ? \u00c9toffer votre offre existante au d\u00e9part de l\u2019a\u00e9roport de Calvi ? L\u2019a\u00e9roport de Calvi Sainte-Catherine vous propose des mesures tarifaires incitatives et un accompagnement [&hellip;]<\/p>\n","protected":false},"author":4,"featured_media":0,"parent":0,"menu_order":0,"comment_status":"closed","ping_status":"closed","template":"","meta":{"_acf_changed":false,"_seopress_robots_primary_cat":"","_seopress_titles_title":"","_seopress_titles_desc":"","_seopress_robots_index":"","footnotes":""},"type-de-page":[6],"class_list":["post-1055","page","type-page","status-publish","hentry","type-de-page-page-sans-image"],"acf":[],"_links":{"self":[{"href":"https:\/\/calvi-aeroport.cci.corsica\/en\/wp-json\/wp\/v2\/pages\/1055","targetHints":{"allow":["GET"]}}],"collection":[{"href":"https:\/\/calvi-aeroport.cci.corsica\/en\/wp-json\/wp\/v2\/pages"}],"about":[{"href":"https:\/\/calvi-aeroport.cci.corsica\/en\/wp-json\/wp\/v2\/types\/page"}],"author":[{"embeddable":true,"href":"https:\/\/calvi-aeroport.cci.corsica\/en\/wp-json\/wp\/v2\/users\/4"}],"replies":[{"embeddable":true,"href":"https:\/\/calvi-aeroport.cci.corsica\/en\/wp-json\/wp\/v2\/comments?post=1055"}],"version-history":[{"count":16,"href":"https:\/\/calvi-aeroport.cci.corsica\/en\/wp-json\/wp\/v2\/pages\/1055\/revisions"}],"predecessor-version":[{"id":2095,"href":"https:\/\/calvi-aeroport.cci.corsica\/en\/wp-json\/wp\/v2\/pages\/1055\/revisions\/2095"}],"wp:attachment":[{"href":"https:\/\/calvi-aeroport.cci.corsica\/en\/wp-json\/wp\/v2\/media?parent=1055"}],"wp:term":[{"taxonomy":"type-de-page","embeddable":true,"href":"https:\/\/calvi-aeroport.cci.corsica\/en\/wp-json\/wp\/v2\/type-de-page?post=1055"}],"curies":[{"name":"wp","href":"https:\/\/api.w.org\/{rel}","templated":true}]}}